{"id":479012,"date":"2022-06-10T02:39:31","date_gmt":"2022-06-10T00:39:31","guid":{"rendered":"https:\/\/lucacastelli.com\/?post_type=product&#038;p=479012"},"modified":"2026-03-01T00:26:32","modified_gmt":"2026-02-28T23:26:32","slug":"crazy-aria-damen-pullover","status":"publish","type":"product","link":"https:\/\/lucacastelli.com\/de\/produkt\/crazy-aria-damen-pullover\/","title":{"rendered":"CRAZY ARIA DAMEN PULLOVER"},"content":{"rendered":"<p>Langes Sweatshirt, das den Lifestyle-Stil von Crazy mit den Stoffen kombiniert, die auch f\u00fcr High-Tech-Kleidungsst\u00fccke verwendet werden. Die Verwendung von technischen Stoffen f\u00fcr Produkte aus der Lifestyle-Kollektion ist eine Entscheidung, die uns von allen anderen Marken unterscheidet, um immer dem Komfort ohne Kompromisse zu folgen! Hergestellt aus technischem Hochleistungs- und Transplantatgewebe, das auch f\u00fcr die Bergkollektion verwendet wird. Die gro\u00dfe Kapuze, der teilbare Frontrei\u00dfverschluss, das Gummiband an der Unterseite und die Daumenschlaufe sind bequeme Accessoires, die nicht nur eine \u00e4sthetische Funktion haben.   <\/p>\n<p>Bequeme Kapuze mit elastischem<br \/>\nMikrofaserrand Vollst\u00e4ndig zu \u00f6ffnender<br \/>\nFrontrei\u00dfverschluss \u00c4rmelboden mit Daumenschlaufen<\/p>\n","protected":false},"excerpt":{"rendered":"<p>Langes Sweatshirt, das den Lifestyle-Stil von Crazy mit den Stoffen kombiniert, die auch f\u00fcr High-Tech-Kleidungsst\u00fccke verwendet werden. Die Verwendung von<\/p>\n","protected":false},"featured_media":63409,"template":"","meta":{"_seopress_robots_primary_cat":"","_seopress_titles_title":"","_seopress_titles_desc":"","_seopress_robots_index":""},"product_brand":[3614],"product_cat":[82,974,1388],"product_tag":[],"class_list":{"0":"post-479012","1":"product","2":"type-product","3":"status-publish","4":"has-post-thumbnail","6":"product_brand-crazy-de","7":"product_cat-kleidung","8":"product_cat-freizeitkleidung","9":"product_cat-damenbekleidung","10":"sws-gruppo-abb-libero-de","11":"sws-conto-ricavi-merci-rivendita-abbigliamento-de","12":"sws-gruppo-iva-iva81-de","14":"first","15":"instock","16":"sale","17":"shipping-taxable","18":"product-type-variable"},"_links":{"self":[{"href":"https:\/\/lucacastelli.com\/de\/wp-json\/wp\/v2\/product\/479012","targetHints":{"allow":["GET"]}}],"collection":[{"href":"https:\/\/lucacastelli.com\/de\/wp-json\/wp\/v2\/product"}],"about":[{"href":"https:\/\/lucacastelli.com\/de\/wp-json\/wp\/v2\/types\/product"}],"wp:featuredmedia":[{"embeddable":true,"href":"https:\/\/lucacastelli.com\/de\/wp-json\/wp\/v2\/media\/63409"}],"wp:attachment":[{"href":"https:\/\/lucacastelli.com\/de\/wp-json\/wp\/v2\/media?parent=479012"}],"wp:term":[{"taxonomy":"product_brand","embeddable":true,"href":"https:\/\/lucacastelli.com\/de\/wp-json\/wp\/v2\/product_brand?post=479012"},{"taxonomy":"product_cat","embeddable":true,"href":"https:\/\/lucacastelli.com\/de\/wp-json\/wp\/v2\/product_cat?post=479012"},{"taxonomy":"product_tag","embeddable":true,"href":"https:\/\/lucacastelli.com\/de\/wp-json\/wp\/v2\/product_tag?post=479012"}],"curies":[{"name":"wp","href":"https:\/\/api.w.org\/{rel}","templated":true}]}}