{"id":479004,"date":"2025-04-07T16:53:00","date_gmt":"2025-04-07T14:53:00","guid":{"rendered":"https:\/\/lucacastelli.com\/prodotto\/crazy-shirt-logo\/"},"modified":"2026-04-15T00:01:37","modified_gmt":"2026-04-14T22:01:37","slug":"crazy-shirt-logo","status":"publish","type":"product","link":"https:\/\/lucacastelli.com\/de\/produkt\/crazy-shirt-logo\/","title":{"rendered":"CRAZY SHIRT-LOGO"},"content":{"rendered":"<p>Wir stellen Ihnen das neue T-Shirt aus unserer Winterkollektion vor, das aus einem Stoff hergestellt wird, der au\u00dfergew\u00f6hnliche Leistung mit unglaublicher Weichheit und Komfort auf der Haut verbindet: eine einzigartige Mischung aus Kaschmir und Tencel.<br \/>\nDank dieses Gewebes treffen die unvergleichliche W\u00e4rme und das luxuri\u00f6se Gef\u00fchl von Kaschmir auf die technischen Vorteile von Tencel und bieten Atmungsaktivit\u00e4t, Geruchsresistenz und schnell trocknende Eigenschaften.<br \/>\nDieses Logo-T-Shirt eignet sich perfekt f\u00fcr den Alltag als warmes und kuscheliges T-Shirt oder als kurz\u00e4rmelige technische Basisschicht bei k\u00f6rperlicher Aktivit\u00e4t.<br \/>\nEin elegantes und \u00e4u\u00dferst vielseitiges Produkt!<\/p>\n<p>\u2022 Weicher und angenehmer Stoff, eine Mischung aus Kaschmir und Tencel<br \/>\n\u2022 Siebdrucke<\/p>\n<p>GEWICHT: 110 gr<\/p>\n","protected":false},"excerpt":{"rendered":"<p>Wir stellen Ihnen das neue T-Shirt aus unserer Winterkollektion vor, das aus einem Stoff hergestellt wird, der au\u00dfergew\u00f6hnliche Leistung mit<\/p>\n","protected":false},"featured_media":404225,"template":"","meta":{"_seopress_robots_primary_cat":"","_seopress_titles_title":"","_seopress_titles_desc":"","_seopress_robots_index":""},"product_brand":[3614],"product_cat":[974,975,82],"product_tag":[],"class_list":{"0":"post-479004","1":"product","2":"type-product","3":"status-publish","4":"has-post-thumbnail","6":"product_brand-crazy-de","7":"product_cat-freizeitkleidung","8":"product_cat-herrenbekleidung","9":"product_cat-kleidung","10":"sws-gruppo-abb-libero-de","11":"sws-conto-ricavi-merci-rivendita-abbigliamento-de","12":"sws-gruppo-iva-iva81-de","14":"first","15":"instock","16":"sale","17":"shipping-taxable","18":"purchasable","19":"product-type-variable"},"_links":{"self":[{"href":"https:\/\/lucacastelli.com\/de\/wp-json\/wp\/v2\/product\/479004","targetHints":{"allow":["GET"]}}],"collection":[{"href":"https:\/\/lucacastelli.com\/de\/wp-json\/wp\/v2\/product"}],"about":[{"href":"https:\/\/lucacastelli.com\/de\/wp-json\/wp\/v2\/types\/product"}],"wp:featuredmedia":[{"embeddable":true,"href":"https:\/\/lucacastelli.com\/de\/wp-json\/wp\/v2\/media\/404225"}],"wp:attachment":[{"href":"https:\/\/lucacastelli.com\/de\/wp-json\/wp\/v2\/media?parent=479004"}],"wp:term":[{"taxonomy":"product_brand","embeddable":true,"href":"https:\/\/lucacastelli.com\/de\/wp-json\/wp\/v2\/product_brand?post=479004"},{"taxonomy":"product_cat","embeddable":true,"href":"https:\/\/lucacastelli.com\/de\/wp-json\/wp\/v2\/product_cat?post=479004"},{"taxonomy":"product_tag","embeddable":true,"href":"https:\/\/lucacastelli.com\/de\/wp-json\/wp\/v2\/product_tag?post=479004"}],"curies":[{"name":"wp","href":"https:\/\/api.w.org\/{rel}","templated":true}]}}