{"id":478989,"date":"2022-06-09T17:31:08","date_gmt":"2022-06-09T15:31:08","guid":{"rendered":"https:\/\/lucacastelli.com\/?post_type=product&#038;p=478989"},"modified":"2026-03-01T00:26:32","modified_gmt":"2026-02-28T23:26:32","slug":"crazy-pacman-visier","status":"publish","type":"product","link":"https:\/\/lucacastelli.com\/de\/produkt\/crazy-pacman-visier\/","title":{"rendered":"CRAZY PACMAN VISIER"},"content":{"rendered":"<p>Leichtes, atmungsaktives Mesh-Visier f\u00fcr das Laufen, voll elastisch. Visier mit stark komprimierbaren Mikrol\u00f6chern. Reflektierende Logos und Eins\u00e4tze und schnell trocknend.  <\/p>\n<p>Atmungsaktives<br \/>\nMesh-Gewebe Halbstarres Visier mit komprimierbaren<br \/>\nMikrol\u00f6chern Schnell trocknend<br \/>\nReflektierende Logos und Eins\u00e4tze<\/p>\n","protected":false},"excerpt":{"rendered":"<p>Leichtes, atmungsaktives Mesh-Visier f\u00fcr das Laufen, voll elastisch. Visier mit stark komprimierbaren Mikrol\u00f6chern. Reflektierende Logos und Eins\u00e4tze und schnell trocknend.<\/p>\n","protected":false},"featured_media":63201,"template":"","meta":{"_seopress_robots_primary_cat":"","_seopress_titles_title":"","_seopress_titles_desc":"","_seopress_robots_index":""},"product_brand":[3614],"product_cat":[82,1391],"product_tag":[],"class_list":{"0":"post-478989","1":"product","2":"type-product","3":"status-publish","4":"has-post-thumbnail","6":"product_brand-crazy-de","7":"product_cat-kleidung","8":"product_cat-bekleidungs-accessoires","9":"sws-gruppo-abb-libero-de","10":"sws-conto-ricavi-merci-rivendita-abbigliamento-de","11":"sws-gruppo-iva-iva81-de","13":"first","14":"instock","15":"shipping-taxable","16":"purchasable","17":"product-type-variable"},"_links":{"self":[{"href":"https:\/\/lucacastelli.com\/de\/wp-json\/wp\/v2\/product\/478989","targetHints":{"allow":["GET"]}}],"collection":[{"href":"https:\/\/lucacastelli.com\/de\/wp-json\/wp\/v2\/product"}],"about":[{"href":"https:\/\/lucacastelli.com\/de\/wp-json\/wp\/v2\/types\/product"}],"wp:featuredmedia":[{"embeddable":true,"href":"https:\/\/lucacastelli.com\/de\/wp-json\/wp\/v2\/media\/63201"}],"wp:attachment":[{"href":"https:\/\/lucacastelli.com\/de\/wp-json\/wp\/v2\/media?parent=478989"}],"wp:term":[{"taxonomy":"product_brand","embeddable":true,"href":"https:\/\/lucacastelli.com\/de\/wp-json\/wp\/v2\/product_brand?post=478989"},{"taxonomy":"product_cat","embeddable":true,"href":"https:\/\/lucacastelli.com\/de\/wp-json\/wp\/v2\/product_cat?post=478989"},{"taxonomy":"product_tag","embeddable":true,"href":"https:\/\/lucacastelli.com\/de\/wp-json\/wp\/v2\/product_tag?post=478989"}],"curies":[{"name":"wp","href":"https:\/\/api.w.org\/{rel}","templated":true}]}}