{"id":478963,"date":"2025-04-07T16:53:00","date_gmt":"2025-04-07T14:53:00","guid":{"rendered":"https:\/\/lucacastelli.com\/prodotto\/crazy-leggings-suess\/"},"modified":"2026-03-01T00:25:45","modified_gmt":"2026-02-28T23:25:45","slug":"crazy-leggings-suess","status":"publish","type":"product","link":"https:\/\/lucacastelli.com\/de\/produkt\/crazy-leggings-suess\/","title":{"rendered":"CRAZY LEGGINGS S\u00dcSS"},"content":{"rendered":"<p>Unglaublich bequeme, stylische und dehnbare Leggings!<br \/>\nDie Revolution dieses Produkts ist die Verwendung eines \u00fcberlegenen Gewebes, das urspr\u00fcnglich f\u00fcr den Langstreckenradsport entwickelt wurde und die Elastizit\u00e4t auch bei st\u00e4ndiger Belastung des Knies \u00fcber lange Zeit beibeh\u00e4lt. Es handelt sich um ein extrem elastisches italienisches Gewebe mit einer superweichen Innenbeschichtung und einer glatten, wasserabweisenden Au\u00dfenseite.<br \/>\nDas Design ist sorgf\u00e4ltig ausgearbeitet, mit Schnitten, die die Silhouette und die feminine Form betonen und sich perfekt unter einem technischen Rock oder sogar einer langen Jacke wie unserem Wonder Magic Shell Parka tragen lassen.<br \/>\nDer hohe Bund h\u00e4lt den Bauchbereich warm, und an den Oberschenkeln befinden sich zwei unsichtbare Taschen mit Anti-Flip-Verschl\u00fcssen, in denen ein Telefon oder andere kleine Gegenst\u00e4nde Platz finden. <\/p>\n<p>\u2022 Italienischer Stoff mit weicher Innenverarbeitung<br \/>\nund glatter, wasserabweisender<br \/>\n Au\u00dfenseite\u2022 Zwei unsichtbare Taillentaschen mit Anti-Flip-Verschluss<\/p>\n<p>GEWICHT: 203 gr<\/p>\n","protected":false},"excerpt":{"rendered":"<p>Unglaublich bequeme, stylische und dehnbare Leggings! Die Revolution dieses Produkts ist die Verwendung eines \u00fcberlegenen Gewebes, das urspr\u00fcnglich f\u00fcr den<\/p>\n","protected":false},"featured_media":404169,"template":"","meta":{"_seopress_robots_primary_cat":"","_seopress_titles_title":"","_seopress_titles_desc":"","_seopress_robots_index":""},"product_brand":[3413],"product_cat":[21,189,200],"product_tag":[],"class_list":{"0":"post-478963","1":"product","2":"type-product","3":"status-publish","4":"has-post-thumbnail","6":"product_brand-crazy","7":"product_cat-abbigliamento","8":"product_cat-abbigliamento-per-il-tempo-libero","9":"product_cat-abbigliamento-da-donna","10":"sws-gruppo-abb-libero-de","11":"sws-conto-ricavi-merci-rivendita-abbigliamento-de","12":"sws-gruppo-iva-iva81-de","14":"first","15":"instock","16":"shipping-taxable","17":"purchasable","18":"product-type-variable"},"_links":{"self":[{"href":"https:\/\/lucacastelli.com\/de\/wp-json\/wp\/v2\/product\/478963","targetHints":{"allow":["GET"]}}],"collection":[{"href":"https:\/\/lucacastelli.com\/de\/wp-json\/wp\/v2\/product"}],"about":[{"href":"https:\/\/lucacastelli.com\/de\/wp-json\/wp\/v2\/types\/product"}],"wp:featuredmedia":[{"embeddable":true,"href":"https:\/\/lucacastelli.com\/de\/wp-json\/wp\/v2\/media\/404169"}],"wp:attachment":[{"href":"https:\/\/lucacastelli.com\/de\/wp-json\/wp\/v2\/media?parent=478963"}],"wp:term":[{"taxonomy":"product_brand","embeddable":true,"href":"https:\/\/lucacastelli.com\/de\/wp-json\/wp\/v2\/product_brand?post=478963"},{"taxonomy":"product_cat","embeddable":true,"href":"https:\/\/lucacastelli.com\/de\/wp-json\/wp\/v2\/product_cat?post=478963"},{"taxonomy":"product_tag","embeddable":true,"href":"https:\/\/lucacastelli.com\/de\/wp-json\/wp\/v2\/product_tag?post=478963"}],"curies":[{"name":"wp","href":"https:\/\/api.w.org\/{rel}","templated":true}]}}