{"id":478949,"date":"2025-04-07T16:53:00","date_gmt":"2025-04-07T14:53:00","guid":{"rendered":"https:\/\/lucacastelli.com\/prodotto\/crazy-pant-ausgang\/"},"modified":"2026-04-15T00:01:35","modified_gmt":"2026-04-14T22:01:35","slug":"crazy-pant-ausgang","status":"publish","type":"product","link":"https:\/\/lucacastelli.com\/de\/produkt\/crazy-pant-ausgang\/","title":{"rendered":"CRAZY PANT AUSGANG"},"content":{"rendered":"<p>Atmungsaktive Thermohose, die Komfort und femininen Stil in Einklang bringt. Ein Kleidungsst\u00fcck, das dank seiner au\u00dfergew\u00f6hnlichen Passform als &#8220;Mountain Shapewear&#8221; bezeichnet wird.<br \/>\nDiese Eigenschaften machen unsere Exit-Hose ideal f\u00fcr viele Outdoor-Aktivit\u00e4ten und weit verbreitet im Fitnessstudio oder f\u00fcr einen Tag in der Stadt, wenn der sch\u00fctzende Komfort einer technischen Hose auch sehr willkommen ist!<br \/>\nSie sind aus Vuelta gefertigt, dem weichen Fleece made in Italy. Neben dem breiten und bequemen Bund ist die Hose mit &#8220;Easy Pockets&#8221; an beiden Oberschenkeln und \u00c4rmelb\u00fcndchen an den Bein\u00f6ffnungen ausgestattet. <\/p>\n<p>\u2022 Mountain Shapewear<br \/>\n\u2022 Bequemer elastischer<br \/>\n Bund\u2022 &#8220;Easy Pockets&#8221; an beiden Oberschenkeln<br \/>\n\u2022 Reflektierende Logos<\/p>\n<p>GEWICHT: 280 gr<\/p>\n","protected":false},"excerpt":{"rendered":"<p>Atmungsaktive Thermohose, die Komfort und femininen Stil in Einklang bringt. Ein Kleidungsst\u00fcck, das dank seiner au\u00dfergew\u00f6hnlichen Passform als &#8220;Mountain Shapewear&#8221;<\/p>\n","protected":false},"featured_media":404162,"template":"","meta":{"_seopress_robots_primary_cat":"","_seopress_titles_title":"","_seopress_titles_desc":"","_seopress_robots_index":""},"product_brand":[3614],"product_cat":[1388,974,82],"product_tag":[],"class_list":{"0":"post-478949","1":"product","2":"type-product","3":"status-publish","4":"has-post-thumbnail","6":"product_brand-crazy-de","7":"product_cat-damenbekleidung","8":"product_cat-freizeitkleidung","9":"product_cat-kleidung","10":"sws-gruppo-abb-libero-de","11":"sws-conto-ricavi-merci-rivendita-abbigliamento-de","12":"sws-gruppo-iva-iva81-de","14":"first","15":"instock","16":"sale","17":"shipping-taxable","18":"purchasable","19":"product-type-variable"},"_links":{"self":[{"href":"https:\/\/lucacastelli.com\/de\/wp-json\/wp\/v2\/product\/478949","targetHints":{"allow":["GET"]}}],"collection":[{"href":"https:\/\/lucacastelli.com\/de\/wp-json\/wp\/v2\/product"}],"about":[{"href":"https:\/\/lucacastelli.com\/de\/wp-json\/wp\/v2\/types\/product"}],"wp:featuredmedia":[{"embeddable":true,"href":"https:\/\/lucacastelli.com\/de\/wp-json\/wp\/v2\/media\/404162"}],"wp:attachment":[{"href":"https:\/\/lucacastelli.com\/de\/wp-json\/wp\/v2\/media?parent=478949"}],"wp:term":[{"taxonomy":"product_brand","embeddable":true,"href":"https:\/\/lucacastelli.com\/de\/wp-json\/wp\/v2\/product_brand?post=478949"},{"taxonomy":"product_cat","embeddable":true,"href":"https:\/\/lucacastelli.com\/de\/wp-json\/wp\/v2\/product_cat?post=478949"},{"taxonomy":"product_tag","embeddable":true,"href":"https:\/\/lucacastelli.com\/de\/wp-json\/wp\/v2\/product_tag?post=478949"}],"curies":[{"name":"wp","href":"https:\/\/api.w.org\/{rel}","templated":true}]}}