{"id":478895,"date":"2025-04-07T16:53:00","date_gmt":"2025-04-07T14:53:00","guid":{"rendered":"https:\/\/lucacastelli.com\/prodotto\/crazy-jkt-boosted-proof-3l-damen\/"},"modified":"2026-04-15T00:01:42","modified_gmt":"2026-04-14T22:01:42","slug":"crazy-jkt-boosted-proof-3l-damen","status":"publish","type":"product","link":"https:\/\/lucacastelli.com\/de\/produkt\/crazy-jkt-boosted-proof-3l-damen\/","title":{"rendered":"CRAZY JKT BOOSTED PROOF 3L WOMAN"},"content":{"rendered":"<p>Dreilagige Hardshell-Jacke, komplett wasserdicht mit verschwei\u00dften N\u00e4hten. Eine der leichtesten und am kleinsten packbaren Jacken ihrer Kategorie, im lebendigen und farbenfrohen CRAZY-Stil!<br \/>\nIm Gegensatz zu anderen Hardshells auf dem Markt ist die Jkt Boosted Proof dank ihres Full-Stretch-Gewebes, des leichten Designs und der bewegungsoptimierten Konstruktion f\u00fcr hochintensive Aktivit\u00e4ten konzipiert. Die Wasserdichtigkeit wird durch das exzellente<br \/>\nDermizax-Gewebe mit einer Wassers\u00e4ule von 20K mm und verschwei\u00dften N\u00e4hten gew\u00e4hrleistet. Die Atmungsaktivit\u00e4t wird durch das exklusive Shark<br \/>\nVents-System von CRAZY verbessert: umgekehrte Bel\u00fcftungs\u00f6ffnungen, die eine Luftzirkulation erm\u00f6glichen, aber das Eindringen von Wasser verhindern, sodass Feuchtigkeit entweichen kann, w\u00e4hrend der volle wasserdichte Schutz erhalten bleibt.  <\/p>\n<p>\u2022 Regenjacke mit 20k mm Wassers\u00e4ule, komplett verschwei\u00dft<br \/>\n\u2022 Wasserdichter Rei\u00dfverschluss mit Magnet-Slider f\u00fcr einfache Bedienung, auch mit Handschuhen<br \/>\n\u2022 Ergonomische Kapuze mit halbstarrem Schirm und elastischem Rand<br \/>\n\u2022 Zwei Brusttaschen mit wasserdichten Rei\u00dfverschl\u00fcssen<br \/>\n\u2022 Flachn\u00e4hte in Kontrastfarbe<br \/>\n\u2022 In der inneren Netztasche verstaubar<br \/>\n\u2022 Verstellbarer Saum und \u00c4rmelb\u00fcndchen<br \/>\n\u2022 Reflektierende Logos<br \/>\n\u2022 R\u00fcckeneinsatz f\u00fcr mehr Bewegungsfreiheit<\/p>\n<p>PESO: 300 gr<\/p>\n","protected":false},"excerpt":{"rendered":"<p>Dreilagige Hardshell-Jacke, komplett wasserdicht mit verschwei\u00dften N\u00e4hten. Eine der leichtesten und am kleinsten packbaren Jacken ihrer Kategorie, im lebendigen und<\/p>\n","protected":false},"featured_media":403988,"template":"","meta":{"_seopress_robots_primary_cat":"none","_seopress_titles_title":"","_seopress_titles_desc":"","_seopress_robots_index":""},"product_brand":[3614],"product_cat":[82,974,1388],"product_tag":[],"class_list":{"0":"post-478895","1":"product","2":"type-product","3":"status-publish","4":"has-post-thumbnail","6":"product_brand-crazy-de","7":"product_cat-kleidung","8":"product_cat-freizeitkleidung","9":"product_cat-damenbekleidung","10":"sws-gruppo-abb-libero-de","11":"sws-conto-ricavi-merci-rivendita-abbigliamento-de","12":"sws-gruppo-iva-iva81-de","14":"first","15":"instock","16":"sale","17":"shipping-taxable","18":"purchasable","19":"product-type-variable"},"_links":{"self":[{"href":"https:\/\/lucacastelli.com\/de\/wp-json\/wp\/v2\/product\/478895","targetHints":{"allow":["GET"]}}],"collection":[{"href":"https:\/\/lucacastelli.com\/de\/wp-json\/wp\/v2\/product"}],"about":[{"href":"https:\/\/lucacastelli.com\/de\/wp-json\/wp\/v2\/types\/product"}],"wp:featuredmedia":[{"embeddable":true,"href":"https:\/\/lucacastelli.com\/de\/wp-json\/wp\/v2\/media\/403988"}],"wp:attachment":[{"href":"https:\/\/lucacastelli.com\/de\/wp-json\/wp\/v2\/media?parent=478895"}],"wp:term":[{"taxonomy":"product_brand","embeddable":true,"href":"https:\/\/lucacastelli.com\/de\/wp-json\/wp\/v2\/product_brand?post=478895"},{"taxonomy":"product_cat","embeddable":true,"href":"https:\/\/lucacastelli.com\/de\/wp-json\/wp\/v2\/product_cat?post=478895"},{"taxonomy":"product_tag","embeddable":true,"href":"https:\/\/lucacastelli.com\/de\/wp-json\/wp\/v2\/product_tag?post=478895"}],"curies":[{"name":"wp","href":"https:\/\/api.w.org\/{rel}","templated":true}]}}