{"id":478883,"date":"2025-04-07T16:53:00","date_gmt":"2025-04-07T14:53:00","guid":{"rendered":"https:\/\/lucacastelli.com\/prodotto\/crazy-hemd-lumberjane\/"},"modified":"2026-03-01T00:25:52","modified_gmt":"2026-02-28T23:25:52","slug":"crazy-hemd-lumberjane","status":"publish","type":"product","link":"https:\/\/lucacastelli.com\/de\/produkt\/crazy-hemd-lumberjane\/","title":{"rendered":"CRAZY HEMD LUMBERJANE"},"content":{"rendered":"<p>Eine brandneue (und stilvolle) Erg\u00e4nzung der Damenkollektion von Crazy!<br \/>\nDas Lumberjane-Hemd kombiniert einen modischen &#8220;urbanen&#8221; Stil mit fortschrittlicher technischer Leistung und einer femininen Passform.<br \/>\nDieses Hemd erinnert an den klassischen Fl-Ring, besteht aber aus einem hochwertigen technischen Gewebe, das vollst\u00e4ndig bedruckt und sichtbar ist.<br \/>\nMerino Plus-Gewebe, eine revolution\u00e4re Mischung aus Merinowolle und synthetischen Fasern der n\u00e4chsten Generation, garantiert maximale Leistung und Atmungsaktivit\u00e4t.<br \/>\nDetails wie Druckkn\u00f6pfe und elastische B\u00fcndchen machen es zu einem wirklich einzigartigen Kleidungsst\u00fcck auf dem Markt, perfekt f\u00fcr Skitouren und all Ihre Outdoor-Abenteuer.<\/p>\n<p>&nbsp;<\/p>\n<p>\u2022 Brusttaschen<br \/>\n\u2022 Druckknopfverschluss<br \/>\n\u2022 Elastische<br \/>\n \u00c4rmelb\u00fcndchen\u2022 Dehnbares und vollst\u00e4ndig bedrucktes technisches Merino Plus-Gewebe.<\/p>\n<p>GEWICHT: 200 g<\/p>\n","protected":false},"excerpt":{"rendered":"<p>Eine brandneue (und stilvolle) Erg\u00e4nzung der Damenkollektion von Crazy! Das Lumberjane-Hemd kombiniert einen modischen &#8220;urbanen&#8221; Stil mit fortschrittlicher technischer Leistung<\/p>\n","protected":false},"featured_media":403977,"template":"","meta":{"_seopress_robots_primary_cat":"","_seopress_titles_title":"","_seopress_titles_desc":"","_seopress_robots_index":""},"product_brand":[3413],"product_cat":[21,189,200],"product_tag":[],"class_list":{"0":"post-478883","1":"product","2":"type-product","3":"status-publish","4":"has-post-thumbnail","6":"product_brand-crazy","7":"product_cat-abbigliamento","8":"product_cat-abbigliamento-per-il-tempo-libero","9":"product_cat-abbigliamento-da-donna","10":"sws-gruppo-abb-libero-de","11":"sws-conto-ricavi-merci-rivendita-abbigliamento-de","12":"sws-gruppo-iva-iva81-de","14":"first","15":"instock","16":"sale","17":"shipping-taxable","18":"product-type-variable"},"_links":{"self":[{"href":"https:\/\/lucacastelli.com\/de\/wp-json\/wp\/v2\/product\/478883","targetHints":{"allow":["GET"]}}],"collection":[{"href":"https:\/\/lucacastelli.com\/de\/wp-json\/wp\/v2\/product"}],"about":[{"href":"https:\/\/lucacastelli.com\/de\/wp-json\/wp\/v2\/types\/product"}],"wp:featuredmedia":[{"embeddable":true,"href":"https:\/\/lucacastelli.com\/de\/wp-json\/wp\/v2\/media\/403977"}],"wp:attachment":[{"href":"https:\/\/lucacastelli.com\/de\/wp-json\/wp\/v2\/media?parent=478883"}],"wp:term":[{"taxonomy":"product_brand","embeddable":true,"href":"https:\/\/lucacastelli.com\/de\/wp-json\/wp\/v2\/product_brand?post=478883"},{"taxonomy":"product_cat","embeddable":true,"href":"https:\/\/lucacastelli.com\/de\/wp-json\/wp\/v2\/product_cat?post=478883"},{"taxonomy":"product_tag","embeddable":true,"href":"https:\/\/lucacastelli.com\/de\/wp-json\/wp\/v2\/product_tag?post=478883"}],"curies":[{"name":"wp","href":"https:\/\/api.w.org\/{rel}","templated":true}]}}