{"id":478875,"date":"2025-04-07T16:53:00","date_gmt":"2025-04-07T16:53:00","guid":{"rendered":"https:\/\/lucacastelli.com\/prodotto\/crazy-cap-bro-selfie\/"},"modified":"2026-04-17T23:28:16","modified_gmt":"2026-04-17T21:28:16","slug":"crazy-cap-bro-selfie","status":"publish","type":"product","link":"https:\/\/lucacastelli.com\/de\/produkt\/crazy-cap-bro-selfie\/","title":{"rendered":"CRAZY CAP BRO SELFIE"},"content":{"rendered":"<p>Zeitgen\u00f6ssischer Stil und technische Funktionalit\u00e4t f\u00fcr eine Baseballkappe, bei der l\u00e4ssiger Look auf technische Konstruktion trifft, um die Vielfalt der in unserer Kollektion verwendeten Stoffe voll auszusch\u00f6pfen, von den technischsten bis zu denen der Lifestyle-Linie.<\/p>\n<p>GEWICHT: 47 g<\/p>\n","protected":false},"excerpt":{"rendered":"<p>Zeitgen\u00f6ssischer Stil und technische Funktionalit\u00e4t f\u00fcr eine Baseballkappe, bei der l\u00e4ssiger Look auf technische Konstruktion trifft, um die Vielfalt der<\/p>\n","protected":false},"featured_media":403955,"template":"","meta":{"_seopress_robots_primary_cat":"","_seopress_titles_title":"","_seopress_titles_desc":"","_seopress_robots_index":""},"product_brand":[3614],"product_cat":[82,1391],"product_tag":[],"class_list":{"0":"post-478875","1":"product","2":"type-product","3":"status-publish","4":"has-post-thumbnail","6":"product_brand-crazy-de","7":"product_cat-kleidung","8":"product_cat-bekleidungs-accessoires","9":"sws-gruppo-abb-libero-de","10":"sws-conto-ricavi-merci-rivendita-abbigliamento-de","11":"sws-gruppo-iva-iva81-de","13":"first","14":"instock","15":"sale","16":"shipping-taxable","17":"purchasable","18":"product-type-simple"},"_links":{"self":[{"href":"https:\/\/lucacastelli.com\/de\/wp-json\/wp\/v2\/product\/478875","targetHints":{"allow":["GET"]}}],"collection":[{"href":"https:\/\/lucacastelli.com\/de\/wp-json\/wp\/v2\/product"}],"about":[{"href":"https:\/\/lucacastelli.com\/de\/wp-json\/wp\/v2\/types\/product"}],"wp:featuredmedia":[{"embeddable":true,"href":"https:\/\/lucacastelli.com\/de\/wp-json\/wp\/v2\/media\/403955"}],"wp:attachment":[{"href":"https:\/\/lucacastelli.com\/de\/wp-json\/wp\/v2\/media?parent=478875"}],"wp:term":[{"taxonomy":"product_brand","embeddable":true,"href":"https:\/\/lucacastelli.com\/de\/wp-json\/wp\/v2\/product_brand?post=478875"},{"taxonomy":"product_cat","embeddable":true,"href":"https:\/\/lucacastelli.com\/de\/wp-json\/wp\/v2\/product_cat?post=478875"},{"taxonomy":"product_tag","embeddable":true,"href":"https:\/\/lucacastelli.com\/de\/wp-json\/wp\/v2\/product_tag?post=478875"}],"curies":[{"name":"wp","href":"https:\/\/api.w.org\/{rel}","templated":true}]}}