{"id":478871,"date":"2025-04-07T16:53:00","date_gmt":"2025-04-07T16:53:00","guid":{"rendered":"https:\/\/lucacastelli.com\/prodotto\/crazy-cap-bro-blau-schottisch\/"},"modified":"2026-04-17T23:28:22","modified_gmt":"2026-04-17T21:28:22","slug":"crazy-cap-bro-blau-schottisch","status":"publish","type":"product","link":"https:\/\/lucacastelli.com\/de\/produkt\/crazy-cap-bro-blau-schottisch\/","title":{"rendered":"CRAZY CAP BRO BLUE SCOTTISH"},"content":{"rendered":"<p>Zeitgem\u00e4sser Stil und technische Funktionalit\u00e4t f\u00fcr eine Baseballkappe, bei der Casual-Look auf technische Konstruktion trifft, um die Vielfalt der Stoffe unserer Kollektion \u2013 von hochtechnisch bis Lifestyle \u2013 optimal zu nutzen.<\/p>\n<p>GEWICHT: 47 g<\/p>\n","protected":false},"excerpt":{"rendered":"<p>Zeitgem\u00e4sser Stil und technische Funktionalit\u00e4t f\u00fcr eine Baseballkappe, bei der Casual-Look auf technische Konstruktion trifft, um die Vielfalt der Stoffe<\/p>\n","protected":false},"featured_media":403967,"template":"","meta":{"_seopress_robots_primary_cat":"","_seopress_titles_title":"","_seopress_titles_desc":"","_seopress_robots_index":""},"product_brand":[3614],"product_cat":[82,1391],"product_tag":[],"class_list":{"0":"post-478871","1":"product","2":"type-product","3":"status-publish","4":"has-post-thumbnail","6":"product_brand-crazy-de","7":"product_cat-kleidung","8":"product_cat-bekleidungs-accessoires","9":"sws-gruppo-abb-libero-de","10":"sws-conto-ricavi-merci-rivendita-abbigliamento-de","11":"sws-gruppo-iva-iva81-de","13":"first","14":"instock","15":"sale","16":"shipping-taxable","17":"purchasable","18":"product-type-simple"},"_links":{"self":[{"href":"https:\/\/lucacastelli.com\/de\/wp-json\/wp\/v2\/product\/478871","targetHints":{"allow":["GET"]}}],"collection":[{"href":"https:\/\/lucacastelli.com\/de\/wp-json\/wp\/v2\/product"}],"about":[{"href":"https:\/\/lucacastelli.com\/de\/wp-json\/wp\/v2\/types\/product"}],"wp:featuredmedia":[{"embeddable":true,"href":"https:\/\/lucacastelli.com\/de\/wp-json\/wp\/v2\/media\/403967"}],"wp:attachment":[{"href":"https:\/\/lucacastelli.com\/de\/wp-json\/wp\/v2\/media?parent=478871"}],"wp:term":[{"taxonomy":"product_brand","embeddable":true,"href":"https:\/\/lucacastelli.com\/de\/wp-json\/wp\/v2\/product_brand?post=478871"},{"taxonomy":"product_cat","embeddable":true,"href":"https:\/\/lucacastelli.com\/de\/wp-json\/wp\/v2\/product_cat?post=478871"},{"taxonomy":"product_tag","embeddable":true,"href":"https:\/\/lucacastelli.com\/de\/wp-json\/wp\/v2\/product_tag?post=478871"}],"curies":[{"name":"wp","href":"https:\/\/api.w.org\/{rel}","templated":true}]}}