{"id":478855,"date":"2025-04-07T16:53:00","date_gmt":"2025-04-07T14:53:00","guid":{"rendered":"https:\/\/lucacastelli.com\/prodotto\/crazy-pant-ionic\/"},"modified":"2026-04-15T00:01:42","modified_gmt":"2026-04-14T22:01:42","slug":"crazy-pant-ionic","status":"publish","type":"product","link":"https:\/\/lucacastelli.com\/de\/produkt\/crazy-pant-ionic\/","title":{"rendered":"CRAZY PANT IONIC"},"content":{"rendered":"<p>Die neue Pant Ionic ist die perfekte Berghose, bei der maximale Leistung auf modernen und innovativen Stil trifft, dank des cleanen Looks und der eleganten Passform. Wir haben die Pant Ionic mit einer schlanken, minimalistischen \u00c4sthetik neu gestaltet, ohne dabei auf Design zu verzichten. Der cleane Look wird mit der hohen technischen Funktionalit\u00e4t kombiniert, die die Ionic-Familie, die f\u00fcr Skibergsteiger und Sportbegeisterte mit mittlerer Intensit\u00e4t entwickelt wurde, seit jeher auszeichnet und die perfekte Balance zwischen Schutz und Atmungsaktivit\u00e4t gew\u00e4hrleistet.<br \/>\nAuch die High-End-Taille wurde komplett erneuert; Es ist geschlossen, mit einer internen Kordel verstellbar und hat eine gro\u00dfe Elastizit\u00e4t, um ein einfaches Anziehen der Hose zu erm\u00f6glichen. Der R\u00fccken ist h\u00f6her, um eine bessere Lendenwirbelst\u00fctze zu bieten, und ist mit einem gerippten Stoff gef\u00fcttert, um die Atmungsaktivit\u00e4t zu f\u00f6rdern.<br \/>\nDas Endurance-Gewebe bietet Atmungsaktivit\u00e4t, Bi-Elastizit\u00e4t und Wasserbest\u00e4ndigkeit dank der DWR-Behandlung. Die Kniekehlen, die Passe, der untere Keil des Beins und der G\u00fcrtel sind aus italienischer Vuelta gefertigt; Diese Eins\u00e4tze verbessern die Bewegungsfreiheit, Elastizit\u00e4t und Atmungsaktivit\u00e4t des Produkts in wichtigen Bereichen.<br \/>\nEine unverwechselbare Note verleihen die beiden Einschubtaschen, die der Hose einen raffinierten Look verleihen. Die neue Pant Ionic ist die perfekte Berghose, bei der maximale Leistung auf modernen und innovativen Stil trifft, dank ihres cleanen Looks und ihrer eleganten Passform.   <\/p>\n<p>\u2022 Hoher Bund mit verstellbarem<br \/>\n Kordelzug\u2022 Lasergeschnittene Einschubtaschen mit geklebten Rei\u00dfverschl\u00fcssen<br \/>\n\u2022 Flachn\u00e4hte in Kontrastfarbe<br \/>\n\u2022 Reflektierende Logos<br \/>\n\u2022 Verstellbarer Saum mit Rei\u00dfverschluss<\/p>\n<p>GEWICHT: 260 gr<\/p>\n","protected":false},"excerpt":{"rendered":"<p>Die neue Pant Ionic ist die perfekte Berghose, bei der maximale Leistung auf modernen und innovativen Stil trifft, dank des<\/p>\n","protected":false},"featured_media":403972,"template":"","meta":{"_seopress_robots_primary_cat":"","_seopress_titles_title":"","_seopress_titles_desc":"","_seopress_robots_index":""},"product_brand":[3614],"product_cat":[1388,974,82],"product_tag":[],"class_list":{"0":"post-478855","1":"product","2":"type-product","3":"status-publish","4":"has-post-thumbnail","6":"product_brand-crazy-de","7":"product_cat-damenbekleidung","8":"product_cat-freizeitkleidung","9":"product_cat-kleidung","10":"sws-gruppo-abb-libero-de","11":"sws-conto-ricavi-merci-rivendita-abbigliamento-de","12":"sws-gruppo-iva-iva81-de","14":"first","15":"instock","16":"sale","17":"shipping-taxable","18":"purchasable","19":"product-type-variable"},"_links":{"self":[{"href":"https:\/\/lucacastelli.com\/de\/wp-json\/wp\/v2\/product\/478855","targetHints":{"allow":["GET"]}}],"collection":[{"href":"https:\/\/lucacastelli.com\/de\/wp-json\/wp\/v2\/product"}],"about":[{"href":"https:\/\/lucacastelli.com\/de\/wp-json\/wp\/v2\/types\/product"}],"wp:featuredmedia":[{"embeddable":true,"href":"https:\/\/lucacastelli.com\/de\/wp-json\/wp\/v2\/media\/403972"}],"wp:attachment":[{"href":"https:\/\/lucacastelli.com\/de\/wp-json\/wp\/v2\/media?parent=478855"}],"wp:term":[{"taxonomy":"product_brand","embeddable":true,"href":"https:\/\/lucacastelli.com\/de\/wp-json\/wp\/v2\/product_brand?post=478855"},{"taxonomy":"product_cat","embeddable":true,"href":"https:\/\/lucacastelli.com\/de\/wp-json\/wp\/v2\/product_cat?post=478855"},{"taxonomy":"product_tag","embeddable":true,"href":"https:\/\/lucacastelli.com\/de\/wp-json\/wp\/v2\/product_tag?post=478855"}],"curies":[{"name":"wp","href":"https:\/\/api.w.org\/{rel}","templated":true}]}}