{"id":478840,"date":"2025-04-07T16:53:00","date_gmt":"2025-04-07T14:53:00","guid":{"rendered":"https:\/\/lucacastelli.com\/prodotto\/crazy-pull-wonder-magiceder-6\/"},"modified":"2026-04-15T00:01:46","modified_gmt":"2026-04-14T22:01:46","slug":"crazy-pull-wonder-magiceder-6-2","status":"publish","type":"product","link":"https:\/\/lucacastelli.com\/de\/produkt\/crazy-pull-wonder-magiceder-6-2\/","title":{"rendered":"CRAZY PULL WONDER MAGICeder"},"content":{"rendered":"<p>Der Pull Wonder Magic ist ein einzigartiges Produkt in der Outdoor-Welt, eine wahre Ikone von Farbe und Fantasie dank der Kombination aus einem unglaublich weichen technischen Gewebe mit einer au\u00dfergew\u00f6hnlichen Auswahl an Drucken und Farben.<br \/>\nDas Modell zeichnet sich durch ein Seitenpaneel aus leichterem und atmungsaktiverem technischem Gewebe aus, um die technische Leistung zu verbessern und eine femininere und optisch hochwertigere Passform zu bieten.<br \/>\nDer Pull Wonder Magic ist f\u00fcr Outdoor-Aktivit\u00e4ten mit niedriger Intensit\u00e4t konzipiert und perfekt f\u00fcr die t\u00e4glichen Komfort- (und Stil-) Bed\u00fcrfnisse.<\/p>\n<p>\u2022 Seitenteile mit geklebtem Saum<br \/>\n\u2022 Vollst\u00e4ndig trennbarer Frontrei\u00dfverschluss<br \/>\n\u2022 Eingrifftaschen mit Rei\u00dfverschluss<\/p>\n<p>GEWICHT: 250 gr<\/p>\n","protected":false},"excerpt":{"rendered":"<p>Der Pull Wonder Magic ist ein einzigartiges Produkt in der Outdoor-Welt, eine wahre Ikone von Farbe und Fantasie dank der<\/p>\n","protected":false},"featured_media":403880,"template":"","meta":{"_seopress_robots_primary_cat":"none","_seopress_titles_title":"","_seopress_titles_desc":"","_seopress_robots_index":""},"product_brand":[3614],"product_cat":[1388,974,82],"product_tag":[],"class_list":{"0":"post-478840","1":"product","2":"type-product","3":"status-publish","4":"has-post-thumbnail","6":"product_brand-crazy-de","7":"product_cat-damenbekleidung","8":"product_cat-freizeitkleidung","9":"product_cat-kleidung","10":"sws-gruppo-abb-libero-de","11":"sws-conto-ricavi-merci-rivendita-abbigliamento-de","12":"sws-gruppo-iva-iva81-de","14":"first","15":"instock","16":"sale","17":"shipping-taxable","18":"purchasable","19":"product-type-variable"},"_links":{"self":[{"href":"https:\/\/lucacastelli.com\/de\/wp-json\/wp\/v2\/product\/478840","targetHints":{"allow":["GET"]}}],"collection":[{"href":"https:\/\/lucacastelli.com\/de\/wp-json\/wp\/v2\/product"}],"about":[{"href":"https:\/\/lucacastelli.com\/de\/wp-json\/wp\/v2\/types\/product"}],"wp:featuredmedia":[{"embeddable":true,"href":"https:\/\/lucacastelli.com\/de\/wp-json\/wp\/v2\/media\/403880"}],"wp:attachment":[{"href":"https:\/\/lucacastelli.com\/de\/wp-json\/wp\/v2\/media?parent=478840"}],"wp:term":[{"taxonomy":"product_brand","embeddable":true,"href":"https:\/\/lucacastelli.com\/de\/wp-json\/wp\/v2\/product_brand?post=478840"},{"taxonomy":"product_cat","embeddable":true,"href":"https:\/\/lucacastelli.com\/de\/wp-json\/wp\/v2\/product_cat?post=478840"},{"taxonomy":"product_tag","embeddable":true,"href":"https:\/\/lucacastelli.com\/de\/wp-json\/wp\/v2\/product_tag?post=478840"}],"curies":[{"name":"wp","href":"https:\/\/api.w.org\/{rel}","templated":true}]}}