{"id":478813,"date":"2025-04-07T16:53:00","date_gmt":"2025-04-07T14:53:00","guid":{"rendered":"https:\/\/lucacastelli.com\/prodotto\/crazy-pull-wonder-magiceder-2\/"},"modified":"2026-04-15T00:01:42","modified_gmt":"2026-04-14T22:01:42","slug":"crazy-pull-wonder-magiceder-2","status":"publish","type":"product","link":"https:\/\/lucacastelli.com\/de\/produkt\/crazy-pull-wonder-magiceder-2\/","title":{"rendered":"CRAZY PULL WONDER MAGICeder"},"content":{"rendered":"<p>Der Wonder Magic Pull ist ein einzigartiges Produkt in der Outdoor-Welt, eine wahre Ikone der Farbe und Fantasie dank der Kombination eines unglaublich weichen technischen Gewebes mit einer au\u00dfergew\u00f6hnlichen Auswahl an Drucken und Farben.<br \/>\nDas Modell verf\u00fcgt \u00fcber ein Seitenteil aus leichterem und atmungsaktiverem technischem Gewebe, um die technische Leistung zu verbessern und eine femininere und optisch ma\u00dfgeschneiderte Passform zu bieten.<br \/>\nDer Wonder Magic Pull ist f\u00fcr Outdoor-Aktivit\u00e4ten mit geringer Intensit\u00e4t konzipiert und eignet sich perfekt f\u00fcr den t\u00e4glichen Komfort (und Stil).<\/p>\n<p>\u2022 Seitenteile mit geklebtem<br \/>\n Saum\u2022 Vollst\u00e4ndig abnehmbarer<br \/>\n Frontrei\u00dfverschluss\u2022 Einschubtaschen mit Rei\u00dfverschluss<\/p>\n<p>GEWICHT: 250 gr<\/p>\n","protected":false},"excerpt":{"rendered":"<p>Der Wonder Magic Pull ist ein einzigartiges Produkt in der Outdoor-Welt, eine wahre Ikone der Farbe und Fantasie dank der<\/p>\n","protected":false},"featured_media":403856,"template":"","meta":{"_seopress_robots_primary_cat":"","_seopress_titles_title":"","_seopress_titles_desc":"","_seopress_robots_index":""},"product_brand":[3413],"product_cat":[21,189,200],"product_tag":[],"class_list":{"0":"post-478813","1":"product","2":"type-product","3":"status-publish","4":"has-post-thumbnail","6":"product_brand-crazy","7":"product_cat-abbigliamento","8":"product_cat-abbigliamento-per-il-tempo-libero","9":"product_cat-abbigliamento-da-donna","10":"sws-gruppo-abb-libero-de","11":"sws-conto-ricavi-merci-rivendita-abbigliamento-de","12":"sws-gruppo-iva-iva81-de","14":"first","15":"instock","16":"sale","17":"shipping-taxable","18":"purchasable","19":"product-type-variable"},"_links":{"self":[{"href":"https:\/\/lucacastelli.com\/de\/wp-json\/wp\/v2\/product\/478813","targetHints":{"allow":["GET"]}}],"collection":[{"href":"https:\/\/lucacastelli.com\/de\/wp-json\/wp\/v2\/product"}],"about":[{"href":"https:\/\/lucacastelli.com\/de\/wp-json\/wp\/v2\/types\/product"}],"wp:featuredmedia":[{"embeddable":true,"href":"https:\/\/lucacastelli.com\/de\/wp-json\/wp\/v2\/media\/403856"}],"wp:attachment":[{"href":"https:\/\/lucacastelli.com\/de\/wp-json\/wp\/v2\/media?parent=478813"}],"wp:term":[{"taxonomy":"product_brand","embeddable":true,"href":"https:\/\/lucacastelli.com\/de\/wp-json\/wp\/v2\/product_brand?post=478813"},{"taxonomy":"product_cat","embeddable":true,"href":"https:\/\/lucacastelli.com\/de\/wp-json\/wp\/v2\/product_cat?post=478813"},{"taxonomy":"product_tag","embeddable":true,"href":"https:\/\/lucacastelli.com\/de\/wp-json\/wp\/v2\/product_tag?post=478813"}],"curies":[{"name":"wp","href":"https:\/\/api.w.org\/{rel}","templated":true}]}}