{"id":478804,"date":"2025-04-07T16:53:00","date_gmt":"2025-04-07T14:53:00","guid":{"rendered":"https:\/\/lucacastelli.com\/prodotto\/crazy-pant-inspire\/"},"modified":"2026-04-15T00:01:45","modified_gmt":"2026-04-14T22:01:45","slug":"crazy-pant-inspire","status":"publish","type":"product","link":"https:\/\/lucacastelli.com\/de\/produkt\/crazy-pant-inspire\/","title":{"rendered":"CRAZY PANT INSPIRE"},"content":{"rendered":"","protected":false},"excerpt":{"rendered":"<p>Die technischste und kompletteste High-Mountain-Hose der Kollektion, die in diesem Jahr komplett neu gestaltet wurde, um zur neuen Inspire-Jacke zu passen.<br \/>\nDie Inspire-Hose ist dank ihrer winddichten Eigenschaften und ihrer unglaublichen Elastizit\u00e4t ideal f\u00fcr Freetouren oder Skitouren unter extremen Bedingungen.<\/p>\n<p>Die Passform ist feminin, sehr modern und passt perfekt zu 3- oder 4-Schnallen-Skistiefeln.<br \/>\nSie bestehen aus weichem und warmem Softshell-Gewebe mit einer stark wasserabweisenden Membran. Der verstellbare Bund l\u00e4sst sich \u00f6ffnen und ist mit elastischen B\u00e4ndern mit Velcro an den Seiten ausgestattet.<br \/>\nDie Gamasche ist neu und \u00e4u\u00dferst technisch: Sie ist mit einem verstellbaren Zwickel mit Rei\u00dfverschluss und einer internen Gamasche ausgestattet, um den Schutz vor Wasser und Schnee zu verbessern. Der untere Teil hat ein Fullgrip-Gummiband f\u00fcr besseren Halt an allen Skitourenschuhen und eine verst\u00e4rkte Innenpartie zum Schutz vor Steigeisenschnitten oder Skikanten.  <\/p>\n<p>\u2022 Verstellbarer Velcro-Bund<br \/>\n\u2022 Zwei geklebte Seitentaschen mit Rei\u00dfverschl\u00fcssen<br \/>\n\u2022 Zwei R\u00fccken\u00f6ffnungen mit Rei\u00dfverschluss zur Bel\u00fcftung<br \/>\n\u2022 Wasserdichte und verst\u00e4rkte Gamasche am Saum mit elastischem Zwickel und Rei\u00dfverschluss<br \/>\n\u2022 Reflektierende Logos<br \/>\n\u2022 Flache N\u00e4hte in Kontrastfarbe<\/p>\n<p>GEWICHT: 365 g<\/p>\n","protected":false},"featured_media":403831,"template":"","meta":{"_seopress_robots_primary_cat":"","_seopress_titles_title":"","_seopress_titles_desc":"","_seopress_robots_index":""},"product_brand":[3413],"product_cat":[21,189,200],"product_tag":[],"class_list":{"0":"post-478804","1":"product","2":"type-product","3":"status-publish","4":"has-post-thumbnail","6":"product_brand-crazy","7":"product_cat-abbigliamento","8":"product_cat-abbigliamento-per-il-tempo-libero","9":"product_cat-abbigliamento-da-donna","10":"sws-gruppo-abb-libero-de","11":"sws-conto-ricavi-merci-rivendita-abbigliamento-de","12":"sws-gruppo-iva-iva81-de","14":"first","15":"instock","16":"sale","17":"shipping-taxable","18":"purchasable","19":"product-type-variable"},"_links":{"self":[{"href":"https:\/\/lucacastelli.com\/de\/wp-json\/wp\/v2\/product\/478804","targetHints":{"allow":["GET"]}}],"collection":[{"href":"https:\/\/lucacastelli.com\/de\/wp-json\/wp\/v2\/product"}],"about":[{"href":"https:\/\/lucacastelli.com\/de\/wp-json\/wp\/v2\/types\/product"}],"wp:featuredmedia":[{"embeddable":true,"href":"https:\/\/lucacastelli.com\/de\/wp-json\/wp\/v2\/media\/403831"}],"wp:attachment":[{"href":"https:\/\/lucacastelli.com\/de\/wp-json\/wp\/v2\/media?parent=478804"}],"wp:term":[{"taxonomy":"product_brand","embeddable":true,"href":"https:\/\/lucacastelli.com\/de\/wp-json\/wp\/v2\/product_brand?post=478804"},{"taxonomy":"product_cat","embeddable":true,"href":"https:\/\/lucacastelli.com\/de\/wp-json\/wp\/v2\/product_cat?post=478804"},{"taxonomy":"product_tag","embeddable":true,"href":"https:\/\/lucacastelli.com\/de\/wp-json\/wp\/v2\/product_tag?post=478804"}],"curies":[{"name":"wp","href":"https:\/\/api.w.org\/{rel}","templated":true}]}}