{"id":478789,"date":"2025-04-07T16:53:00","date_gmt":"2025-04-07T14:53:00","guid":{"rendered":"https:\/\/lucacastelli.com\/prodotto\/crazy-ausgang-ziehen\/"},"modified":"2026-04-15T00:01:45","modified_gmt":"2026-04-14T22:01:45","slug":"crazy-ausgang-ziehen","status":"publish","type":"product","link":"https:\/\/lucacastelli.com\/de\/produkt\/crazy-ausgang-ziehen\/","title":{"rendered":"CRAZY PULL EXIT"},"content":{"rendered":"<p>Neu in unserer Winterkollektion: Der Pull Exit ist ein essenzieller Midlayer im Activewear-Stil, der dank seiner athletischen und femininen Passform ideal f\u00fcr Bergaktivit\u00e4ten und den Alltag ist.<br \/>\nSein moderner, cleaner Look kombiniert sich mit dem in Italien hergestellten, leichten und elastischen Vuelta-Gewebe, das aufgrund seiner hervorragenden W\u00e4rmeisolierung und Elastizit\u00e4t auch f\u00fcr unsere technischsten Kleidungsst\u00fccke verwendet wird.<\/p>\n<p>\u2022 Flachn\u00e4hte in Kontrastfarbe<br \/>\n\u2022 Seitentaschen<br \/>\n\u2022 Reflektierende Logos<br \/>\n\u2022 Ergonomische Kapuze mit \u00d6ffnung f\u00fcr den Pferdeschwanz<br \/>\n\u2022 Daumenl\u00f6cher<br \/>\n\u2022 Durchgehender Frontrei\u00dfverschluss<\/p>\n<p>GEWICHT: 325 g<\/p>\n","protected":false},"excerpt":{"rendered":"<p>Neu in unserer Winterkollektion: Der Pull Exit ist ein essenzieller Midlayer im Activewear-Stil, der dank seiner athletischen und femininen Passform<\/p>\n","protected":false},"featured_media":403824,"template":"","meta":{"_seopress_robots_primary_cat":"none","_seopress_titles_title":"","_seopress_titles_desc":"","_seopress_robots_index":""},"product_brand":[3614],"product_cat":[82,974,1388],"product_tag":[],"class_list":{"0":"post-478789","1":"product","2":"type-product","3":"status-publish","4":"has-post-thumbnail","6":"product_brand-crazy-de","7":"product_cat-kleidung","8":"product_cat-freizeitkleidung","9":"product_cat-damenbekleidung","10":"sws-gruppo-abb-libero-de","11":"sws-conto-ricavi-merci-rivendita-abbigliamento-de","12":"sws-gruppo-iva-iva81-de","14":"first","15":"instock","16":"sale","17":"shipping-taxable","18":"purchasable","19":"product-type-variable"},"_links":{"self":[{"href":"https:\/\/lucacastelli.com\/de\/wp-json\/wp\/v2\/product\/478789","targetHints":{"allow":["GET"]}}],"collection":[{"href":"https:\/\/lucacastelli.com\/de\/wp-json\/wp\/v2\/product"}],"about":[{"href":"https:\/\/lucacastelli.com\/de\/wp-json\/wp\/v2\/types\/product"}],"wp:featuredmedia":[{"embeddable":true,"href":"https:\/\/lucacastelli.com\/de\/wp-json\/wp\/v2\/media\/403824"}],"wp:attachment":[{"href":"https:\/\/lucacastelli.com\/de\/wp-json\/wp\/v2\/media?parent=478789"}],"wp:term":[{"taxonomy":"product_brand","embeddable":true,"href":"https:\/\/lucacastelli.com\/de\/wp-json\/wp\/v2\/product_brand?post=478789"},{"taxonomy":"product_cat","embeddable":true,"href":"https:\/\/lucacastelli.com\/de\/wp-json\/wp\/v2\/product_cat?post=478789"},{"taxonomy":"product_tag","embeddable":true,"href":"https:\/\/lucacastelli.com\/de\/wp-json\/wp\/v2\/product_tag?post=478789"}],"curies":[{"name":"wp","href":"https:\/\/api.w.org\/{rel}","templated":true}]}}