{"id":478784,"date":"2025-04-07T16:53:00","date_gmt":"2025-04-07T14:53:00","guid":{"rendered":"https:\/\/lucacastelli.com\/prodotto\/crazy-electra-ziehen\/"},"modified":"2026-04-15T00:01:44","modified_gmt":"2026-04-14T22:01:44","slug":"crazy-electra-ziehen","status":"publish","type":"product","link":"https:\/\/lucacastelli.com\/de\/produkt\/crazy-electra-ziehen\/","title":{"rendered":"CRAZY ELECTRA ZIEHEN"},"content":{"rendered":"<p>Der Electra Pull ist unser technischer Midlayer f\u00fcr die Berge mit einem halben Rei\u00dfverschluss, der f\u00fcr seine Mischung aus technischer Leistung und modischem Look hoch gelobt wird! Bei dem verwendeten Gewebe handelt es sich um das bew\u00e4hrte High Performance-Material<br \/>\nmit Wabenzellen, die die Atmungsaktivit\u00e4t verbessern. Bei diesem Kleidungsst\u00fcck liegt der Stoff in seiner 3D-Version vor, mit einer dreidimensionalen Struktur, die die Luftzirkulation beg\u00fcnstigt. Der diagonale Rei\u00dfverschluss sorgt f\u00fcr maximalen Komfort um den Hals und verhindert Scheuern.<br \/>\nMit einer athletischen und femininen Passform eignet es sich perfekt als zweite Schicht oder als \u00e4u\u00dfere Schicht an w\u00e4rmeren Tagen.<br \/>\nNeben seinem schlanken Design ist es auch sehr praktisch, mit zwei Seitentaschen, die zum Verstauen kleiner Gegenst\u00e4nde n\u00fctzlich sind.   <\/p>\n<p>\u2022 Halber Frontrei\u00dfverschluss mit Anti-Scheuer-Design,<br \/>\n positioniert auf der rechten Seite des Halses<br \/>\n\u2022 Einschubtaschen ohne<br \/>\n Rei\u00dfverschluss\u2022 Innentasche f\u00fcr Lawinenversch\u00fcttetenes LVS-Ger\u00e4t mit Easy Lock<br \/>\n\u2022 Flache N\u00e4hte in Kontrastfarbe<br \/>\n\u2022 Reflektierende Logos<\/p>\n<p>GEWICHT: 261 gr<\/p>\n","protected":false},"excerpt":{"rendered":"<p>Der Electra Pull ist unser technischer Midlayer f\u00fcr die Berge mit einem halben Rei\u00dfverschluss, der f\u00fcr seine Mischung aus technischer<\/p>\n","protected":false},"featured_media":404334,"template":"","meta":{"_seopress_robots_primary_cat":"","_seopress_titles_title":"","_seopress_titles_desc":"","_seopress_robots_index":""},"product_brand":[3614],"product_cat":[82,974,1388],"product_tag":[],"class_list":{"0":"post-478784","1":"product","2":"type-product","3":"status-publish","4":"has-post-thumbnail","6":"product_brand-crazy-de","7":"product_cat-kleidung","8":"product_cat-freizeitkleidung","9":"product_cat-damenbekleidung","10":"sws-gruppo-abb-libero-de","11":"sws-conto-ricavi-merci-rivendita-abbigliamento-de","12":"sws-gruppo-iva-iva81-de","14":"first","15":"instock","16":"sale","17":"shipping-taxable","18":"purchasable","19":"product-type-variable"},"_links":{"self":[{"href":"https:\/\/lucacastelli.com\/de\/wp-json\/wp\/v2\/product\/478784","targetHints":{"allow":["GET"]}}],"collection":[{"href":"https:\/\/lucacastelli.com\/de\/wp-json\/wp\/v2\/product"}],"about":[{"href":"https:\/\/lucacastelli.com\/de\/wp-json\/wp\/v2\/types\/product"}],"wp:featuredmedia":[{"embeddable":true,"href":"https:\/\/lucacastelli.com\/de\/wp-json\/wp\/v2\/media\/404334"}],"wp:attachment":[{"href":"https:\/\/lucacastelli.com\/de\/wp-json\/wp\/v2\/media?parent=478784"}],"wp:term":[{"taxonomy":"product_brand","embeddable":true,"href":"https:\/\/lucacastelli.com\/de\/wp-json\/wp\/v2\/product_brand?post=478784"},{"taxonomy":"product_cat","embeddable":true,"href":"https:\/\/lucacastelli.com\/de\/wp-json\/wp\/v2\/product_cat?post=478784"},{"taxonomy":"product_tag","embeddable":true,"href":"https:\/\/lucacastelli.com\/de\/wp-json\/wp\/v2\/product_tag?post=478784"}],"curies":[{"name":"wp","href":"https:\/\/api.w.org\/{rel}","templated":true}]}}