{"id":478768,"date":"2025-04-07T16:53:00","date_gmt":"2025-04-07T14:53:00","guid":{"rendered":"https:\/\/lucacastelli.com\/prodotto\/crazy-pant-flame\/"},"modified":"2026-04-15T00:01:44","modified_gmt":"2026-04-14T22:01:44","slug":"crazy-pant-flame","status":"publish","type":"product","link":"https:\/\/lucacastelli.com\/de\/produkt\/crazy-pant-flame\/","title":{"rendered":"CRAZY PANT FLAME"},"content":{"rendered":"<p>Die technische Hose schlechthin, ein Muss in Ihrem Kleiderschrank! Die Flame Hose wurde f\u00fcr Skitouren und technische Bergaktivit\u00e4ten entwickelt und ist au\u00dferdem unglaublich stylisch und vielseitig. Das neue Design der AW25-Kollektion macht sie noch aggressiver und moderner.<br \/>\nDie Vorderseite besteht aus dem bew\u00e4hrten Endurance-Gewebe, bi-elastisch und sch\u00fctzend, mit DWR-Behandlung f\u00fcr eine bessere Wasserabweisung. Es kombiniert die Widerstandsf\u00e4higkeit und den Schutz der Vorderseite mit dem thermischen Komfort und der Weichheit der R\u00fcckseite, hergestellt aus Vuelta &#8220;Made in Italy&#8221;, das eine athletische Passform und eine gr\u00f6\u00dfere Elastizit\u00e4t bietet, perfekt f\u00fcr Skibergsteigen.<br \/>\nDie Knie sind mit vorgeformten Patches versehen, die sich bis zur Innenseite des Beins erstrecken, wo ein strapazierf\u00e4higes und dehnbares doppelt gewebtes Gewebe f\u00fcr zus\u00e4tzliche Festigkeit verwendet wird.   <\/p>\n<p>&nbsp;<\/p>\n<p>\u2022 Verstellbarer elastischer Bund mit Kordelzug<br \/>\n\u2022 Zwei lasergeschnittene Seitentaschen mit geklebten Rei\u00dfverschl\u00fcssen<br \/>\n\u2022 Eine Ges\u00e4\u00dftasche mit unsichtbarem<br \/>\n Rei\u00dfverschluss\u2022 Patte mit unsichtbarem<br \/>\n Rei\u00dfverschluss\u2022 Reflektierende Logos<br \/>\n\u2022 Verstellbare \u00c4rmelb\u00fcndchen mit elastischem<br \/>\n Kordelzug\u2022 Patches mit abriebfestem<br \/>\n Schutzgewebe\u2022 Kontrastfarbene N\u00e4hte<\/p>\n<p>&nbsp;<\/p>\n<p>Gewicht: 396 Gramm<\/p>\n","protected":false},"excerpt":{"rendered":"<p>Die technische Hose schlechthin, ein Muss in Ihrem Kleiderschrank! Die Flame Hose wurde f\u00fcr Skitouren und technische Bergaktivit\u00e4ten entwickelt und<\/p>\n","protected":false},"featured_media":632299,"template":"","meta":{"_seopress_robots_primary_cat":"","_seopress_titles_title":"","_seopress_titles_desc":"","_seopress_robots_index":""},"product_brand":[3614],"product_cat":[82,974,975],"product_tag":[],"class_list":{"0":"post-478768","1":"product","2":"type-product","3":"status-publish","4":"has-post-thumbnail","6":"product_brand-crazy-de","7":"product_cat-kleidung","8":"product_cat-freizeitkleidung","9":"product_cat-herrenbekleidung","10":"sws-gruppo-abb-libero-de","11":"sws-conto-ricavi-merci-rivendita-abbigliamento-de","12":"sws-gruppo-iva-iva81-de","14":"first","15":"instock","16":"sale","17":"shipping-taxable","18":"purchasable","19":"product-type-variable","20":"has-default-attributes"},"_links":{"self":[{"href":"https:\/\/lucacastelli.com\/de\/wp-json\/wp\/v2\/product\/478768","targetHints":{"allow":["GET"]}}],"collection":[{"href":"https:\/\/lucacastelli.com\/de\/wp-json\/wp\/v2\/product"}],"about":[{"href":"https:\/\/lucacastelli.com\/de\/wp-json\/wp\/v2\/types\/product"}],"wp:featuredmedia":[{"embeddable":true,"href":"https:\/\/lucacastelli.com\/de\/wp-json\/wp\/v2\/media\/632299"}],"wp:attachment":[{"href":"https:\/\/lucacastelli.com\/de\/wp-json\/wp\/v2\/media?parent=478768"}],"wp:term":[{"taxonomy":"product_brand","embeddable":true,"href":"https:\/\/lucacastelli.com\/de\/wp-json\/wp\/v2\/product_brand?post=478768"},{"taxonomy":"product_cat","embeddable":true,"href":"https:\/\/lucacastelli.com\/de\/wp-json\/wp\/v2\/product_cat?post=478768"},{"taxonomy":"product_tag","embeddable":true,"href":"https:\/\/lucacastelli.com\/de\/wp-json\/wp\/v2\/product_tag?post=478768"}],"curies":[{"name":"wp","href":"https:\/\/api.w.org\/{rel}","templated":true}]}}