{"id":478717,"date":"2025-04-07T16:53:00","date_gmt":"2025-04-07T14:53:00","guid":{"rendered":"https:\/\/lucacastelli.com\/prodotto\/crazy-pull-ionic-3\/"},"modified":"2026-04-15T00:01:48","modified_gmt":"2026-04-14T22:01:48","slug":"crazy-pull-ionic-3","status":"publish","type":"product","link":"https:\/\/lucacastelli.com\/de\/produkt\/crazy-pull-ionic-3\/","title":{"rendered":"CRAZY PULL IONIC"},"content":{"rendered":"<p>Das beliebteste Teil der CRAZY-Kollektion! Es geh\u00f6rt zur Ionic-Familie, eine perfekte Darstellung der Evolution des Bergstils mit seinem modernen und eleganten Design!<br \/>\nEs ist eine Zwischenschicht f\u00fcr Skitouren und Sportarten mittlerer Intensit\u00e4t. Kann als Zwischenschicht an besonders kalten Tagen oder als Au\u00dfenschicht in den \u00dcbergangszeiten verwendet werden.<br \/>\nHergestellt aus High Performance-Gewebe, ist es extrem weich und leistungsstark. Dieses Teil verwendet die 3D-Version des Gewebes, die sich durch eine dreidimensionale Zellstruktur auszeichnet, welche die Atmungsaktivit\u00e4t verbessert.<\/p>\n<p>\u2022 Kapuze und Saum mit elastischem Rand<br \/>\n\u2022 Durchgehender Frontrei\u00dfverschluss<br \/>\n\u2022 Handtaschen mit Rei\u00dfverschluss<br \/>\n\u2022 Reflektierende Logos<br \/>\n\u2022 Flachn\u00e4hte in Kontrastfarbe<br \/>\n\u2022 Daumenschlaufen<br \/>\n\u2022 Funkger\u00e4tetasche mit EASY LOCK-System<br \/>\n\u2022 Modelle 30BK, 63BK, 124BK und 137BL mit<br \/>\nFrontpaneel in Wolloptik<\/p>\n<p>GEWICHT: 278 g<\/p>\n","protected":false},"excerpt":{"rendered":"<p>Das beliebteste Teil der CRAZY-Kollektion! Es geh\u00f6rt zur Ionic-Familie, eine perfekte Darstellung der Evolution des Bergstils mit seinem modernen und<\/p>\n","protected":false},"featured_media":403753,"template":"","meta":{"_seopress_robots_primary_cat":"none","_seopress_titles_title":"","_seopress_titles_desc":"","_seopress_robots_index":""},"product_brand":[3614],"product_cat":[1388,974,82],"product_tag":[],"class_list":{"0":"post-478717","1":"product","2":"type-product","3":"status-publish","4":"has-post-thumbnail","6":"product_brand-crazy-de","7":"product_cat-damenbekleidung","8":"product_cat-freizeitkleidung","9":"product_cat-kleidung","10":"sws-gruppo-abb-libero-de","11":"sws-conto-ricavi-merci-rivendita-abbigliamento-de","12":"sws-gruppo-iva-iva81-de","14":"first","15":"instock","16":"sale","17":"shipping-taxable","18":"purchasable","19":"product-type-variable"},"_links":{"self":[{"href":"https:\/\/lucacastelli.com\/de\/wp-json\/wp\/v2\/product\/478717","targetHints":{"allow":["GET"]}}],"collection":[{"href":"https:\/\/lucacastelli.com\/de\/wp-json\/wp\/v2\/product"}],"about":[{"href":"https:\/\/lucacastelli.com\/de\/wp-json\/wp\/v2\/types\/product"}],"wp:featuredmedia":[{"embeddable":true,"href":"https:\/\/lucacastelli.com\/de\/wp-json\/wp\/v2\/media\/403753"}],"wp:attachment":[{"href":"https:\/\/lucacastelli.com\/de\/wp-json\/wp\/v2\/media?parent=478717"}],"wp:term":[{"taxonomy":"product_brand","embeddable":true,"href":"https:\/\/lucacastelli.com\/de\/wp-json\/wp\/v2\/product_brand?post=478717"},{"taxonomy":"product_cat","embeddable":true,"href":"https:\/\/lucacastelli.com\/de\/wp-json\/wp\/v2\/product_cat?post=478717"},{"taxonomy":"product_tag","embeddable":true,"href":"https:\/\/lucacastelli.com\/de\/wp-json\/wp\/v2\/product_tag?post=478717"}],"curies":[{"name":"wp","href":"https:\/\/api.w.org\/{rel}","templated":true}]}}