{"id":478690,"date":"2025-04-07T16:53:00","date_gmt":"2025-04-07T14:53:00","guid":{"rendered":"https:\/\/lucacastelli.com\/prodotto\/crazy-ziehen-sie-inspiration\/"},"modified":"2026-04-15T00:01:47","modified_gmt":"2026-04-14T22:01:47","slug":"crazy-ziehen-sie-inspiration","status":"publish","type":"product","link":"https:\/\/lucacastelli.com\/de\/produkt\/crazy-ziehen-sie-inspiration\/","title":{"rendered":"CRAZY ZIEHEN SIE INSPIRATION"},"content":{"rendered":"<p>Sehr technische Zwischenschicht mit einem eleganten Look!<br \/>\nDer feminine Schnitt passt sich bequem den K\u00f6rperformen an.<br \/>\nUnsere Inspire-Zwischenschicht mit Kapuze wurde f\u00fcr k\u00e4ltere Tage in den Bergen entwickelt und kombiniert das weiche, fellartige Material \u201eFluffy Warm\u201c mit Seitenteilen aus technischem und atmungsaktivem Vuelta-Fleece.<br \/>\nDas ideale Kleidungsst\u00fcck f\u00fcr den Bergsport und immer dann, wenn Sie viel W\u00e4rme bei geringem Volumen ben\u00f6tigen.<\/p>\n<p>&#8211; Durchgehender Frontrei\u00dfverschluss<br \/>\n&#8211; Ergonomische Kapuze mit Pferdeschwanz\u00f6ffnung<br \/>\n&#8211; Lasergeschnittene Eingrifftaschen mit geklebtem Rei\u00dfverschluss<br \/>\n&#8211; \u00c4rmelb\u00fcndchen mit Daumenloch<br \/>\n&#8211; ARTVA-Tasche mit Easy Lock<br \/>\n&#8211; Reflektierende Logos<br \/>\n&#8211; Flachn\u00e4hte in Kontrastfarbe<\/p>\n<p>GEWICHT: 345 gr<\/p>\n<p>&nbsp;<\/p>\n","protected":false},"excerpt":{"rendered":"<p>Sehr technische Zwischenschicht mit einem eleganten Look! Der feminine Schnitt passt sich bequem den K\u00f6rperformen an. Unsere Inspire-Zwischenschicht mit Kapuze<\/p>\n","protected":false},"featured_media":403726,"template":"","meta":{"_seopress_robots_primary_cat":"none","_seopress_titles_title":"","_seopress_titles_desc":"","_seopress_robots_index":""},"product_brand":[3614],"product_cat":[82,974,1388],"product_tag":[],"class_list":{"0":"post-478690","1":"product","2":"type-product","3":"status-publish","4":"has-post-thumbnail","6":"product_brand-crazy-de","7":"product_cat-kleidung","8":"product_cat-freizeitkleidung","9":"product_cat-damenbekleidung","10":"sws-gruppo-abb-libero-de","11":"sws-conto-ricavi-merci-rivendita-abbigliamento-de","12":"sws-gruppo-iva-iva81-de","14":"first","15":"instock","16":"sale","17":"shipping-taxable","18":"purchasable","19":"product-type-variable"},"_links":{"self":[{"href":"https:\/\/lucacastelli.com\/de\/wp-json\/wp\/v2\/product\/478690","targetHints":{"allow":["GET"]}}],"collection":[{"href":"https:\/\/lucacastelli.com\/de\/wp-json\/wp\/v2\/product"}],"about":[{"href":"https:\/\/lucacastelli.com\/de\/wp-json\/wp\/v2\/types\/product"}],"wp:featuredmedia":[{"embeddable":true,"href":"https:\/\/lucacastelli.com\/de\/wp-json\/wp\/v2\/media\/403726"}],"wp:attachment":[{"href":"https:\/\/lucacastelli.com\/de\/wp-json\/wp\/v2\/media?parent=478690"}],"wp:term":[{"taxonomy":"product_brand","embeddable":true,"href":"https:\/\/lucacastelli.com\/de\/wp-json\/wp\/v2\/product_brand?post=478690"},{"taxonomy":"product_cat","embeddable":true,"href":"https:\/\/lucacastelli.com\/de\/wp-json\/wp\/v2\/product_cat?post=478690"},{"taxonomy":"product_tag","embeddable":true,"href":"https:\/\/lucacastelli.com\/de\/wp-json\/wp\/v2\/product_tag?post=478690"}],"curies":[{"name":"wp","href":"https:\/\/api.w.org\/{rel}","templated":true}]}}