{"id":478676,"date":"2025-04-07T16:53:00","date_gmt":"2025-04-07T14:53:00","guid":{"rendered":"https:\/\/lucacastelli.com\/prodotto\/crazy-pant-3\/"},"modified":"2026-04-01T01:51:46","modified_gmt":"2026-03-31T23:51:46","slug":"crazy-pant-3","status":"publish","type":"product","link":"https:\/\/lucacastelli.com\/de\/produkt\/crazy-pant-3\/","title":{"rendered":"CRAZY PANT"},"content":{"rendered":"<p>Vergessen Sie die K\u00e4lte mit unserer brandneuen Pant Allure, die in die Kollektion aufgenommen wurde, um Ihre Winterausfl\u00fcge noch komfortabler zu gestalten, selbst an den k\u00e4ltesten Tagen!<br \/>\nHergestellt aus einem Gewebe, das aus zwei verschiedenen Garnen besteht: Wolle und Polypropylen.<br \/>\nDiese Kombination nutzt die isolierenden und geruchshemmenden Eigenschaften der Wolle, w\u00e4hrend Polypropylen eine unvergleichliche Weichheit im Griff garantiert.<br \/>\nDie reibungsfreien N\u00e4hte, die mit einem eleganten Farbkontrast versehen sind, garantieren nicht nur optimalen Komfort, sondern verleihen dem Ganzen auch einen unverwechselbaren Stil.<\/p>\n<p>&#8211; Reibungsfreie N\u00e4hte mit Farbkontrast<br \/>\n&#8211; Mischung aus Wolle und Polypropylen<br \/>\n&#8211; Reflektierende Logos<\/p>\n<p>GEWICHT: 120 gr<\/p>\n<p>\u00dcbersetzt mit DeepL.com (kostenlose Version)<\/p>\n","protected":false},"excerpt":{"rendered":"<p>Vergessen Sie die K\u00e4lte mit unserer brandneuen Pant Allure, die in die Kollektion aufgenommen wurde, um Ihre Winterausfl\u00fcge noch komfortabler<\/p>\n","protected":false},"featured_media":403713,"template":"","meta":{"_seopress_robots_primary_cat":"none","_seopress_titles_title":"","_seopress_titles_desc":"","_seopress_robots_index":""},"product_brand":[3614],"product_cat":[1388,974,82],"product_tag":[],"class_list":{"0":"post-478676","1":"product","2":"type-product","3":"status-publish","4":"has-post-thumbnail","6":"product_brand-crazy-de","7":"product_cat-damenbekleidung","8":"product_cat-freizeitkleidung","9":"product_cat-kleidung","10":"sws-gruppo-abb-libero-de","11":"sws-conto-ricavi-merci-rivendita-abbigliamento-de","12":"sws-gruppo-iva-iva81-de","14":"first","15":"instock","16":"sale","17":"shipping-taxable","18":"product-type-variable"},"_links":{"self":[{"href":"https:\/\/lucacastelli.com\/de\/wp-json\/wp\/v2\/product\/478676","targetHints":{"allow":["GET"]}}],"collection":[{"href":"https:\/\/lucacastelli.com\/de\/wp-json\/wp\/v2\/product"}],"about":[{"href":"https:\/\/lucacastelli.com\/de\/wp-json\/wp\/v2\/types\/product"}],"wp:featuredmedia":[{"embeddable":true,"href":"https:\/\/lucacastelli.com\/de\/wp-json\/wp\/v2\/media\/403713"}],"wp:attachment":[{"href":"https:\/\/lucacastelli.com\/de\/wp-json\/wp\/v2\/media?parent=478676"}],"wp:term":[{"taxonomy":"product_brand","embeddable":true,"href":"https:\/\/lucacastelli.com\/de\/wp-json\/wp\/v2\/product_brand?post=478676"},{"taxonomy":"product_cat","embeddable":true,"href":"https:\/\/lucacastelli.com\/de\/wp-json\/wp\/v2\/product_cat?post=478676"},{"taxonomy":"product_tag","embeddable":true,"href":"https:\/\/lucacastelli.com\/de\/wp-json\/wp\/v2\/product_tag?post=478676"}],"curies":[{"name":"wp","href":"https:\/\/api.w.org\/{rel}","templated":true}]}}