{"id":478655,"date":"2025-04-07T16:53:00","date_gmt":"2025-04-07T14:53:00","guid":{"rendered":"https:\/\/lucacastelli.com\/prodotto\/crazy-gestochen-scharfer-schnitt-pop\/"},"modified":"2025-12-10T14:58:50","modified_gmt":"2025-12-10T13:58:50","slug":"crazy-gestochen-scharfer-schnitt-pop","status":"publish","type":"product","link":"https:\/\/lucacastelli.com\/de\/produkt\/crazy-gestochen-scharfer-schnitt-pop\/","title":{"rendered":"CRAZY GESTOCHEN SCHARFER SCHNITT &#8211; POP"},"content":{"rendered":"<p>Roh geschnittener Riemen zum Laufen.<br \/>\nHergestellt aus leichter Mikrofaser mit Graphen-Druck. Wir verwenden alle Reste der Produktionsstoffe f\u00fcr die Herstellung von Accessoires und vermeiden so unn\u00f6tige Materialverschwendung. Es ist eines unserer kleinen Helfer gegen unn\u00f6tigen M\u00fcll.  <\/p>\n<p>\u2022 Schnell trocknende<br \/>\n Mikrofaser\u2022 Reflektierende<br \/>\n Eins\u00e4tze\u2022 Roher<br \/>\n Schnitt\u2022 Vollst\u00e4ndig bedruckt<\/p>\n<p>&nbsp;<\/p>\n<p>Gewicht: 9 gr.<\/p>\n","protected":false},"excerpt":{"rendered":"<p>Roh geschnittener Riemen zum Laufen. Hergestellt aus leichter Mikrofaser mit Graphen-Druck. Wir verwenden alle Reste der Produktionsstoffe f\u00fcr die Herstellung<\/p>\n","protected":false},"featured_media":403677,"template":"","meta":{"_seopress_robots_primary_cat":"","_seopress_titles_title":"","_seopress_titles_desc":"","_seopress_robots_index":""},"product_brand":[3413],"product_cat":[21,186],"product_tag":[],"class_list":{"0":"post-478655","1":"product","2":"type-product","3":"status-publish","4":"has-post-thumbnail","6":"product_brand-crazy","7":"product_cat-abbigliamento","8":"product_cat-accessori-per-labbigliamento","9":"sws-gruppo-abb-libero","10":"sws-conto-ricavi-merci-rivendita-abbigliamento","11":"sws-gruppo-iva-iva81","13":"first","14":"instock","15":"shipping-taxable","16":"purchasable","17":"product-type-simple"},"_links":{"self":[{"href":"https:\/\/lucacastelli.com\/de\/wp-json\/wp\/v2\/product\/478655","targetHints":{"allow":["GET"]}}],"collection":[{"href":"https:\/\/lucacastelli.com\/de\/wp-json\/wp\/v2\/product"}],"about":[{"href":"https:\/\/lucacastelli.com\/de\/wp-json\/wp\/v2\/types\/product"}],"wp:featuredmedia":[{"embeddable":true,"href":"https:\/\/lucacastelli.com\/de\/wp-json\/wp\/v2\/media\/403677"}],"wp:attachment":[{"href":"https:\/\/lucacastelli.com\/de\/wp-json\/wp\/v2\/media?parent=478655"}],"wp:term":[{"taxonomy":"product_brand","embeddable":true,"href":"https:\/\/lucacastelli.com\/de\/wp-json\/wp\/v2\/product_brand?post=478655"},{"taxonomy":"product_cat","embeddable":true,"href":"https:\/\/lucacastelli.com\/de\/wp-json\/wp\/v2\/product_cat?post=478655"},{"taxonomy":"product_tag","embeddable":true,"href":"https:\/\/lucacastelli.com\/de\/wp-json\/wp\/v2\/product_tag?post=478655"}],"curies":[{"name":"wp","href":"https:\/\/api.w.org\/{rel}","templated":true}]}}