{"id":478369,"date":"2024-11-14T09:32:44","date_gmt":"2024-11-14T08:32:44","guid":{"rendered":"https:\/\/lucacastelli.com\/prodotto\/la-sportiva-fade-trucker\/"},"modified":"2024-11-14T09:32:44","modified_gmt":"2024-11-14T08:32:44","slug":"la-sportiva-fade-trucker","status":"publish","type":"product","link":"https:\/\/lucacastelli.com\/de\/produkt\/la-sportiva-fade-trucker\/","title":{"rendered":"La Sportiva Fade Trucker"},"content":{"rendered":"<p>Trucker-M\u00fctze mit Fade-Striped-Print.<\/p>\n<p>Technische<br \/>\nInformationen Materialien:<br \/>\nHauptgewebe: 100% PES R\u00fccken: 100% PES<br \/>\nGr\u00f6\u00dfen:<br \/>\nS\/M &#8211; L\/XL<\/p>\n","protected":false},"excerpt":{"rendered":"<p>Trucker-M\u00fctze mit Fade-Striped-Print. Technische Informationen Materialien: Hauptgewebe: 100% PES R\u00fccken: 100% PES Gr\u00f6\u00dfen: S\/M &#8211; L\/XL<\/p>\n","protected":false},"featured_media":97220,"template":"","meta":{"_seopress_robots_primary_cat":"","_seopress_titles_title":"","_seopress_titles_desc":"","_seopress_robots_index":""},"product_brand":[3649],"product_cat":[1391,82],"product_tag":[],"class_list":{"0":"post-478369","1":"product","2":"type-product","3":"status-publish","4":"has-post-thumbnail","6":"product_brand-la-sportiva-de","7":"product_cat-bekleidungs-accessoires","8":"product_cat-kleidung","10":"first","11":"instock","12":"shipping-taxable","13":"purchasable","14":"product-type-variable"},"_links":{"self":[{"href":"https:\/\/lucacastelli.com\/de\/wp-json\/wp\/v2\/product\/478369","targetHints":{"allow":["GET"]}}],"collection":[{"href":"https:\/\/lucacastelli.com\/de\/wp-json\/wp\/v2\/product"}],"about":[{"href":"https:\/\/lucacastelli.com\/de\/wp-json\/wp\/v2\/types\/product"}],"wp:featuredmedia":[{"embeddable":true,"href":"https:\/\/lucacastelli.com\/de\/wp-json\/wp\/v2\/media\/97220"}],"wp:attachment":[{"href":"https:\/\/lucacastelli.com\/de\/wp-json\/wp\/v2\/media?parent=478369"}],"wp:term":[{"taxonomy":"product_brand","embeddable":true,"href":"https:\/\/lucacastelli.com\/de\/wp-json\/wp\/v2\/product_brand?post=478369"},{"taxonomy":"product_cat","embeddable":true,"href":"https:\/\/lucacastelli.com\/de\/wp-json\/wp\/v2\/product_cat?post=478369"},{"taxonomy":"product_tag","embeddable":true,"href":"https:\/\/lucacastelli.com\/de\/wp-json\/wp\/v2\/product_tag?post=478369"}],"curies":[{"name":"wp","href":"https:\/\/api.w.org\/{rel}","templated":true}]}}