{"id":478347,"date":"2024-11-12T15:35:41","date_gmt":"2024-11-12T14:35:41","guid":{"rendered":"https:\/\/lucacastelli.com\/prodotto\/la-sportiva-crossridge-evo-shell-hose-w\/"},"modified":"2024-11-12T15:35:41","modified_gmt":"2024-11-12T14:35:41","slug":"la-sportiva-crossridge-evo-shell-hose-w","status":"publish","type":"product","link":"https:\/\/lucacastelli.com\/de\/produkt\/la-sportiva-crossridge-evo-shell-hose-w\/","title":{"rendered":"LA SPORTIVA Crossridge Evo Shell Hose W"},"content":{"rendered":"<p>Technischer Schlauch f\u00fcr Skitourengeher aus recyceltem und widerstandsf\u00e4higem EvoShell-Material\u2122.<\/p>\n<p>technische<br \/>\nDaten Passform:<br \/>\nNormale<br \/>\nPassform Gewicht:<br \/>\n520<br \/>\nWeitere Spezifikationen:<br \/>\nWASSERS\u00c4ULE: 45.000<br \/>\nAndere Stoffe:<br \/>\nOberer R\u00fccken, Zwickel und Bein\u00f6ffnungen: (HDM12) GESICHTSFL\u00c4CHE: 100% Recycled PolyesterMEMBRANE: 100% Recycled PolyesterBOTTOM: 100% Recycled<br \/>\nPolyester Material:<br \/>\nHauptmaterial: (HDM11) FACE: 100% Recycled PolyesterMEMBRANES: 100% Recycled PolyesterBacking: 100% Recycled<br \/>\nPolyester Gr\u00f6\u00dfen:<br \/>\nXXS\/XL<br \/>\nOptimaler Einsatz:<br \/>\n SKIBERGSTEIGEN<\/p>\n","protected":false},"excerpt":{"rendered":"<p>Technischer Schlauch f\u00fcr Skitourengeher aus recyceltem und widerstandsf\u00e4higem EvoShell-Material\u2122. technische Daten Passform: Normale Passform Gewicht: 520 Weitere Spezifikationen: WASSERS\u00c4ULE: 45.000<\/p>\n","protected":false},"featured_media":99417,"template":"","meta":{"_seopress_robots_primary_cat":"","_seopress_titles_title":"","_seopress_titles_desc":"","_seopress_robots_index":""},"product_brand":[3649],"product_cat":[1388,974,82],"product_tag":[],"class_list":{"0":"post-478347","1":"product","2":"type-product","3":"status-publish","4":"has-post-thumbnail","6":"product_brand-la-sportiva-de","7":"product_cat-damenbekleidung","8":"product_cat-freizeitkleidung","9":"product_cat-kleidung","11":"first","12":"instock","13":"shipping-taxable","14":"purchasable","15":"product-type-variable"},"_links":{"self":[{"href":"https:\/\/lucacastelli.com\/de\/wp-json\/wp\/v2\/product\/478347","targetHints":{"allow":["GET"]}}],"collection":[{"href":"https:\/\/lucacastelli.com\/de\/wp-json\/wp\/v2\/product"}],"about":[{"href":"https:\/\/lucacastelli.com\/de\/wp-json\/wp\/v2\/types\/product"}],"wp:featuredmedia":[{"embeddable":true,"href":"https:\/\/lucacastelli.com\/de\/wp-json\/wp\/v2\/media\/99417"}],"wp:attachment":[{"href":"https:\/\/lucacastelli.com\/de\/wp-json\/wp\/v2\/media?parent=478347"}],"wp:term":[{"taxonomy":"product_brand","embeddable":true,"href":"https:\/\/lucacastelli.com\/de\/wp-json\/wp\/v2\/product_brand?post=478347"},{"taxonomy":"product_cat","embeddable":true,"href":"https:\/\/lucacastelli.com\/de\/wp-json\/wp\/v2\/product_cat?post=478347"},{"taxonomy":"product_tag","embeddable":true,"href":"https:\/\/lucacastelli.com\/de\/wp-json\/wp\/v2\/product_tag?post=478347"}],"curies":[{"name":"wp","href":"https:\/\/api.w.org\/{rel}","templated":true}]}}