{"id":478343,"date":"2024-11-12T11:04:29","date_gmt":"2024-11-12T10:04:29","guid":{"rendered":"https:\/\/lucacastelli.com\/prodotto\/la-sportiva-biwak-down-jkt-w\/"},"modified":"2024-11-12T11:04:29","modified_gmt":"2024-11-12T10:04:29","slug":"la-sportiva-biwak-down-jkt-w","status":"publish","type":"product","link":"https:\/\/lucacastelli.com\/de\/produkt\/la-sportiva-biwak-down-jkt-w\/","title":{"rendered":"LA SPORTIVA Biwak Down Jkt W"},"content":{"rendered":"<p>Die recycelte und befeuchtete Daunenbekleidung f\u00fcr Skitouren garantiert maximale Haltbarkeit und Sicherheit.<\/p>\n<p>Technische<br \/>\nDaten Passform:<br \/>\nRegular<br \/>\nFit Gewicht:<br \/>\n440<br \/>\nWeitere Spezifikationen:<br \/>\nF\u00dcLLKRAFT: 750 CU. IN. EU<br \/>\nSTANDARD Andere Stoffe:<br \/>\n\u00c4rmel, hintere Fl\u00fcgel und hintere Kapuze: (WSL09) 86 % recyceltes Polyamid 14 % PolyesterFutter: (WSL03) 100 % recyceltes PolyamidF\u00fcllung: 100 % recycelte Daunen WEISS[90 % Daunen, 10 % Federn] (120 g)<br \/>\nMaterial:<br \/>\nHauptgewebe: (WSL11) Pertex\u00ae Quantum 100% Recycled polyester<br \/>\nGr\u00f6\u00dfen:<br \/>\nXS\/XL<br \/>\nOptimale Verwendung:<br \/>\nLIGHT TOURING, SKITOUREN <\/p>\n","protected":false},"excerpt":{"rendered":"<p>Die recycelte und befeuchtete Daunenbekleidung f\u00fcr Skitouren garantiert maximale Haltbarkeit und Sicherheit. Technische Daten Passform: Regular Fit Gewicht: 440 Weitere<\/p>\n","protected":false},"featured_media":99406,"template":"","meta":{"_seopress_robots_primary_cat":"","_seopress_titles_title":"","_seopress_titles_desc":"","_seopress_robots_index":""},"product_brand":[3649],"product_cat":[1388,974,82],"product_tag":[],"class_list":{"0":"post-478343","1":"product","2":"type-product","3":"status-publish","4":"has-post-thumbnail","6":"product_brand-la-sportiva-de","7":"product_cat-damenbekleidung","8":"product_cat-freizeitkleidung","9":"product_cat-kleidung","11":"first","12":"instock","13":"shipping-taxable","14":"purchasable","15":"product-type-variable"},"_links":{"self":[{"href":"https:\/\/lucacastelli.com\/de\/wp-json\/wp\/v2\/product\/478343","targetHints":{"allow":["GET"]}}],"collection":[{"href":"https:\/\/lucacastelli.com\/de\/wp-json\/wp\/v2\/product"}],"about":[{"href":"https:\/\/lucacastelli.com\/de\/wp-json\/wp\/v2\/types\/product"}],"wp:featuredmedia":[{"embeddable":true,"href":"https:\/\/lucacastelli.com\/de\/wp-json\/wp\/v2\/media\/99406"}],"wp:attachment":[{"href":"https:\/\/lucacastelli.com\/de\/wp-json\/wp\/v2\/media?parent=478343"}],"wp:term":[{"taxonomy":"product_brand","embeddable":true,"href":"https:\/\/lucacastelli.com\/de\/wp-json\/wp\/v2\/product_brand?post=478343"},{"taxonomy":"product_cat","embeddable":true,"href":"https:\/\/lucacastelli.com\/de\/wp-json\/wp\/v2\/product_cat?post=478343"},{"taxonomy":"product_tag","embeddable":true,"href":"https:\/\/lucacastelli.com\/de\/wp-json\/wp\/v2\/product_tag?post=478343"}],"curies":[{"name":"wp","href":"https:\/\/api.w.org\/{rel}","templated":true}]}}