{"id":478305,"date":"2024-10-24T12:59:14","date_gmt":"2024-10-24T10:59:14","guid":{"rendered":"https:\/\/lucacastelli.com\/prodotto\/la-sportiva-bushido-iii-wide-damen-gtx\/"},"modified":"2026-03-25T17:20:53","modified_gmt":"2026-03-25T16:20:53","slug":"la-sportiva-bushido-iii-wide-damen-gtx","status":"publish","type":"product","link":"https:\/\/lucacastelli.com\/de\/produkt\/la-sportiva-bushido-iii-wide-damen-gtx\/","title":{"rendered":"La Sportiva Bushido III Wide Damen Gtx"},"content":{"rendered":"<p>Bushido III Wide Woman Gore-Tex, Schuhe f\u00fcr die Welt des Skyrace, stabil und eng anliegend, jetzt auch mit GORE-TEX Invisible Fit-Membran, um Schutz und Flexibilit\u00e4t unter allen Bedingungen zu gew\u00e4hrleisten. Zwei Passformvarianten: die klassische Wraparound-Form und die pr\u00e4zise Bushido-Form, sowie eine zweite WIDE-Version: das gleiche Tragegef\u00fchl, aber mit etwas mehr Volumen.<\/p>\n<p>Technische<br \/>\nDaten Gewicht:<br \/>\n255 1\/2 PAAR<br \/>\nSohle:<br \/>\nFriXion\u00ae Red Bi-Compound mit StollenImpact Brake System Mountain Running seitliche<br \/>\nEinlegesohle:<br \/>\nOrtholite\u00ae Hybrid Mountain Running\u00aeErgonomisch 4 mm<br \/>\nObermaterial:<br \/>\nAtmungsaktives Air-Mesh + thermoklebende TPU-Verst\u00e4rkungen + Seitenteile aus monofilamentem<br \/>\nNylon Futter:<br \/>\nGORE-TEX Invisible Fit<br \/>\nZwischensohle:<br \/>\nEVA-Kompressionssohle + Stability Control-Einsatz und Rock Guard-Einsatz<\/p>\n","protected":false},"excerpt":{"rendered":"<p>Bushido III Wide Woman Gore-Tex, Schuhe f\u00fcr die Welt des Skyrace, stabil und eng anliegend, jetzt auch mit GORE-TEX Invisible<\/p>\n","protected":false},"featured_media":102267,"template":"","meta":{"_seopress_robots_primary_cat":"","_seopress_titles_title":"","_seopress_titles_desc":"","_seopress_robots_index":""},"product_brand":[3419],"product_cat":[28,568,575],"product_tag":[],"class_list":{"0":"post-478305","1":"product","2":"type-product","3":"status-publish","4":"has-post-thumbnail","6":"product_brand-la-sportiva","7":"product_cat-calzature","8":"product_cat-calzature-per-il-tempo-libero","9":"product_cat-calzature-da-donna","10":"sws-gruppo-no-gruppo-de","11":"sws-categoria-sito-de","12":"sws-gruppo-iva-iva81-de","14":"first","15":"instock","16":"shipping-taxable","17":"purchasable","18":"product-type-variable"},"_links":{"self":[{"href":"https:\/\/lucacastelli.com\/de\/wp-json\/wp\/v2\/product\/478305","targetHints":{"allow":["GET"]}}],"collection":[{"href":"https:\/\/lucacastelli.com\/de\/wp-json\/wp\/v2\/product"}],"about":[{"href":"https:\/\/lucacastelli.com\/de\/wp-json\/wp\/v2\/types\/product"}],"wp:featuredmedia":[{"embeddable":true,"href":"https:\/\/lucacastelli.com\/de\/wp-json\/wp\/v2\/media\/102267"}],"wp:attachment":[{"href":"https:\/\/lucacastelli.com\/de\/wp-json\/wp\/v2\/media?parent=478305"}],"wp:term":[{"taxonomy":"product_brand","embeddable":true,"href":"https:\/\/lucacastelli.com\/de\/wp-json\/wp\/v2\/product_brand?post=478305"},{"taxonomy":"product_cat","embeddable":true,"href":"https:\/\/lucacastelli.com\/de\/wp-json\/wp\/v2\/product_cat?post=478305"},{"taxonomy":"product_tag","embeddable":true,"href":"https:\/\/lucacastelli.com\/de\/wp-json\/wp\/v2\/product_tag?post=478305"}],"curies":[{"name":"wp","href":"https:\/\/api.w.org\/{rel}","templated":true}]}}