{"id":478264,"date":"2024-10-24T12:41:35","date_gmt":"2024-10-24T10:41:35","guid":{"rendered":"https:\/\/lucacastelli.com\/prodotto\/la-sportiva-bushido-iii-wide-gtx\/"},"modified":"2026-03-02T10:21:37","modified_gmt":"2026-03-02T09:21:37","slug":"la-sportiva-bushido-iii-wide-gtx","status":"publish","type":"product","link":"https:\/\/lucacastelli.com\/de\/produkt\/la-sportiva-bushido-iii-wide-gtx\/","title":{"rendered":"La Sportiva Bushido III Wide GTX"},"content":{"rendered":"<p>Bushido III Wide Gore-Tex, Schuhe f\u00fcr die Welt des Skyrace, stabil und haftend, jetzt auch mit GORE-TEX Invisible Fit-Membran, um Schutz und Flexibilit\u00e4t unter allen Bedingungen zu gew\u00e4hrleisten. Zwei Passformvarianten: die klassische Wraparound-Form und die pr\u00e4zise Bushido-Form, sowie eine zweite WIDE-Version: das gleiche Tragegef\u00fchl, aber mit etwas mehr Volumen.<\/p>\n<p>Technische<br \/>\nDaten Obermaterial:<br \/>\nAtmungsaktives Air-Mesh + thermoklebende TPU-Verst\u00e4rkungen + Seitenteile aus monofilamentem<br \/>\nNylon Gewicht:<br \/>\n310 1\/2 PAAR<br \/>\nSohle:<br \/>\nFriXion\u00ae Red Bi-Compound mit StollenImpact Brake System Mountain Running seitliche<br \/>\nZwischensohle:<br \/>\nKompressions-EVA-Sohle + Stability Control-Einsatz und Rock Guard-Einsatz<br \/>\nEinlegesohle:<br \/>\nOrtholite\u00ae Hybrid Mountain Running\u00aeErgonomische 4 mm<br \/>\nFutter:<br \/>\nGORE-TEX Invisible Fit<\/p>\n","protected":false},"excerpt":{"rendered":"<p>Bushido III Wide Gore-Tex, Schuhe f\u00fcr die Welt des Skyrace, stabil und haftend, jetzt auch mit GORE-TEX Invisible Fit-Membran, um<\/p>\n","protected":false},"featured_media":102249,"template":"","meta":{"_seopress_robots_primary_cat":"","_seopress_titles_title":"","_seopress_titles_desc":"","_seopress_robots_index":""},"product_brand":[3649],"product_cat":[1419,1431,175],"product_tag":[],"class_list":{"0":"post-478264","1":"product","2":"type-product","3":"status-publish","4":"has-post-thumbnail","6":"product_brand-la-sportiva-de","7":"product_cat-freizeitschuhe","8":"product_cat-herrenschuhe","9":"product_cat-schuhe","10":"sws-gruppo-no-gruppo","11":"sws-categoria-sito","12":"sws-gruppo-iva-iva81","14":"first","15":"instock","16":"shipping-taxable","17":"purchasable","18":"product-type-variable"},"_links":{"self":[{"href":"https:\/\/lucacastelli.com\/de\/wp-json\/wp\/v2\/product\/478264","targetHints":{"allow":["GET"]}}],"collection":[{"href":"https:\/\/lucacastelli.com\/de\/wp-json\/wp\/v2\/product"}],"about":[{"href":"https:\/\/lucacastelli.com\/de\/wp-json\/wp\/v2\/types\/product"}],"wp:featuredmedia":[{"embeddable":true,"href":"https:\/\/lucacastelli.com\/de\/wp-json\/wp\/v2\/media\/102249"}],"wp:attachment":[{"href":"https:\/\/lucacastelli.com\/de\/wp-json\/wp\/v2\/media?parent=478264"}],"wp:term":[{"taxonomy":"product_brand","embeddable":true,"href":"https:\/\/lucacastelli.com\/de\/wp-json\/wp\/v2\/product_brand?post=478264"},{"taxonomy":"product_cat","embeddable":true,"href":"https:\/\/lucacastelli.com\/de\/wp-json\/wp\/v2\/product_cat?post=478264"},{"taxonomy":"product_tag","embeddable":true,"href":"https:\/\/lucacastelli.com\/de\/wp-json\/wp\/v2\/product_tag?post=478264"}],"curies":[{"name":"wp","href":"https:\/\/api.w.org\/{rel}","templated":true}]}}