{"id":478218,"date":"2025-09-09T04:02:35","date_gmt":"2025-09-09T02:02:35","guid":{"rendered":"https:\/\/lucacastelli.com\/prodotto\/la-sportiva-alpine-guide-softshell-jkt-w\/"},"modified":"2026-03-26T22:30:21","modified_gmt":"2026-03-26T21:30:21","slug":"la-sportiva-alpine-guide-softshell-jkt-w","status":"publish","type":"product","link":"https:\/\/lucacastelli.com\/de\/produkt\/la-sportiva-alpine-guide-softshell-jkt-w\/","title":{"rendered":"LA SPORTIVA Alpine Guide Softshell JKT W"},"content":{"rendered":"<p>Vielseitige Jacke f\u00fcr den t\u00e4glichen Einsatz von Bergf\u00fchrern und ambitionierten Alpinistinnen. Die Kombination aus verschiedenen technischen Materialien und innovativen funktionalen Details erf\u00fcllt perfekt die Anforderungen von Sportlerinnen, die das Hochgebirge lieben.<br \/>\nRaglan\u00e4rmel mit Daumenloch<br \/>\nFlachn\u00e4hte am gesamten Kleidungsst\u00fcck<br \/>\n4-Wege-Stretchgewebe f\u00fcr maximale Bewegungsfreiheit<br \/>\nAntibakterielle Polygiene-Behandlung<br \/>\nFlache Brusttasche<br \/>\nYKK Flat-Vislon Frontrei\u00dfverschluss<br \/>\nStrapazierf\u00e4higes und elastisches Gewebe <\/p>\n","protected":false},"excerpt":{"rendered":"<p>Vielseitige Jacke f\u00fcr den t\u00e4glichen Einsatz von Bergf\u00fchrern und ambitionierten Alpinistinnen. Die Kombination aus verschiedenen technischen Materialien und innovativen funktionalen<\/p>\n","protected":false},"featured_media":99390,"template":"","meta":{"_seopress_robots_primary_cat":"none","_seopress_titles_title":"","_seopress_titles_desc":"","_seopress_robots_index":""},"product_brand":[3649],"product_cat":[82,974,1388],"product_tag":[],"class_list":{"0":"post-478218","1":"product","2":"type-product","3":"status-publish","4":"has-post-thumbnail","6":"product_brand-la-sportiva-de","7":"product_cat-kleidung","8":"product_cat-freizeitkleidung","9":"product_cat-damenbekleidung","11":"first","12":"instock","13":"sale","14":"shipping-taxable","15":"purchasable","16":"product-type-variable","17":"has-default-attributes"},"_links":{"self":[{"href":"https:\/\/lucacastelli.com\/de\/wp-json\/wp\/v2\/product\/478218","targetHints":{"allow":["GET"]}}],"collection":[{"href":"https:\/\/lucacastelli.com\/de\/wp-json\/wp\/v2\/product"}],"about":[{"href":"https:\/\/lucacastelli.com\/de\/wp-json\/wp\/v2\/types\/product"}],"wp:featuredmedia":[{"embeddable":true,"href":"https:\/\/lucacastelli.com\/de\/wp-json\/wp\/v2\/media\/99390"}],"wp:attachment":[{"href":"https:\/\/lucacastelli.com\/de\/wp-json\/wp\/v2\/media?parent=478218"}],"wp:term":[{"taxonomy":"product_brand","embeddable":true,"href":"https:\/\/lucacastelli.com\/de\/wp-json\/wp\/v2\/product_brand?post=478218"},{"taxonomy":"product_cat","embeddable":true,"href":"https:\/\/lucacastelli.com\/de\/wp-json\/wp\/v2\/product_cat?post=478218"},{"taxonomy":"product_tag","embeddable":true,"href":"https:\/\/lucacastelli.com\/de\/wp-json\/wp\/v2\/product_tag?post=478218"}],"curies":[{"name":"wp","href":"https:\/\/api.w.org\/{rel}","templated":true}]}}