{"id":478162,"date":"2022-07-05T13:28:10","date_gmt":"2022-07-05T11:28:10","guid":{"rendered":"https:\/\/lucacastelli.com\/?post_type=product&#038;p=478162"},"modified":"2025-07-29T09:06:08","modified_gmt":"2025-07-29T07:06:08","slug":"la-sportiva-ultra-raptor-ii-wide-damen-gtx","status":"publish","type":"product","link":"https:\/\/lucacastelli.com\/de\/produkt\/la-sportiva-ultra-raptor-ii-wide-damen-gtx\/","title":{"rendered":"LA SPORTIVA Ultra Raptor II Wide Damen GTX"},"content":{"rendered":"<p>Eine feminine Version der \u00e4sthetischen Neuauflage des ber\u00fchmten Ultra Raptor-Modells, ein Bergschuh mit Gore-Tex\u00ae Extended Comfort Membran, der auch in den Wintermonaten f\u00fcr lange Strecken im Gel\u00e4nde entwickelt wurde. Das Gore-Tex-Membranfutter\u00ae l\u00e4sst Schwei\u00df entweichen, aber kein Wasser eindringen und ist damit ideal f\u00fcr das Laufen im Winter. Die hintere stabilisierende Ferse erm\u00f6glicht eine perfekte Kontrolle \u00fcber die Querstangen. Das Schn\u00fcrsystem ist durch Schlaufen, die an das interne elastische Gewebe gen\u00e4ht sind, und mit hochfrequenten Verst\u00e4rkungen am \u00e4u\u00dferen Mesh in das Obermaterial integriert: Dieses System erm\u00f6glicht es, die Spannung der Schn\u00fcrung auf das gesamte Obermaterial zu verteilen und den Fu\u00df bestm\u00f6glich f\u00fcr perfekten Komfort zu umschlie\u00dfen. Ultra Raptor II GTX\u00ae ist auch in einer Wide-Fit-Komfortversion erh\u00e4ltlich, die f\u00fcr Wanderer mit breiten F\u00fc\u00dfen gedacht ist. Das Ergebnis ist ein technischer und leichter Schuh, der viele Stunden am St\u00fcck getragen werden kann und f\u00fcr den Offroad-Einsatz auf jedem Gel\u00e4nde geeignet ist. Raffe dich wieder ein.      <\/p>\n<p>Obermaterial:<br \/>\n abriebfestes Mesh mit Mikrofaser-Verst\u00e4rkungsband mit Anti-Abrieb-Beschichtung<\/p>\n<p>Futter:<br \/>\nGore-Tex\u00ae Extended Comfort Fu\u00dfbett<br \/>\n:<br \/>\nOrtholite\u00ae Hybrid Wandern<\/p>\n<p>Zwischensohle:<br \/>\n Memlex Eva mit sto\u00dfd\u00e4mpfender Einspritzung<\/p>\n<p>Au\u00dfensohle:<br \/>\n FriXion\u00ae White mit IBS und integrierter sto\u00dffester Gummikappe<\/p>\n<p>Gr\u00f6\u00dfen:<br \/>\n 36-43 +1\/2<\/p>\n<p>Gewicht:<br \/>\n 335 g (ein halbes Paar)<\/p>\n","protected":false},"excerpt":{"rendered":"<p>Eine feminine Version der \u00e4sthetischen Neuauflage des ber\u00fchmten Ultra Raptor-Modells, ein Bergschuh mit Gore-Tex\u00ae Extended Comfort Membran, der auch in<\/p>\n","protected":false},"featured_media":74257,"template":"","meta":{"_seopress_robots_primary_cat":"","_seopress_titles_title":"","_seopress_titles_desc":"","_seopress_robots_index":""},"product_brand":[3649],"product_cat":[1430,1419,175],"product_tag":[],"class_list":{"0":"post-478162","1":"product","2":"type-product","3":"status-publish","4":"has-post-thumbnail","6":"product_brand-la-sportiva-de","7":"product_cat-damen-schuhe","8":"product_cat-freizeitschuhe","9":"product_cat-schuhe","10":"sws-gruppo-abb-libero-de","11":"sws-conto-ricavi-merci-rivendita-abbigliamento-de","12":"sws-gruppo-iva-iva81-de","14":"first","15":"instock","16":"shipping-taxable","17":"purchasable","18":"product-type-variable"},"_links":{"self":[{"href":"https:\/\/lucacastelli.com\/de\/wp-json\/wp\/v2\/product\/478162","targetHints":{"allow":["GET"]}}],"collection":[{"href":"https:\/\/lucacastelli.com\/de\/wp-json\/wp\/v2\/product"}],"about":[{"href":"https:\/\/lucacastelli.com\/de\/wp-json\/wp\/v2\/types\/product"}],"wp:featuredmedia":[{"embeddable":true,"href":"https:\/\/lucacastelli.com\/de\/wp-json\/wp\/v2\/media\/74257"}],"wp:attachment":[{"href":"https:\/\/lucacastelli.com\/de\/wp-json\/wp\/v2\/media?parent=478162"}],"wp:term":[{"taxonomy":"product_brand","embeddable":true,"href":"https:\/\/lucacastelli.com\/de\/wp-json\/wp\/v2\/product_brand?post=478162"},{"taxonomy":"product_cat","embeddable":true,"href":"https:\/\/lucacastelli.com\/de\/wp-json\/wp\/v2\/product_cat?post=478162"},{"taxonomy":"product_tag","embeddable":true,"href":"https:\/\/lucacastelli.com\/de\/wp-json\/wp\/v2\/product_tag?post=478162"}],"curies":[{"name":"wp","href":"https:\/\/api.w.org\/{rel}","templated":true}]}}