{"id":478161,"date":"2022-07-04T17:28:47","date_gmt":"2022-07-04T15:28:47","guid":{"rendered":"https:\/\/lucacastelli.com\/?post_type=product&#038;p=478161"},"modified":"2025-07-29T09:06:15","modified_gmt":"2025-07-29T07:06:15","slug":"la-sportiva-falkon-low-gtx","status":"publish","type":"product","link":"https:\/\/lucacastelli.com\/de\/produkt\/la-sportiva-falkon-low-gtx\/","title":{"rendered":"LA SPORTIVA Falkon Low GTX"},"content":{"rendered":"<p>Trailrunning- und Freizeitschuhe, die den Kleinen gewidmet sind, beziehen sich in Bezug auf das Aussehen und einige technische L\u00f6sungen auf das ber\u00fchmte Raptor GTX-Modell.<\/p>\n<p>BESCHREIBUNG<br \/>\nFalkon Low ist perfekt f\u00fcr den t\u00e4glichen Gebrauch und zum Laufen\/Walken auf unbefestigtem Gel\u00e4nde. Bequemes Obermaterial und keine Kompressionspunkte am Fu\u00df f\u00fcr maximalen Komfort auch bei l\u00e4ngerem t\u00e4glichen Gebrauch. Die Mikrofasereins\u00e4tze, die Zehenschutzkappe aus Gummi und der Stabilisator an der Ferse verhindern St\u00f6\u00dfe und sorgen f\u00fcr sichere Spazierg\u00e4nge auf dem Trail. Der extra weiche Kragen sorgt f\u00fcr zus\u00e4tzlichen Komfort in der Passform, w\u00e4hrend das Schnellspann-Schn\u00fcrsystem mit automatischer Entriegelung zur Sicherheit des Kindes beitr\u00e4gt, auch auf Wegen, auf denen sich Wurzeln oder \u00c4ste leicht verfangen k\u00f6nnen. Die weiche Eva-Zwischensohle und die FriXion At-Sohle tragen zum allgemeinen Komfort und zur Stabilit\u00e4t der Unterst\u00fctzung bei.    <\/p>\n<p>Obermaterial:<br \/>\n Atmungsaktives Mesh mit thermoklebenden Mikrofaserverst\u00e4rkungen und abriebfester Kante + sto\u00dffeste Zehenschutzkappe aus Gummi.<br \/>\nFutter:<br \/>\n Rutschfestes<br \/>\nMesh Zwischensohle:<br \/>\n Memlex Eva leicht und sto\u00dfd\u00e4mpfend.<br \/>\nSohle:<br \/>\n FriXion AT mit Impact Brake System.<br \/>\nGr\u00f6\u00dfen:<br \/>\n27 &#8211; 40 (nur ganze Zahlen)<br \/>\nGewicht:<br \/>\n215 gr (Paar, Gr\u00f6\u00dfe 30)<\/p>\n","protected":false},"excerpt":{"rendered":"<p>Trailrunning- und Freizeitschuhe, die den Kleinen gewidmet sind, beziehen sich in Bezug auf das Aussehen und einige technische L\u00f6sungen auf<\/p>\n","protected":false},"featured_media":73892,"template":"","meta":{"_seopress_robots_primary_cat":"","_seopress_titles_title":"","_seopress_titles_desc":"","_seopress_robots_index":""},"product_brand":[3649],"product_cat":[1419,1425,175],"product_tag":[],"class_list":{"0":"post-478161","1":"product","2":"type-product","3":"status-publish","4":"has-post-thumbnail","6":"product_brand-la-sportiva-de","7":"product_cat-freizeitschuhe","8":"product_cat-kinderschuhe","9":"product_cat-schuhe","10":"sws-gruppo-abb-libero-de","11":"sws-conto-ricavi-merci-rivendita-abbigliamento-de","12":"sws-gruppo-iva-iva81-de","14":"first","15":"instock","16":"shipping-taxable","17":"purchasable","18":"product-type-variable"},"_links":{"self":[{"href":"https:\/\/lucacastelli.com\/de\/wp-json\/wp\/v2\/product\/478161","targetHints":{"allow":["GET"]}}],"collection":[{"href":"https:\/\/lucacastelli.com\/de\/wp-json\/wp\/v2\/product"}],"about":[{"href":"https:\/\/lucacastelli.com\/de\/wp-json\/wp\/v2\/types\/product"}],"wp:featuredmedia":[{"embeddable":true,"href":"https:\/\/lucacastelli.com\/de\/wp-json\/wp\/v2\/media\/73892"}],"wp:attachment":[{"href":"https:\/\/lucacastelli.com\/de\/wp-json\/wp\/v2\/media?parent=478161"}],"wp:term":[{"taxonomy":"product_brand","embeddable":true,"href":"https:\/\/lucacastelli.com\/de\/wp-json\/wp\/v2\/product_brand?post=478161"},{"taxonomy":"product_cat","embeddable":true,"href":"https:\/\/lucacastelli.com\/de\/wp-json\/wp\/v2\/product_cat?post=478161"},{"taxonomy":"product_tag","embeddable":true,"href":"https:\/\/lucacastelli.com\/de\/wp-json\/wp\/v2\/product_tag?post=478161"}],"curies":[{"name":"wp","href":"https:\/\/api.w.org\/{rel}","templated":true}]}}