{"id":478124,"date":"2022-06-14T06:05:51","date_gmt":"2022-06-14T04:05:51","guid":{"rendered":"https:\/\/lucacastelli.com\/?post_type=product&#038;p=478124"},"modified":"2025-07-29T09:06:23","modified_gmt":"2025-07-29T07:06:23","slug":"la-sportiva-schakal","status":"publish","type":"product","link":"https:\/\/lucacastelli.com\/de\/produkt\/la-sportiva-schakal\/","title":{"rendered":"LA SPORTIVA Schakal"},"content":{"rendered":"<p>Berglaufschuh f\u00fcr das Laufen im Gel\u00e4nde \u00fcber Ultradistanzen und l\u00e4ngeres Training \u00fcber mittlere Distanzen dank der au\u00dfergew\u00f6hnlichen D\u00e4mpfung, die durch die innovative Infinitoo-Technologie\u2122 mit hoher Energier\u00fcckgabe garantiert wird.<\/p>\n<p>Jackal ist der Berglaufschuh, der dank der au\u00dfergew\u00f6hnlichen D\u00e4mpfung, die durch die innovative Infinitoo-Technologie\u2122 mit hoher Energier\u00fcckgabe garantiert wird, f\u00fcr das Laufen im Gel\u00e4nde \u00fcber Ultradistanzen und f\u00fcr l\u00e4ngeres Training \u00fcber mittlere Distanzen bestimmt ist. Jedes Detail, vom Obermaterial bis zur Sohle, ist darauf ausgelegt, den Komfort des Fu\u00dfes auf langen Strecken zu f\u00f6rdern: bequeme Passform und weite Passform f\u00fcr den Einsatz bei Ultra-Marathons, umh\u00fcllende und weiche, elastische Komfortzunge f\u00fcr maximale Bewegungsfreiheit, interne Balgkonstruktion, Schutz vor Steinen oder Schlamm. Bei der Schn\u00fcrung sind die Schlaufen direkt in die Seitenteile des Obermaterials eingearbeitet: eine L\u00f6sung, die die Anpassung des Volumens bei Langstreckenl\u00e4ufen erleichtert, bei denen der Fu\u00df dazu neigt, sich zu vergr\u00f6\u00dfern. Das seitliche Net-Mesh f\u00f6rdert die Bel\u00fcftung und den klimatischen Komfort. Das Herzst\u00fcck von Jackal liegt jedoch in dem innovativen EVA-Sohlen-\/Zwischensohlenpaket mit sto\u00dfd\u00e4mpfenden Innenpolstern aus Polyurethan mit Infinitoo-Technologie\u2122 mit hoher Energier\u00fcckgabe. Das vordere Element erh\u00f6ht die D\u00e4mpfung, der hintere Einsatz tr\u00e4gt zur Stabilisierung des Fahrverhaltens bei. Die Zwischensohle integriert au\u00dferdem einen hochdichten EVA Rock-Shield-Einsatz f\u00fcr ein stabileres Laufgef\u00fchl und einen Rock-Guard-Effekt. Das Profil besteht aus Frixion Red-Mischung mit unterschiedlicher Dicke, Impact Brake System und FLEX-L\u00e4ngskerben, die die Biegung der Sohle entlang der Faltenlinien beg\u00fcnstigen. Die leichte und sto\u00dffeste, thermogeformte Zehenkappe sorgt f\u00fcr Leichtigkeit und Schutz, w\u00e4hrend die FriXion Red Dual-Compound-Sohle f\u00fcr maximalen Grip und Haltbarkeit sorgt. Ein Konzentrat an Technologie, inspiriert von denen, die auf der Suche nach ihren Grenzen und auf der Suche nach sich selbst rennen. Schakal: finde deinen Ultra.          <\/p>\n<p>Obermaterial:<br \/>\n Sandwitch-Mesh (Zehen und Zunge) + thermoklebende TPU-Verst\u00e4rkungen + Seitenteile aus Nylon mit einfachem Grat + Lycra-Kragen\u00ae.<\/p>\n<p>Futter:<br \/>\n Anti-Scheuer-Mikrofaser<\/p>\n<p>Einlegesohle:<br \/>\n Ortholite\u00ae ergonomisch<\/p>\n<p>Zwischensohle:<br \/>\n Aus EVA mit Polyurethan-Eins\u00e4tzen der Infinitoo-Technologie\u2122 + hochdichter EVA-Felsschild + zus\u00e4tzliche interne Plattform-Cushoning-Schicht<\/p>\n<p>Sohle:<br \/>\n FriXion\u00ae Red Bi-Compound mit seitlichen IBS-Stollen<\/p>\n<p>Gewicht:<br \/>\n305 g (halbes Paar)<\/p>\n<p>Tropfen:<br \/>\n 7 mm<\/p>\n","protected":false},"excerpt":{"rendered":"<p>Berglaufschuh f\u00fcr das Laufen im Gel\u00e4nde \u00fcber Ultradistanzen und l\u00e4ngeres Training \u00fcber mittlere Distanzen dank der au\u00dfergew\u00f6hnlichen D\u00e4mpfung, die durch<\/p>\n","protected":false},"featured_media":68207,"template":"","meta":{"_seopress_robots_primary_cat":"","_seopress_titles_title":"","_seopress_titles_desc":"","_seopress_robots_index":""},"product_brand":[3649],"product_cat":[1419,1431,175],"product_tag":[],"class_list":{"0":"post-478124","1":"product","2":"type-product","3":"status-publish","4":"has-post-thumbnail","6":"product_brand-la-sportiva-de","7":"product_cat-freizeitschuhe","8":"product_cat-herrenschuhe","9":"product_cat-schuhe","10":"sws-gruppo-abb-libero-de","11":"sws-conto-ricavi-merci-rivendita-abbigliamento-de","12":"sws-gruppo-iva-iva81-de","14":"first","15":"instock","16":"shipping-taxable","17":"purchasable","18":"product-type-variable"},"_links":{"self":[{"href":"https:\/\/lucacastelli.com\/de\/wp-json\/wp\/v2\/product\/478124","targetHints":{"allow":["GET"]}}],"collection":[{"href":"https:\/\/lucacastelli.com\/de\/wp-json\/wp\/v2\/product"}],"about":[{"href":"https:\/\/lucacastelli.com\/de\/wp-json\/wp\/v2\/types\/product"}],"wp:featuredmedia":[{"embeddable":true,"href":"https:\/\/lucacastelli.com\/de\/wp-json\/wp\/v2\/media\/68207"}],"wp:attachment":[{"href":"https:\/\/lucacastelli.com\/de\/wp-json\/wp\/v2\/media?parent=478124"}],"wp:term":[{"taxonomy":"product_brand","embeddable":true,"href":"https:\/\/lucacastelli.com\/de\/wp-json\/wp\/v2\/product_brand?post=478124"},{"taxonomy":"product_cat","embeddable":true,"href":"https:\/\/lucacastelli.com\/de\/wp-json\/wp\/v2\/product_cat?post=478124"},{"taxonomy":"product_tag","embeddable":true,"href":"https:\/\/lucacastelli.com\/de\/wp-json\/wp\/v2\/product_tag?post=478124"}],"curies":[{"name":"wp","href":"https:\/\/api.w.org\/{rel}","templated":true}]}}