{"id":477985,"date":"2022-06-10T03:08:22","date_gmt":"2022-06-10T01:08:22","guid":{"rendered":"https:\/\/lucacastelli.com\/?post_type=product&#038;p=477985"},"modified":"2025-07-29T09:06:33","modified_gmt":"2025-07-29T07:06:33","slug":"la-sportiva-embrace-t-shirt-m","status":"publish","type":"product","link":"https:\/\/lucacastelli.com\/de\/produkt\/la-sportiva-embrace-t-shirt-m\/","title":{"rendered":"LA SPORTIVA Embrace T-Shirt M"},"content":{"rendered":"<p>Das Embrace T-Shirt ist das perfekte Piece f\u00fcr einen Tagesausflug in die Berge. Der kuschelige Stoff und die Verst\u00e4rkungen an den Schultern verleihen ihm Atmungsaktivit\u00e4t und Strapazierf\u00e4higkeit, wenn er mit einem leichten Rucksack verwendet wird. <\/p>\n","protected":false},"excerpt":{"rendered":"<p>Das Embrace T-Shirt ist das perfekte Piece f\u00fcr einen Tagesausflug in die Berge. Der kuschelige Stoff und die Verst\u00e4rkungen an<\/p>\n","protected":false},"featured_media":63494,"template":"","meta":{"_seopress_robots_primary_cat":"","_seopress_titles_title":"","_seopress_titles_desc":"","_seopress_robots_index":""},"product_brand":[3419],"product_cat":[21,189,190],"product_tag":[],"class_list":{"0":"post-477985","1":"product","2":"type-product","3":"status-publish","4":"has-post-thumbnail","6":"product_brand-la-sportiva","7":"product_cat-abbigliamento","8":"product_cat-abbigliamento-per-il-tempo-libero","9":"product_cat-abbigliamento-da-uomo","10":"sws-gruppo-abb-libero-de","11":"sws-conto-ricavi-merci-rivendita-abbigliamento-de","12":"sws-gruppo-iva-iva81-de","14":"first","15":"instock","16":"shipping-taxable","17":"purchasable","18":"product-type-variable"},"_links":{"self":[{"href":"https:\/\/lucacastelli.com\/de\/wp-json\/wp\/v2\/product\/477985","targetHints":{"allow":["GET"]}}],"collection":[{"href":"https:\/\/lucacastelli.com\/de\/wp-json\/wp\/v2\/product"}],"about":[{"href":"https:\/\/lucacastelli.com\/de\/wp-json\/wp\/v2\/types\/product"}],"wp:featuredmedia":[{"embeddable":true,"href":"https:\/\/lucacastelli.com\/de\/wp-json\/wp\/v2\/media\/63494"}],"wp:attachment":[{"href":"https:\/\/lucacastelli.com\/de\/wp-json\/wp\/v2\/media?parent=477985"}],"wp:term":[{"taxonomy":"product_brand","embeddable":true,"href":"https:\/\/lucacastelli.com\/de\/wp-json\/wp\/v2\/product_brand?post=477985"},{"taxonomy":"product_cat","embeddable":true,"href":"https:\/\/lucacastelli.com\/de\/wp-json\/wp\/v2\/product_cat?post=477985"},{"taxonomy":"product_tag","embeddable":true,"href":"https:\/\/lucacastelli.com\/de\/wp-json\/wp\/v2\/product_tag?post=477985"}],"curies":[{"name":"wp","href":"https:\/\/api.w.org\/{rel}","templated":true}]}}