{"id":477973,"date":"2022-06-12T19:27:12","date_gmt":"2022-06-12T17:27:12","guid":{"rendered":"https:\/\/lucacastelli.com\/prodotto\/la-sportiva-nepal-cube-damen-gtx\/"},"modified":"2026-04-14T03:35:15","modified_gmt":"2026-04-14T01:35:15","slug":"la-sportiva-nepal-cube-damen-gtx","status":"publish","type":"product","link":"https:\/\/lucacastelli.com\/de\/produkt\/la-sportiva-nepal-cube-damen-gtx\/","title":{"rendered":"LA SPORTIVA Nepal Cube Woman GTX"},"content":{"rendered":"<p>Ein thermischer, technischer und leichter Bergschuh, der die Nepal-Kategorie erg\u00e4nzt. Dieses Modell verk\u00f6rpert den Stand der Technik bei technischen Bergschuhen f\u00fcr das Klettern mit Steigeisen im Hochgebirge und in gemischtem Gel\u00e4nde.<br \/>\nDer Nepal Cube stellt, wie der Name schon sagt, dank seiner aussergew\u00f6hnlichen Leichtigkeit und seiner thermischen Eigenschaften (nur 800 g pro Fuss) einen neuen Meilenstein in der Definition technischer Bergschuhe dar. Diese Eigenschaften werden durch das geringe Gewicht der Sohle\/Brandsohle erreicht, die Carbon-Wabentechnologie, eine Thermo-Einlegesohle und Kleinteile aus Leichtstahl verwendet. Das Gore-Tex Insulated Comfort-Futter tr\u00e4gt zum allgemeinen Komfort des Schuhs bei und garantiert Atmungsaktivit\u00e4t sowie Wasserfestigkeit. Die EZ OUT-Zungentechnologie erm\u00f6glicht eine pr\u00e4zisere Passform und f\u00f6rdert die Schweissabsorption durch ein Gewebe, das Feuchtigkeit vom Fuss ableitet. Das 3D Flex-System bietet Gehkomfort und Kn\u00f6chelunterst\u00fctzung in steilem Gel\u00e4nde. Die Vibram-Sohle mit Impact Brake System d\u00e4mpft den Aufprall auf den Boden, w\u00e4hrend die Stollen die Traktion f\u00f6rdern und die F\u00fcsse beim Abstieg unter Kontrolle halten. Nepal Cube: der Ursprung einer neuen Spezies.       <\/p>\n<p>Die abnehmbare EZ Out-Zunge erm\u00f6glicht eine pr\u00e4zisere Anpassung der Passform und hilft, Schweiss durch ein Gewebe abzuleiten, das Feuchtigkeit aus dem Schuh transportiert.<br \/>\nDer umlaufende Gummirand sch\u00fctzt vor St\u00f6ssen und Abrieb.<br \/>\nDas geringe Gewicht der Metallkleinteile reduziert das Gesamtgewicht des Schuhs.<br \/>\nDas 3D Flex-System erleichtert das Gehen und st\u00fctzt den Kn\u00f6chel in steilem Gel\u00e4nde.<\/p>\n","protected":false},"excerpt":{"rendered":"<p>Ein thermischer, technischer und leichter Bergschuh, der die Nepal-Kategorie erg\u00e4nzt. Dieses Modell verk\u00f6rpert den Stand der Technik bei technischen Bergschuhen<\/p>\n","protected":false},"featured_media":67509,"template":"","meta":{"_seopress_robots_primary_cat":"none","_seopress_titles_title":"","_seopress_titles_desc":"","_seopress_robots_index":""},"product_brand":[3649],"product_cat":[175,1419,1430],"product_tag":[],"class_list":{"0":"post-477973","1":"product","2":"type-product","3":"status-publish","4":"has-post-thumbnail","6":"product_brand-la-sportiva-de","7":"product_cat-schuhe","8":"product_cat-freizeitschuhe","9":"product_cat-damen-schuhe","11":"first","12":"instock","13":"shipping-taxable","14":"purchasable","15":"product-type-variable","16":"has-default-attributes"},"_links":{"self":[{"href":"https:\/\/lucacastelli.com\/de\/wp-json\/wp\/v2\/product\/477973","targetHints":{"allow":["GET"]}}],"collection":[{"href":"https:\/\/lucacastelli.com\/de\/wp-json\/wp\/v2\/product"}],"about":[{"href":"https:\/\/lucacastelli.com\/de\/wp-json\/wp\/v2\/types\/product"}],"wp:featuredmedia":[{"embeddable":true,"href":"https:\/\/lucacastelli.com\/de\/wp-json\/wp\/v2\/media\/67509"}],"wp:attachment":[{"href":"https:\/\/lucacastelli.com\/de\/wp-json\/wp\/v2\/media?parent=477973"}],"wp:term":[{"taxonomy":"product_brand","embeddable":true,"href":"https:\/\/lucacastelli.com\/de\/wp-json\/wp\/v2\/product_brand?post=477973"},{"taxonomy":"product_cat","embeddable":true,"href":"https:\/\/lucacastelli.com\/de\/wp-json\/wp\/v2\/product_cat?post=477973"},{"taxonomy":"product_tag","embeddable":true,"href":"https:\/\/lucacastelli.com\/de\/wp-json\/wp\/v2\/product_tag?post=477973"}],"curies":[{"name":"wp","href":"https:\/\/api.w.org\/{rel}","templated":true}]}}