{"id":477945,"date":"2022-06-10T04:57:34","date_gmt":"2022-06-10T02:57:34","guid":{"rendered":"https:\/\/lucacastelli.com\/?post_type=product&#038;p=477945"},"modified":"2025-07-29T09:06:30","modified_gmt":"2025-07-29T07:06:30","slug":"la-sportiva-kapuzenpullover-mit-logo","status":"publish","type":"product","link":"https:\/\/lucacastelli.com\/de\/produkt\/la-sportiva-kapuzenpullover-mit-logo\/","title":{"rendered":"LA SPORTIVA Kapuzenpullover mit Logo"},"content":{"rendered":"<p>Ein elegantes, warmes und funktionelles Sweatshirt: der Logo Hoody von La Sportiva! Das Sweatshirt ist aus weichem Baumwollfleece gefertigt und l\u00e4dt zum Tragen, Wohlf\u00fchlen und Laufen ein. Der Schnitt liegt nah am K\u00f6rper an, l\u00e4sst aber gen\u00fcgend Bewegungsfreiheit f\u00fcr einen Lauf im Wald oder eine Runde Bouldern am Fels. Oder f\u00fcr einen gem\u00fctlichen Snack auf dem Sofa. Dank der gro\u00dfen Kapuze und der gro\u00dfen Fronttasche ist der La Sportiva Logo Hoody eine gute Wahl f\u00fcr k\u00fchles Wetter!    <\/p>\n<p>Hauptmaterial: 100% Baumwolle<br \/>\nMaterialart: Baumwolle<br \/>\nTaschen: 2 Vordertaschen<\/p>\n","protected":false},"excerpt":{"rendered":"<p>Ein elegantes, warmes und funktionelles Sweatshirt: der Logo Hoody von La Sportiva! Das Sweatshirt ist aus weichem Baumwollfleece gefertigt und<\/p>\n","protected":false},"featured_media":64038,"template":"","meta":{"_seopress_robots_primary_cat":"","_seopress_titles_title":"","_seopress_titles_desc":"","_seopress_robots_index":""},"product_brand":[3649],"product_cat":[974,975,82],"product_tag":[],"class_list":{"0":"post-477945","1":"product","2":"type-product","3":"status-publish","4":"has-post-thumbnail","6":"product_brand-la-sportiva-de","7":"product_cat-freizeitkleidung","8":"product_cat-herrenbekleidung","9":"product_cat-kleidung","10":"sws-gruppo-abb-libero-de","11":"sws-conto-ricavi-merci-rivendita-abbigliamento-de","12":"sws-gruppo-iva-iva81-de","14":"first","15":"instock","16":"shipping-taxable","17":"purchasable","18":"product-type-variable"},"_links":{"self":[{"href":"https:\/\/lucacastelli.com\/de\/wp-json\/wp\/v2\/product\/477945","targetHints":{"allow":["GET"]}}],"collection":[{"href":"https:\/\/lucacastelli.com\/de\/wp-json\/wp\/v2\/product"}],"about":[{"href":"https:\/\/lucacastelli.com\/de\/wp-json\/wp\/v2\/types\/product"}],"wp:featuredmedia":[{"embeddable":true,"href":"https:\/\/lucacastelli.com\/de\/wp-json\/wp\/v2\/media\/64038"}],"wp:attachment":[{"href":"https:\/\/lucacastelli.com\/de\/wp-json\/wp\/v2\/media?parent=477945"}],"wp:term":[{"taxonomy":"product_brand","embeddable":true,"href":"https:\/\/lucacastelli.com\/de\/wp-json\/wp\/v2\/product_brand?post=477945"},{"taxonomy":"product_cat","embeddable":true,"href":"https:\/\/lucacastelli.com\/de\/wp-json\/wp\/v2\/product_cat?post=477945"},{"taxonomy":"product_tag","embeddable":true,"href":"https:\/\/lucacastelli.com\/de\/wp-json\/wp\/v2\/product_tag?post=477945"}],"curies":[{"name":"wp","href":"https:\/\/api.w.org\/{rel}","templated":true}]}}