{"id":477933,"date":"2026-04-02T13:58:35","date_gmt":"2026-04-02T11:58:35","guid":{"rendered":"https:\/\/lucacastelli.com\/?post_type=product&#038;p=477933"},"modified":"2026-04-13T22:04:27","modified_gmt":"2026-04-13T20:04:27","slug":"la-sportiva-tx4-damen","status":"publish","type":"product","link":"https:\/\/lucacastelli.com\/de\/produkt\/la-sportiva-tx4-damen\/","title":{"rendered":"LA SPORTIVA TX4 Woman"},"content":{"rendered":"<p>Lederschuh aus der Approach-Serie Traverse X, entwickelt f\u00fcr technische Zustiege, Klettersteige und Wanderungen: leicht, komfortabel und mit Kletter-Look \u2013 ideal f\u00fcr Alpinisten und Bergliebhaber.<\/p>\n<p>Lederschuh f\u00fcr technische Zustiege und Klettersteige aus der Approach-Serie Traverse X: ideal f\u00fcr l\u00e4ngeren Einsatz durch Bergf\u00fchrer und Bergprofis. Jedes Detail ist auf Grip, Komfort und Schutz beim Zustieg ausgelegt und beg\u00fcnstigt den technischen Einsatz bis zum Wandfuss. TX4 ist ein robuster Schuh &#8220;built to last&#8221;, gebaut f\u00fcr Langlebigkeit dank des STB Control System\u2122-Konstruktionssystems, das Struktur und Torsionsstabilit\u00e4t bietet. Klares, essentielles Design dank sehr robustem Lederschaft, hohe Abriebfestigkeit dank umlaufendem PU TechLite-Rand, Vibram MegaGrip-Sohle mit Kletterzone vorne und Impact Brake System hinten: konzipiert f\u00fcr Klettern und Abstiege auf technischem Gel\u00e4nde. Das Schn\u00fcrsystem stammt vom Klettermodell Mythos und erm\u00f6glicht die Einstellung von Spannung und Passform in einer einzigen Bewegung. Traverse X ist der ultimative Ausdruck komfortabler, schneller und sicherer Fortbewegung im Gebirge.    <\/p>\n<p>Schaft:<br \/>\nVeloursleder + Schutzrand + PU TechLite 1,5 mm und sch\u00fctzende Gummikappe.<\/p>\n<p>Futter:<br \/>\nMesh.<\/p>\n<p>Zwischensohle:<br \/>\nD\u00e4mpfendes EVA-Spritzguss.<\/p>\n<p>Einlegesohle:<br \/>\nOrtholite Approach 4 mm.<\/p>\n<p>Sohle:<br \/>\nVibram Mega-Grip mit Impact Brake System und Kletterzone vorne.<\/p>\n<p>Gr\u00f6ssen:<br \/>\n36 &#8211; 42 (inkl. halbe Gr\u00f6ssen).<\/p>\n<p>Patente:<br \/>\nMythos-Schn\u00fcrsystem.<\/p>\n<p>Gewicht:<br \/>\n290 g pro Einzelschuh, Gr\u00f6sse 38.<\/p>\n","protected":false},"excerpt":{"rendered":"<p>Lederschuh aus der Approach-Serie Traverse X, entwickelt f\u00fcr technische Zustiege, Klettersteige und Wanderungen: leicht, komfortabel und mit Kletter-Look \u2013 ideal<\/p>\n","protected":false},"featured_media":827602,"template":"","meta":{"_seopress_robots_primary_cat":"none","_seopress_titles_title":"","_seopress_titles_desc":"","_seopress_robots_index":""},"product_brand":[3649],"product_cat":[1430,1419,175],"product_tag":[],"class_list":{"0":"post-477933","1":"product","2":"type-product","3":"status-publish","4":"has-post-thumbnail","6":"product_brand-la-sportiva-de","7":"product_cat-damen-schuhe","8":"product_cat-freizeitschuhe","9":"product_cat-schuhe","10":"sws-gruppo-abb-libero-de","11":"sws-conto-ricavi-merci-rivendita-abbigliamento-de","12":"sws-gruppo-iva-iva81-de","14":"first","15":"instock","16":"shipping-taxable","17":"purchasable","18":"product-type-variable","19":"has-default-attributes"},"_links":{"self":[{"href":"https:\/\/lucacastelli.com\/de\/wp-json\/wp\/v2\/product\/477933","targetHints":{"allow":["GET"]}}],"collection":[{"href":"https:\/\/lucacastelli.com\/de\/wp-json\/wp\/v2\/product"}],"about":[{"href":"https:\/\/lucacastelli.com\/de\/wp-json\/wp\/v2\/types\/product"}],"wp:featuredmedia":[{"embeddable":true,"href":"https:\/\/lucacastelli.com\/de\/wp-json\/wp\/v2\/media\/827602"}],"wp:attachment":[{"href":"https:\/\/lucacastelli.com\/de\/wp-json\/wp\/v2\/media?parent=477933"}],"wp:term":[{"taxonomy":"product_brand","embeddable":true,"href":"https:\/\/lucacastelli.com\/de\/wp-json\/wp\/v2\/product_brand?post=477933"},{"taxonomy":"product_cat","embeddable":true,"href":"https:\/\/lucacastelli.com\/de\/wp-json\/wp\/v2\/product_cat?post=477933"},{"taxonomy":"product_tag","embeddable":true,"href":"https:\/\/lucacastelli.com\/de\/wp-json\/wp\/v2\/product_tag?post=477933"}],"curies":[{"name":"wp","href":"https:\/\/api.w.org\/{rel}","templated":true}]}}