{"id":477881,"date":"2022-06-09T08:17:04","date_gmt":"2022-06-09T06:17:04","guid":{"rendered":"https:\/\/lucacastelli.com\/?post_type=product&#038;p=477881"},"modified":"2025-07-29T09:06:26","modified_gmt":"2025-07-29T07:06:26","slug":"la-sportiva-trango-tower-extreme-gtx","status":"publish","type":"product","link":"https:\/\/lucacastelli.com\/de\/produkt\/la-sportiva-trango-tower-extreme-gtx\/","title":{"rendered":"LA SPORTIVA Trango Tower Extreme GTX"},"content":{"rendered":"<p>Steigeisenstiefel f\u00fcr den technischen Einsatz in den Bergen auf Eis und gemischtem Gel\u00e4nde. Maximale W\u00e4rmeisolierung dank des Gore-Tex\u00ae Insulated Comfort Futters. <\/p>\n<p>Plus:<\/p>\n<p>\u203a Leichte und widerstandsf\u00e4hige Stahlkleinteile mit Schn\u00fcrsenkelhaken und differenzierter Schn\u00fcrung zwischen Ober- und Unterteil<br \/>\n\u203a 3D-Flex System-Gelenk, das die Beweglichkeit des Kn\u00f6chels und eine bessere Kontrolle bei der Unterst\u00fctzung beg\u00fcnstigt<br \/>\n\u203a Zehenschutzkappe aus abriebfestem Gummi<br \/>\n\u203a Elastischer Schneefang, sch\u00fctzt vor den Elementen<br \/>\n\u203a Obermaterial aus Stoff mit Monofilament-Garnverst\u00e4rkungen mit differenziertem Abriebschutz Honey Comb Guard-Bereiche\u2122, die an den am st\u00e4rksten abriebgef\u00e4hrdeten<br \/>\n Stellen positioniert sind\u203a La Sportiva Cube-Lauffl\u00e4che von VibramR mit leichteren<br \/>\n St\u00e4rken\u203a Leichte Mikrofaser- und thermoklebende Eins\u00e4tze aus leichter PU f\u00fcr maximale Gewichtsd\u00e4mpfung und sauberes Design<br \/>\n\u203a Voll steigeisenkompatibel.  <\/p>\n<p>Technische Infos:<\/p>\n<p>Obermaterial: Wasserabweisendes, hochfestes Nylon 6.6 mit Honey-Comb Guard\u2122 und FlexTec 3 Anti-Abrieb-Zonen<\/p>\n<p>Beschichtungen: Mikrofaser + leichter PU-Thermokleber<\/p>\n<p>Futter: Insulated Performance Comfort<\/p>\n<p>Einlegesohle: Ibi-Thermo 9mm isolierend<\/p>\n<p>Sohle: La Sportiva Cube von VibramR mit unterschiedlich dicken Impact Brake System-Stollen an der Ferse und Kletterzone an der Spitze<\/p>\n<p>Patent: Eingetragenes Design.<\/p>\n","protected":false},"excerpt":{"rendered":"<p>Steigeisenstiefel f\u00fcr den technischen Einsatz in den Bergen auf Eis und gemischtem Gel\u00e4nde. Maximale W\u00e4rmeisolierung dank des Gore-Tex\u00ae Insulated Comfort<\/p>\n","protected":false},"featured_media":62847,"template":"","meta":{"_seopress_robots_primary_cat":"","_seopress_titles_title":"","_seopress_titles_desc":"","_seopress_robots_index":""},"product_brand":[3419],"product_cat":[28,568,569],"product_tag":[],"class_list":{"0":"post-477881","1":"product","2":"type-product","3":"status-publish","4":"has-post-thumbnail","6":"product_brand-la-sportiva","7":"product_cat-calzature","8":"product_cat-calzature-per-il-tempo-libero","9":"product_cat-calzature-da-uomo","10":"sws-gruppo-abb-libero-fr","11":"sws-conto-ricavi-merci-rivendita-abbigliamento","12":"sws-gruppo-iva-iva81","14":"first","15":"instock","16":"shipping-taxable","17":"purchasable","18":"product-type-variable"},"_links":{"self":[{"href":"https:\/\/lucacastelli.com\/de\/wp-json\/wp\/v2\/product\/477881","targetHints":{"allow":["GET"]}}],"collection":[{"href":"https:\/\/lucacastelli.com\/de\/wp-json\/wp\/v2\/product"}],"about":[{"href":"https:\/\/lucacastelli.com\/de\/wp-json\/wp\/v2\/types\/product"}],"wp:featuredmedia":[{"embeddable":true,"href":"https:\/\/lucacastelli.com\/de\/wp-json\/wp\/v2\/media\/62847"}],"wp:attachment":[{"href":"https:\/\/lucacastelli.com\/de\/wp-json\/wp\/v2\/media?parent=477881"}],"wp:term":[{"taxonomy":"product_brand","embeddable":true,"href":"https:\/\/lucacastelli.com\/de\/wp-json\/wp\/v2\/product_brand?post=477881"},{"taxonomy":"product_cat","embeddable":true,"href":"https:\/\/lucacastelli.com\/de\/wp-json\/wp\/v2\/product_cat?post=477881"},{"taxonomy":"product_tag","embeddable":true,"href":"https:\/\/lucacastelli.com\/de\/wp-json\/wp\/v2\/product_tag?post=477881"}],"curies":[{"name":"wp","href":"https:\/\/api.w.org\/{rel}","templated":true}]}}