{"id":477778,"date":"2025-02-18T15:22:30","date_gmt":"2025-02-18T14:22:30","guid":{"rendered":"https:\/\/lucacastelli.com\/?post_type=product&#038;p=477778"},"modified":"2026-04-12T17:53:36","modified_gmt":"2026-04-12T15:53:36","slug":"la-sportiva-helios-iii","status":"publish","type":"product","link":"https:\/\/lucacastelli.com\/de\/produkt\/la-sportiva-helios-iii\/","title":{"rendered":"LA SPORTIVA Helios III"},"content":{"rendered":"<p>\u201eDoor-to-Trail\u201c-Schuh, konzipiert f\u00fcr Training und L\u00e4ufe auf hartem Offroad-Gel\u00e4nde.<\/p>\n<p>BESCHREIBUNG:<br \/>\nHelios III ist der \u201eDoor-to-Trail\u201c-Schuh, der f\u00fcr Training und L\u00e4ufe auf hartem Offroad-Gel\u00e4nde entwickelt wurde. Es handelt sich um ein Produkt mit Athleisure-Fokus, dessen leichtes und atmungsaktives Obermaterial aus einer einzigartigen, thermogeklebten Kombination aus Ripstop-Gewebe, einf\u00e4digem Mesh und Sandwich-Mesh besteht und mit TPU verst\u00e4rkt ist. Die Passform ist extrem bequem und umschlie\u00dfend, abgeleitet vom Modell Helios SR. Die Fersenkappe verhindert ein Einknicken beim Anziehen, w\u00e4hrend der weiche, umschlie\u00dfende Kragen mit 3D-Foam-Polstern perfekten Tragekomfort garantiert. Die Laufsohle besteht aus der hochbest\u00e4ndigen FriXion Blue-Mischung: ideal f\u00fcr den Einsatz auf hartem und felsigem Untergrund. Die geformte, thermogeformte Zehenkappe tr\u00e4gt zur allgemeinen Leichtigkeit des Produkts bei und sch\u00fctzt gleichzeitig vor frontalen St\u00f6\u00dfen. Die eingespritzte EVA-Zwischensohle mit MorphoDynamic-Technologie garantiert die f\u00fcr das Modell Helios seit seinem Markteintritt typische hohe D\u00e4mpfung, w\u00e4hrend der Cushoning-Platform-Einsatz die D\u00e4mpfungseigenschaften und den allgemeinen Komfort erh\u00f6ht. Helios III: Time to fly, again.      <\/p>\n<p>Obermaterial:<br \/>\nEinf\u00e4diges Mesh + Ripstop-Gewebe + Sandwich-Mesh + TPU-Verst\u00e4rkungen<\/p>\n<p>Futter:<br \/>\nRutschfestes Mesh<\/p>\n<p>Zwischensohle:<br \/>\nEingespritztes MEMElex EVA und Cushoning-Platform-Einsatz<\/p>\n<p>Sohle:<br \/>\nFriXion\u00ae Blue mit Impact Brake System<\/p>\n<p>Gewicht:<br \/>\n219 g (pro Schuh)<\/p>\n<p>Fussbett:<br \/>\nOrtholite\u00ae Mountain Running Ergonomic 4 mm<\/p>\n<p>Sprengung:<br \/>\n4 mm<\/p>\n","protected":false},"excerpt":{"rendered":"<p>\u201eDoor-to-Trail\u201c-Schuh, konzipiert f\u00fcr Training und L\u00e4ufe auf hartem Offroad-Gel\u00e4nde. BESCHREIBUNG: Helios III ist der \u201eDoor-to-Trail\u201c-Schuh, der f\u00fcr Training und L\u00e4ufe<\/p>\n","protected":false},"featured_media":102384,"template":"","meta":{"_seopress_robots_primary_cat":"none","_seopress_titles_title":"","_seopress_titles_desc":"","_seopress_robots_index":""},"product_brand":[3649],"product_cat":[175,1419,1431],"product_tag":[],"class_list":{"0":"post-477778","1":"product","2":"type-product","3":"status-publish","4":"has-post-thumbnail","6":"product_brand-la-sportiva-de","7":"product_cat-schuhe","8":"product_cat-freizeitschuhe","9":"product_cat-herrenschuhe","10":"sws-gruppo-abb-libero-de","11":"sws-conto-ricavi-merci-rivendita-abbigliamento-de","12":"sws-gruppo-iva-iva81-de","14":"first","15":"instock","16":"shipping-taxable","17":"purchasable","18":"product-type-variable","19":"has-default-attributes"},"_links":{"self":[{"href":"https:\/\/lucacastelli.com\/de\/wp-json\/wp\/v2\/product\/477778","targetHints":{"allow":["GET"]}}],"collection":[{"href":"https:\/\/lucacastelli.com\/de\/wp-json\/wp\/v2\/product"}],"about":[{"href":"https:\/\/lucacastelli.com\/de\/wp-json\/wp\/v2\/types\/product"}],"wp:featuredmedia":[{"embeddable":true,"href":"https:\/\/lucacastelli.com\/de\/wp-json\/wp\/v2\/media\/102384"}],"wp:attachment":[{"href":"https:\/\/lucacastelli.com\/de\/wp-json\/wp\/v2\/media?parent=477778"}],"wp:term":[{"taxonomy":"product_brand","embeddable":true,"href":"https:\/\/lucacastelli.com\/de\/wp-json\/wp\/v2\/product_brand?post=477778"},{"taxonomy":"product_cat","embeddable":true,"href":"https:\/\/lucacastelli.com\/de\/wp-json\/wp\/v2\/product_cat?post=477778"},{"taxonomy":"product_tag","embeddable":true,"href":"https:\/\/lucacastelli.com\/de\/wp-json\/wp\/v2\/product_tag?post=477778"}],"curies":[{"name":"wp","href":"https:\/\/api.w.org\/{rel}","templated":true}]}}