{"id":477762,"date":"2025-02-25T15:46:00","date_gmt":"2025-02-25T14:46:00","guid":{"rendered":"https:\/\/lucacastelli.com\/prodotto\/la-sportiva-prodigio-pro\/"},"modified":"2025-09-07T11:08:55","modified_gmt":"2025-09-07T09:08:55","slug":"la-sportiva-prodigio-pro","status":"publish","type":"product","link":"https:\/\/lucacastelli.com\/de\/produkt\/la-sportiva-prodigio-pro\/","title":{"rendered":"La Sportiva Prodigio Pro"},"content":{"rendered":"<p>Unser Prodigio Pro Laufschuh wurde f\u00fcr Ultramarathonl\u00e4ufer, Trailrunner und Sportler entwickelt, die die besten Ergebnisse erzielen m\u00f6chten. F\u00fcr maximale Pr\u00e4zision und Reaktionsf\u00e4higkeit w\u00e4hrend des Trainings oder Wettkampfs w\u00e4hlen Sie Prodigio Pro. <\/p>\n<p>Unser Prodigio Pro Laufschuh wurde f\u00fcr Ultramarathonl\u00e4ufer, Trailrunner und Sportler entwickelt, die die besten Ergebnisse erzielen m\u00f6chten.<\/p>\n<p>Die XFlow Speed-Zwischensohle\u2122 bietet ein hohes Ma\u00df an R\u00fcckprall und Sto\u00dfd\u00e4mpfung und erh\u00f6ht die Leistung mit jedem Schritt, damit Sie eine neue pers\u00f6nliche Bestleistung erzielen k\u00f6nnen. Die innovative Power Wire-Technologie und das Wrapping System sorgen f\u00fcr eine pr\u00e4zise Passform, erh\u00f6hte Stabilit\u00e4t und eine kraftvolle Energie\u00fcbertragung f\u00fcr den dringend ben\u00f6tigten Schub auf langen Fahrten. <\/p>\n<p>Jetzt k\u00f6nnen Sie mit voller Geschwindigkeit laufen, in dem Wissen, dass der Prodigio Pro Sie \u00fcber jede Distanz unterst\u00fctzt.<\/p>\n<p>Das Strickfutter verbessert auch die Kn\u00f6chelpassform, um Steine fernzuhalten und zus\u00e4tzlichen Halt zu bieten.<br \/>\nUm Ihnen bei schwierigen Traversen mehr Sicherheit zu geben, haben wir einen Mittelfu\u00dfschutz aus Gummi hinzugef\u00fcgt.<br \/>\nDiese Seitenteile aus Gummi verst\u00e4rken die Stabilit\u00e4t und sch\u00fctzen deinen Mittelfu\u00df, damit du jeden Abschnitt des Trails bew\u00e4ltigen kannst.<br \/>\nF\u00fcr maximale Pr\u00e4zision und Reaktionsf\u00e4higkeit w\u00e4hrend des Trainings oder Wettkampfs w\u00e4hlen Sie Prodigio Pro.<\/p>\n","protected":false},"excerpt":{"rendered":"<p>Unser Prodigio Pro Laufschuh wurde f\u00fcr Ultramarathonl\u00e4ufer, Trailrunner und Sportler entwickelt, die die besten Ergebnisse erzielen m\u00f6chten. F\u00fcr maximale Pr\u00e4zision<\/p>\n","protected":false},"featured_media":102940,"template":"","meta":{"_seopress_robots_primary_cat":"","_seopress_titles_title":"","_seopress_titles_desc":"","_seopress_robots_index":""},"product_brand":[3649],"product_cat":[1382,1419,1431,175],"product_tag":[],"class_list":{"0":"post-477762","1":"product","2":"type-product","3":"status-publish","4":"has-post-thumbnail","6":"product_brand-la-sportiva-de","7":"product_cat-arbeitskleidung","8":"product_cat-freizeitschuhe","9":"product_cat-herrenschuhe","10":"product_cat-schuhe","11":"sws-gruppo-abb-libero-de","12":"sws-categoria-sito-de","13":"sws-conto-ricavi-merci-rivendita-abbigliamento-de","14":"sws-gruppo-iva-iva81-de","16":"first","17":"instock","18":"shipping-taxable","19":"purchasable","20":"product-type-variable"},"_links":{"self":[{"href":"https:\/\/lucacastelli.com\/de\/wp-json\/wp\/v2\/product\/477762","targetHints":{"allow":["GET"]}}],"collection":[{"href":"https:\/\/lucacastelli.com\/de\/wp-json\/wp\/v2\/product"}],"about":[{"href":"https:\/\/lucacastelli.com\/de\/wp-json\/wp\/v2\/types\/product"}],"wp:featuredmedia":[{"embeddable":true,"href":"https:\/\/lucacastelli.com\/de\/wp-json\/wp\/v2\/media\/102940"}],"wp:attachment":[{"href":"https:\/\/lucacastelli.com\/de\/wp-json\/wp\/v2\/media?parent=477762"}],"wp:term":[{"taxonomy":"product_brand","embeddable":true,"href":"https:\/\/lucacastelli.com\/de\/wp-json\/wp\/v2\/product_brand?post=477762"},{"taxonomy":"product_cat","embeddable":true,"href":"https:\/\/lucacastelli.com\/de\/wp-json\/wp\/v2\/product_cat?post=477762"},{"taxonomy":"product_tag","embeddable":true,"href":"https:\/\/lucacastelli.com\/de\/wp-json\/wp\/v2\/product_tag?post=477762"}],"curies":[{"name":"wp","href":"https:\/\/api.w.org\/{rel}","templated":true}]}}