{"id":477719,"date":"2025-02-18T15:03:40","date_gmt":"2025-02-18T14:03:40","guid":{"rendered":"https:\/\/lucacastelli.com\/prodotto\/la-sportiva-bushido-iii-damen\/"},"modified":"2026-04-14T03:07:11","modified_gmt":"2026-04-14T01:07:11","slug":"la-sportiva-bushido-iii-damen","status":"publish","type":"product","link":"https:\/\/lucacastelli.com\/de\/produkt\/la-sportiva-bushido-iii-damen\/","title":{"rendered":"La Sportiva Bushido III Woman"},"content":{"rendered":"<p>Bushido III, die Neuauflage des Kultschuhs aus der Welt der Skyraces: griffig und aggressiv, garantiert er perfekte Stabilit\u00e4t auf jedem Offroad-Gel\u00e4nde. Die Details, die dieses Modell zu einem der Bestseller der La Sportiva-Kollektion gemacht haben, wurden beibehalten und weiter optimiert: Die FriXion\u00ae Red Bi-Compound-Sohle bietet dank \u00fcberarbeiteter Stollen mehr Grip, w\u00e4hrend die neue Konstruktion der Seitenw\u00e4nde die Atmungsaktivit\u00e4t erh\u00f6ht. Zwei Passformen stehen zur Auswahl: die klassische, umschliessende Form und die pr\u00e4zise Bushido-Passform, sowie eine WIDE-Version: das gleiche umschliessende Tragegef\u00fchl mit etwas mehr Volumen.  <\/p>\n<p>Technische Informationen:<\/p>\n<p>Gewicht: 250 g (1\/2 Paar)<br \/>\nGr\u00f6ssen: 36 &#8211; 43 + \u00bd<br \/>\nSohle: FriXion\u00ae Red<\/p>\n","protected":false},"excerpt":{"rendered":"<p>Bushido III, die Neuauflage des Kultschuhs aus der Welt der Skyraces: griffig und aggressiv, garantiert er perfekte Stabilit\u00e4t auf jedem<\/p>\n","protected":false},"featured_media":795995,"template":"","meta":{"_seopress_robots_primary_cat":"none","_seopress_titles_title":"","_seopress_titles_desc":"","_seopress_robots_index":""},"product_brand":[3649],"product_cat":[1430,1419,175],"product_tag":[],"class_list":{"0":"post-477719","1":"product","2":"type-product","3":"status-publish","4":"has-post-thumbnail","6":"product_brand-la-sportiva-de","7":"product_cat-damen-schuhe","8":"product_cat-freizeitschuhe","9":"product_cat-schuhe","10":"sws-gruppo-no-gruppo-de","11":"sws-categoria-sito-de","12":"sws-gruppo-iva-iva81-de","14":"first","15":"instock","16":"shipping-taxable","17":"purchasable","18":"product-type-variable","19":"has-default-attributes"},"_links":{"self":[{"href":"https:\/\/lucacastelli.com\/de\/wp-json\/wp\/v2\/product\/477719","targetHints":{"allow":["GET"]}}],"collection":[{"href":"https:\/\/lucacastelli.com\/de\/wp-json\/wp\/v2\/product"}],"about":[{"href":"https:\/\/lucacastelli.com\/de\/wp-json\/wp\/v2\/types\/product"}],"wp:featuredmedia":[{"embeddable":true,"href":"https:\/\/lucacastelli.com\/de\/wp-json\/wp\/v2\/media\/795995"}],"wp:attachment":[{"href":"https:\/\/lucacastelli.com\/de\/wp-json\/wp\/v2\/media?parent=477719"}],"wp:term":[{"taxonomy":"product_brand","embeddable":true,"href":"https:\/\/lucacastelli.com\/de\/wp-json\/wp\/v2\/product_brand?post=477719"},{"taxonomy":"product_cat","embeddable":true,"href":"https:\/\/lucacastelli.com\/de\/wp-json\/wp\/v2\/product_cat?post=477719"},{"taxonomy":"product_tag","embeddable":true,"href":"https:\/\/lucacastelli.com\/de\/wp-json\/wp\/v2\/product_tag?post=477719"}],"curies":[{"name":"wp","href":"https:\/\/api.w.org\/{rel}","templated":true}]}}