{"id":477688,"date":"2025-02-18T14:27:40","date_gmt":"2025-02-18T13:27:40","guid":{"rendered":"https:\/\/lucacastelli.com\/prodotto\/la-sportiva-prodigio\/"},"modified":"2025-02-18T14:27:40","modified_gmt":"2025-02-18T13:27:40","slug":"la-sportiva-prodigio","status":"publish","type":"product","link":"https:\/\/lucacastelli.com\/de\/produkt\/la-sportiva-prodigio\/","title":{"rendered":"La Sportiva Prodigio"},"content":{"rendered":"<p>Ein revolution\u00e4res Produkt, das der Ultra-Trail-Welt von La Sportiva gewidmet ist. Neuer XFlow-Schaumstoff\u2122, der entworfen und entwickelt wurde, um maximale D\u00e4mpfung und Energier\u00fcckgabe Kilometer f\u00fcr Kilometer zu gew\u00e4hrleisten. Jedes Detail wurde entwickelt, um den Bed\u00fcrfnissen der anspruchsvollsten L\u00e4ufer gerecht zu werden: Die breite Zehenbox und das atmungsaktive Obermaterial sorgen f\u00fcr Komfort auch nach mehreren Stunden Laufen, w\u00e4hrend das Wrapping System-Konstruktionssystem und die perfekte Ergonomie der Ferse Stabilit\u00e4t und Schutz garantieren.  <\/p>\n<p>Technische Daten<\/p>\n<p>D\u00e4mpfung: 10<br \/>\nVORFUSS: 28 mm<br \/>\nPLUG H\u00d6HE: 3,5 mm<br \/>\nFerse: 34 mm<br \/>\nH\u00f6henunterschied: 6 mm<\/p>\n","protected":false},"excerpt":{"rendered":"<p>Ein revolution\u00e4res Produkt, das der Ultra-Trail-Welt von La Sportiva gewidmet ist. Neuer XFlow-Schaumstoff\u2122, der entworfen und entwickelt wurde, um maximale<\/p>\n","protected":false},"featured_media":102343,"template":"","meta":{"_seopress_robots_primary_cat":"","_seopress_titles_title":"","_seopress_titles_desc":"","_seopress_robots_index":""},"product_brand":[3419],"product_cat":[28,568,569],"product_tag":[],"class_list":{"0":"post-477688","1":"product","2":"type-product","3":"status-publish","4":"has-post-thumbnail","6":"product_brand-la-sportiva","7":"product_cat-calzature","8":"product_cat-calzature-per-il-tempo-libero","9":"product_cat-calzature-da-uomo","10":"sws-gruppo-no-gruppo-de","11":"sws-categoria-sito-de","12":"sws-gruppo-iva-iva81-de","14":"first","15":"instock","16":"shipping-taxable","17":"purchasable","18":"product-type-variable"},"_links":{"self":[{"href":"https:\/\/lucacastelli.com\/de\/wp-json\/wp\/v2\/product\/477688","targetHints":{"allow":["GET"]}}],"collection":[{"href":"https:\/\/lucacastelli.com\/de\/wp-json\/wp\/v2\/product"}],"about":[{"href":"https:\/\/lucacastelli.com\/de\/wp-json\/wp\/v2\/types\/product"}],"wp:featuredmedia":[{"embeddable":true,"href":"https:\/\/lucacastelli.com\/de\/wp-json\/wp\/v2\/media\/102343"}],"wp:attachment":[{"href":"https:\/\/lucacastelli.com\/de\/wp-json\/wp\/v2\/media?parent=477688"}],"wp:term":[{"taxonomy":"product_brand","embeddable":true,"href":"https:\/\/lucacastelli.com\/de\/wp-json\/wp\/v2\/product_brand?post=477688"},{"taxonomy":"product_cat","embeddable":true,"href":"https:\/\/lucacastelli.com\/de\/wp-json\/wp\/v2\/product_cat?post=477688"},{"taxonomy":"product_tag","embeddable":true,"href":"https:\/\/lucacastelli.com\/de\/wp-json\/wp\/v2\/product_tag?post=477688"}],"curies":[{"name":"wp","href":"https:\/\/api.w.org\/{rel}","templated":true}]}}