{"id":477587,"date":"2026-03-09T03:51:46","date_gmt":"2026-03-09T02:51:46","guid":{"rendered":"https:\/\/lucacastelli.com\/prodotto\/la-sportiva-tx4-evo-st\/"},"modified":"2026-03-09T14:12:37","modified_gmt":"2026-03-09T13:12:37","slug":"la-sportiva-tx4-evo-st","status":"publish","type":"product","link":"https:\/\/lucacastelli.com\/de\/produkt\/la-sportiva-tx4-evo-st\/","title":{"rendered":"La Sportiva TX4 Evo ST"},"content":{"rendered":"<p>TX4 Evo ist der Lederschuh, der f\u00fcr maximale Stabilit\u00e4t und Grip auch auf schwierigem Gel\u00e4nde entwickelt wurde. Ideal f\u00fcr technische Zustiege und einfache Kletterpassagen, bietet er dank der Materialien des Schafts und der gro\u00dfz\u00fcgigen Innenvolumen unvergleichlichen Komfort. Die Laufsohle mit Vibram\u00ae MegaGrip-Mischung und patentierter Impact Brake System\u2122-Stollenstruktur gew\u00e4hrleistet stets maximale Stabilit\u00e4t beim Abstieg und perfekte Traktionskontrolle beim Aufstieg. Die gro\u00dfz\u00fcgige Climbing Zone im Zehenbereich garantiert Pr\u00e4zision und hervorragenden Halt beim Klettern und in heiklen Passagen. Die spezielle Zwischensohle mit patentiertem Resole Platform\u2122-Einsatz erm\u00f6glicht es, TX4 Evo neu zu besohlen, ohne die technischen Eigenschaften und den Komfort zu beeintr\u00e4chtigen. Die Schuhe neu zu besohlen bedeutet, deren Lebenszyklus zu verl\u00e4ngern und somit Verschwendung zu vermeiden.  <\/p>\n","protected":false},"excerpt":{"rendered":"<p>TX4 Evo ist der Lederschuh, der f\u00fcr maximale Stabilit\u00e4t und Grip auch auf schwierigem Gel\u00e4nde entwickelt wurde. Ideal f\u00fcr technische<\/p>\n","protected":false},"featured_media":102327,"template":"","meta":{"_seopress_robots_primary_cat":"none","_seopress_titles_title":"","_seopress_titles_desc":"","_seopress_robots_index":""},"product_brand":[3419],"product_cat":[28,568,569],"product_tag":[],"class_list":{"0":"post-477587","1":"product","2":"type-product","3":"status-publish","4":"has-post-thumbnail","6":"product_brand-la-sportiva","7":"product_cat-calzature","8":"product_cat-calzature-per-il-tempo-libero","9":"product_cat-calzature-da-uomo","10":"sws-gruppo-no-gruppo-de","11":"sws-categoria-sito-de","12":"sws-gruppo-iva-iva81-de","14":"first","15":"instock","16":"shipping-taxable","17":"purchasable","18":"product-type-variable","19":"has-default-attributes"},"_links":{"self":[{"href":"https:\/\/lucacastelli.com\/de\/wp-json\/wp\/v2\/product\/477587","targetHints":{"allow":["GET"]}}],"collection":[{"href":"https:\/\/lucacastelli.com\/de\/wp-json\/wp\/v2\/product"}],"about":[{"href":"https:\/\/lucacastelli.com\/de\/wp-json\/wp\/v2\/types\/product"}],"wp:featuredmedia":[{"embeddable":true,"href":"https:\/\/lucacastelli.com\/de\/wp-json\/wp\/v2\/media\/102327"}],"wp:attachment":[{"href":"https:\/\/lucacastelli.com\/de\/wp-json\/wp\/v2\/media?parent=477587"}],"wp:term":[{"taxonomy":"product_brand","embeddable":true,"href":"https:\/\/lucacastelli.com\/de\/wp-json\/wp\/v2\/product_brand?post=477587"},{"taxonomy":"product_cat","embeddable":true,"href":"https:\/\/lucacastelli.com\/de\/wp-json\/wp\/v2\/product_cat?post=477587"},{"taxonomy":"product_tag","embeddable":true,"href":"https:\/\/lucacastelli.com\/de\/wp-json\/wp\/v2\/product_tag?post=477587"}],"curies":[{"name":"wp","href":"https:\/\/api.w.org\/{rel}","templated":true}]}}