{"id":477586,"date":"2026-03-04T19:45:06","date_gmt":"2026-03-04T18:45:06","guid":{"rendered":"https:\/\/lucacastelli.com\/prodotto\/la-sportiva-bushido-iii\/"},"modified":"2026-03-05T08:12:04","modified_gmt":"2026-03-05T07:12:04","slug":"la-sportiva-bushido-iii","status":"publish","type":"product","link":"https:\/\/lucacastelli.com\/de\/produkt\/la-sportiva-bushido-iii\/","title":{"rendered":"LA SPORTIVA Bushido III"},"content":{"rendered":"<p>Bushido III, die neue Edition des Kultschuhs f\u00fcr die Welt der Skyraces: pr\u00e4zise und aggressiv, garantiert perfekte Stabilit\u00e4t auf allen Arten von Offroad-Gel\u00e4nde. Die Details, die dieses Modell zu einem der Bestseller der La Sportiva Kollektion gemacht haben, wurden beibehalten und weiter verbessert: Die FriXion\u00ae Red Bi-Compound-Sohle erh\u00f6ht die Haftung dank neu gestalteter Stollen und die neue Konstruktion der Seitenteile bietet noch mehr Atmungsaktivit\u00e4t. Zwei Passform-Optionen: die klassische umschlie\u00dfende Form und die pr\u00e4zise Bushido-Form, sowie eine zweite WIDE-Version: das gleiche umschlie\u00dfende Gef\u00fchl, aber mit etwas mehr Volumen.  <\/p>\n<h3>Technische Informationen<\/h3>\n<p><b>Sohlenh\u00f6he (mm) &#8211; Ferse: <\/b>30<\/p>\n<p><b>Sohlenh\u00f6he (mm) &#8211; Vorfu\u00df: <\/b>24<\/p>\n<p><b>Drop (mm): <\/b>6<\/p>\n<p><b>Stollenh\u00f6he (mm): <\/b>4<\/p>\n<p><b>Breite Passform: <\/b>Nein<\/p>\n<p><b>Einlegesohle: <\/b>Ortholite\u00ae Hybrid Mountain Running\u00ae Ergonomic 4 mm<\/p>\n<p><b>Futter: <\/b>Abriebfestes Mesh aus recyceltem Material<\/p>\n<p><b>Zwischensohle: <\/b>Kompressions-EVA + d\u00e4mpfende EVA-Plattform, Stability Control Einsatz und Rock Guard Einsatz<\/p>\n<p><b>Sohle: <\/b>FriXion\u00ae Red Dual-Compound mit seitlichen IBS-Stollen<\/p>\n<p><b>Obermaterial: <\/b>Atmungsaktives Mesh, Verst\u00e4rkungen aus thermoplastischem Film, mediales TPU HF-Skelett auf Ripstop-Paneelen<\/p>\n","protected":false},"excerpt":{"rendered":"<p>Bushido III, die neue Edition des Kultschuhs f\u00fcr die Welt der Skyraces: pr\u00e4zise und aggressiv, garantiert perfekte Stabilit\u00e4t auf allen<\/p>\n","protected":false},"featured_media":767790,"template":"","meta":{"_seopress_robots_primary_cat":"none","_seopress_titles_title":"","_seopress_titles_desc":"","_seopress_robots_index":""},"product_brand":[3649],"product_cat":[1419,1431,175],"product_tag":[],"class_list":{"0":"post-477586","1":"product","2":"type-product","3":"status-publish","4":"has-post-thumbnail","6":"product_brand-la-sportiva-de","7":"product_cat-freizeitschuhe","8":"product_cat-herrenschuhe","9":"product_cat-schuhe","10":"sws-gruppo-no-gruppo-de","11":"sws-categoria-sito-de","12":"sws-gruppo-iva-iva81-de","14":"first","15":"instock","16":"shipping-taxable","17":"purchasable","18":"product-type-variable","19":"has-default-attributes"},"_links":{"self":[{"href":"https:\/\/lucacastelli.com\/de\/wp-json\/wp\/v2\/product\/477586","targetHints":{"allow":["GET"]}}],"collection":[{"href":"https:\/\/lucacastelli.com\/de\/wp-json\/wp\/v2\/product"}],"about":[{"href":"https:\/\/lucacastelli.com\/de\/wp-json\/wp\/v2\/types\/product"}],"wp:featuredmedia":[{"embeddable":true,"href":"https:\/\/lucacastelli.com\/de\/wp-json\/wp\/v2\/media\/767790"}],"wp:attachment":[{"href":"https:\/\/lucacastelli.com\/de\/wp-json\/wp\/v2\/media?parent=477586"}],"wp:term":[{"taxonomy":"product_brand","embeddable":true,"href":"https:\/\/lucacastelli.com\/de\/wp-json\/wp\/v2\/product_brand?post=477586"},{"taxonomy":"product_cat","embeddable":true,"href":"https:\/\/lucacastelli.com\/de\/wp-json\/wp\/v2\/product_cat?post=477586"},{"taxonomy":"product_tag","embeddable":true,"href":"https:\/\/lucacastelli.com\/de\/wp-json\/wp\/v2\/product_tag?post=477586"}],"curies":[{"name":"wp","href":"https:\/\/api.w.org\/{rel}","templated":true}]}}