{"id":477549,"date":"2024-09-26T19:13:47","date_gmt":"2024-09-26T17:13:47","guid":{"rendered":"https:\/\/lucacastelli.com\/prodotto\/la-sportiva-akyra-ii-damen-gtx\/"},"modified":"2026-02-20T10:44:02","modified_gmt":"2026-02-20T09:44:02","slug":"la-sportiva-akyra-ii-damen-gtx","status":"publish","type":"product","link":"https:\/\/lucacastelli.com\/de\/produkt\/la-sportiva-akyra-ii-damen-gtx\/","title":{"rendered":"LA SPORTIVA Akyra II Damen GTX"},"content":{"rendered":"<p>Akyra II Gore-Tex Woman ist der perfekte Schuh f\u00fcr alle, die sich auf allen Trails, auch den anspruchsvollsten und bei allen Wetterbedingungen, leicht und schnell bewegen m\u00f6chten. Die Konstruktion des Obermaterials aus 3D Grid\u2122 aus KPU und die mit Impact Brake System\u2122 ausgestattete Sohle sorgen f\u00fcr Stabilit\u00e4t und Halt, w\u00e4hrend der Trail Rocker\u2122 in Kombination mit der bequemen und flexiblen Passform jedem Schritt Dynamik verleiht. Zus\u00e4tzlicher Schutz auch bei h\u00e4rtesten Wetterbedingungen dank GORE-TEX Extended Comfort. <\/p>\n<p>TECH INFO:<br \/>\nGewicht:<br \/>\n330 1\/2 PAAR<br \/>\nEinlegesohle:<br \/>\nOrtholite 5 mm Wandern<br \/>\nAu\u00dfensohle:<br \/>\nDual Compound Frixion XT Red mit Trail Rocker+ Impact Bremssystem Mountain Running<br \/>\nFutter:<br \/>\nGORE-TEX Extended Comfort<br \/>\nZwischensohle:<br \/>\nInitiation EVA mit BIO-basierten<br \/>\nKomponenten Obermaterial:<br \/>\n3-lagige Oberkonstruktion + 3D Grid-Konstruktion\u2122 in KPU<\/p>\n","protected":false},"excerpt":{"rendered":"<p>Akyra II Gore-Tex Woman ist der perfekte Schuh f\u00fcr alle, die sich auf allen Trails, auch den anspruchsvollsten und bei<\/p>\n","protected":false},"featured_media":102211,"template":"","meta":{"_seopress_robots_primary_cat":"","_seopress_titles_title":"","_seopress_titles_desc":"","_seopress_robots_index":""},"product_brand":[3649],"product_cat":[1430,1419,175],"product_tag":[],"class_list":{"0":"post-477549","1":"product","2":"type-product","3":"status-publish","4":"has-post-thumbnail","6":"product_brand-la-sportiva-de","7":"product_cat-damen-schuhe","8":"product_cat-freizeitschuhe","9":"product_cat-schuhe","10":"sws-gruppo-no-gruppo","11":"sws-categoria-sito","12":"sws-gruppo-iva-iva81","14":"first","15":"instock","16":"shipping-taxable","17":"purchasable","18":"product-type-variable"},"_links":{"self":[{"href":"https:\/\/lucacastelli.com\/de\/wp-json\/wp\/v2\/product\/477549","targetHints":{"allow":["GET"]}}],"collection":[{"href":"https:\/\/lucacastelli.com\/de\/wp-json\/wp\/v2\/product"}],"about":[{"href":"https:\/\/lucacastelli.com\/de\/wp-json\/wp\/v2\/types\/product"}],"wp:featuredmedia":[{"embeddable":true,"href":"https:\/\/lucacastelli.com\/de\/wp-json\/wp\/v2\/media\/102211"}],"wp:attachment":[{"href":"https:\/\/lucacastelli.com\/de\/wp-json\/wp\/v2\/media?parent=477549"}],"wp:term":[{"taxonomy":"product_brand","embeddable":true,"href":"https:\/\/lucacastelli.com\/de\/wp-json\/wp\/v2\/product_brand?post=477549"},{"taxonomy":"product_cat","embeddable":true,"href":"https:\/\/lucacastelli.com\/de\/wp-json\/wp\/v2\/product_cat?post=477549"},{"taxonomy":"product_tag","embeddable":true,"href":"https:\/\/lucacastelli.com\/de\/wp-json\/wp\/v2\/product_tag?post=477549"}],"curies":[{"name":"wp","href":"https:\/\/api.w.org\/{rel}","templated":true}]}}