{"id":477505,"date":"2024-08-30T06:04:44","date_gmt":"2024-08-30T04:04:44","guid":{"rendered":"https:\/\/lucacastelli.com\/prodotto\/la-sportiva-softflask-500\/"},"modified":"2024-08-30T06:04:44","modified_gmt":"2024-08-30T04:04:44","slug":"la-sportiva-softflask-500","status":"publish","type":"product","link":"https:\/\/lucacastelli.com\/de\/produkt\/la-sportiva-softflask-500\/","title":{"rendered":"La Sportiva SoftFlask 500"},"content":{"rendered":"<p>Ideale Gr\u00f6\u00dfe f\u00fcr Taschen an Westen, G\u00fcrteln oder Trinkrucks\u00e4cken. Das weiche Material passt in jede Tasche und l\u00e4sst sich bequem tragen.<br \/>\nDas flexible Design schrumpft beim Trinken, reduziert die Bewegung und l\u00e4sst die leere Flasche leicht verstauen.<br \/>\nAuslaufsichere Ausf\u00fchrung mit Gewinde. 42 mm \u00d6ffnung f\u00fcr einfaches Bef\u00fcllen und Eis mit selbstdichtendem<br \/>\nBei\u00dfventil 100 % BPA- und PVC-frei, breiter Betriebstemperaturbereich (kann bis zu einer maximalen Temperatur von 60 \u00b0C \/ 140 \u00b0F eingefroren werden)  <\/p>\n","protected":false},"excerpt":{"rendered":"<p>Ideale Gr\u00f6\u00dfe f\u00fcr Taschen an Westen, G\u00fcrteln oder Trinkrucks\u00e4cken. Das weiche Material passt in jede Tasche und l\u00e4sst sich bequem<\/p>\n","protected":false},"featured_media":94958,"template":"","meta":{"_seopress_robots_primary_cat":"","_seopress_titles_title":"","_seopress_titles_desc":"","_seopress_robots_index":""},"product_brand":[3419],"product_cat":[33,211],"product_tag":[],"class_list":{"0":"post-477505","1":"product","2":"type-product","3":"status-publish","4":"has-post-thumbnail","6":"product_brand-la-sportiva","7":"product_cat-attrezzature","8":"product_cat-attrezzatura-per-il-tempo-libero","10":"first","11":"instock","12":"shipping-taxable","13":"purchasable","14":"product-type-simple"},"_links":{"self":[{"href":"https:\/\/lucacastelli.com\/de\/wp-json\/wp\/v2\/product\/477505","targetHints":{"allow":["GET"]}}],"collection":[{"href":"https:\/\/lucacastelli.com\/de\/wp-json\/wp\/v2\/product"}],"about":[{"href":"https:\/\/lucacastelli.com\/de\/wp-json\/wp\/v2\/types\/product"}],"wp:featuredmedia":[{"embeddable":true,"href":"https:\/\/lucacastelli.com\/de\/wp-json\/wp\/v2\/media\/94958"}],"wp:attachment":[{"href":"https:\/\/lucacastelli.com\/de\/wp-json\/wp\/v2\/media?parent=477505"}],"wp:term":[{"taxonomy":"product_brand","embeddable":true,"href":"https:\/\/lucacastelli.com\/de\/wp-json\/wp\/v2\/product_brand?post=477505"},{"taxonomy":"product_cat","embeddable":true,"href":"https:\/\/lucacastelli.com\/de\/wp-json\/wp\/v2\/product_cat?post=477505"},{"taxonomy":"product_tag","embeddable":true,"href":"https:\/\/lucacastelli.com\/de\/wp-json\/wp\/v2\/product_tag?post=477505"}],"curies":[{"name":"wp","href":"https:\/\/api.w.org\/{rel}","templated":true}]}}