{"id":477490,"date":"2024-08-29T17:04:49","date_gmt":"2024-08-29T15:04:49","guid":{"rendered":"https:\/\/lucacastelli.com\/prodotto\/la-sportiva-bushido-iii-gtx\/"},"modified":"2025-10-19T19:47:37","modified_gmt":"2025-10-19T17:47:37","slug":"la-sportiva-bushido-iii-gtx","status":"publish","type":"product","link":"https:\/\/lucacastelli.com\/de\/produkt\/la-sportiva-bushido-iii-gtx\/","title":{"rendered":"LA SPORTIVA Bushido III GTX"},"content":{"rendered":"<p>Bushido III GTX, Schuhe f\u00fcr die Welt der Skyraces, stabil und haftend, jetzt auch mit GORE-TEX Invisible Fit, um Schutz und Flexibilit\u00e4t unter allen Bedingungen zu gew\u00e4hrleisten. Es stehen zwei Passformoptionen zur Verf\u00fcgung, darunter die klassische Bushido-Form, umh\u00fcllend und pr\u00e4zise, und eine weitere WIDE-Version: das gleiche Griffgef\u00fchl, aber mit einer etwas breiteren Gr\u00f6\u00dfe. <\/p>\n<p>Neue Wide-Fit-Option<br \/>\n+ Seitenteile f\u00fcr mehr Atmungsaktivit\u00e4t<br \/>\n+ Obermaterial mit Innenstruktur zum Hineinschl\u00fcpfen: schmiegt sich wie eine Socke an den Fu\u00df, ohne ihn einzuengen oder Druckpunkte<br \/>\n zu belasten+ Das Gef\u00fchl des Bodenkontakts ist garantiert, zusammen mit Stabilit\u00e4t und Pr\u00e4zision.<br \/>\n+ PFC-freie<br \/>\n GORE-TEX Invisible Fit ePE-Membran + FriXion\u00ae Red Bi-Compound-Sohle mit verschiedenen Kontaktfl\u00e4chen, um maximalen Grip auf jedem Gel\u00e4nde zu gew\u00e4hrleisten.<\/p>\n<p>TECHNISCHE INFORMATIONEN  <\/p>\n<p>Obermaterial: Atmungsaktives Mesh + thermoklebende TPU-Verst\u00e4rkungen<br \/>\n+ Seitenteile aus Single-Crer-Nylon<br \/>\nFutter: GORE-TEX Invisible Fit<br \/>\nZwischensohle: Kompressions-EVA + Stability<br \/>\nControl-Einsatz und Rock Guard-Einsatz<br \/>\nEinlegesohle: Ortholite\u00ae Hybrid Mountain Running<br \/>\nErgonomisch 4 mm<br \/>\nSohle: FriXion\u00ae Red Bi-Compound mit IBS-Seitenstollen<\/p>\n","protected":false},"excerpt":{"rendered":"<p>Bushido III GTX, Schuhe f\u00fcr die Welt der Skyraces, stabil und haftend, jetzt auch mit GORE-TEX Invisible Fit, um Schutz<\/p>\n","protected":false},"featured_media":102167,"template":"","meta":{"_seopress_robots_primary_cat":"","_seopress_titles_title":"","_seopress_titles_desc":"","_seopress_robots_index":""},"product_brand":[3649],"product_cat":[1419,1431,175],"product_tag":[],"class_list":{"0":"post-477490","1":"product","2":"type-product","3":"status-publish","4":"has-post-thumbnail","6":"product_brand-la-sportiva-de","7":"product_cat-freizeitschuhe","8":"product_cat-herrenschuhe","9":"product_cat-schuhe","10":"sws-gruppo-no-gruppo","11":"sws-categoria-sito","12":"sws-gruppo-iva-iva81","14":"first","15":"instock","16":"shipping-taxable","17":"purchasable","18":"product-type-variable"},"_links":{"self":[{"href":"https:\/\/lucacastelli.com\/de\/wp-json\/wp\/v2\/product\/477490","targetHints":{"allow":["GET"]}}],"collection":[{"href":"https:\/\/lucacastelli.com\/de\/wp-json\/wp\/v2\/product"}],"about":[{"href":"https:\/\/lucacastelli.com\/de\/wp-json\/wp\/v2\/types\/product"}],"wp:featuredmedia":[{"embeddable":true,"href":"https:\/\/lucacastelli.com\/de\/wp-json\/wp\/v2\/media\/102167"}],"wp:attachment":[{"href":"https:\/\/lucacastelli.com\/de\/wp-json\/wp\/v2\/media?parent=477490"}],"wp:term":[{"taxonomy":"product_brand","embeddable":true,"href":"https:\/\/lucacastelli.com\/de\/wp-json\/wp\/v2\/product_brand?post=477490"},{"taxonomy":"product_cat","embeddable":true,"href":"https:\/\/lucacastelli.com\/de\/wp-json\/wp\/v2\/product_cat?post=477490"},{"taxonomy":"product_tag","embeddable":true,"href":"https:\/\/lucacastelli.com\/de\/wp-json\/wp\/v2\/product_tag?post=477490"}],"curies":[{"name":"wp","href":"https:\/\/api.w.org\/{rel}","templated":true}]}}