{"id":477461,"date":"2024-08-30T06:03:59","date_gmt":"2024-08-30T04:03:59","guid":{"rendered":"https:\/\/lucacastelli.com\/prodotto\/la-sportiva-trail-weste-5l-gelb-schwarz\/"},"modified":"2024-08-30T06:03:59","modified_gmt":"2024-08-30T04:03:59","slug":"la-sportiva-trail-weste-5l-gelb-schwarz","status":"publish","type":"product","link":"https:\/\/lucacastelli.com\/de\/produkt\/la-sportiva-trail-weste-5l-gelb-schwarz\/","title":{"rendered":"LA SPORTIVA Trail Weste 5L &#8211; Gelb\/Schwarz"},"content":{"rendered":"<p>Genie\u00dfe minimalistischen Komfort mit der neuen Trail Vest 5L. Mit hervorragender Speicherkapazit\u00e4t bei gleichzeitigem Gewicht und Atmungsaktivit\u00e4t ist es ideal f\u00fcr ein schnelles Training oder einen Marathon auf Ihrem Lieblings-Naturtrail. Entwickelt und getestet mit unseren Top-Athleten f\u00fcr verbesserte Zuverl\u00e4ssigkeit und Funktionalit\u00e4t.<br \/>\nWeiche, leichte und atmungsaktive Materialien f\u00fcr absoluten Komfort beim Laufen.<br \/>\nElastische Fronttaschen mit Schnellzugriff + 2 Rei\u00dfverschlusstaschen<br \/>\n2 vordere Soft Flask-Taschen mit elastischer Kordel und 2 Soft Flask-Flaschen (500 ml) im Lieferumfang enthalten<br \/>\nQuiverLoops-System f\u00fcr schnellen und stabilen Stangenzugriff<br \/>\nWeiche Innenpolsterung f\u00fcr mehr Komfort und weniger Reibung an den Rippen<br \/>\nHookLoop-Verschlusssystem mit Bungee-Seil f\u00fcr mehr Flexibilit\u00e4t bei der Befestigung<br \/>\nMesh-R\u00fcckenteil f\u00fcr zus\u00e4tzliche Atmungsaktivit\u00e4t<br \/>\nHorizontaler R\u00fcckenraum f\u00fcr schnellen Zugriff und Aufbewahrung von Stangen<br \/>\nPfeifen<br \/>\nReflektierende Details f\u00fcr bessere Sichtbarkeit bei schlechten Lichtverh\u00e4ltnissen<\/p>\n","protected":false},"excerpt":{"rendered":"<p>Genie\u00dfe minimalistischen Komfort mit der neuen Trail Vest 5L. Mit hervorragender Speicherkapazit\u00e4t bei gleichzeitigem Gewicht und Atmungsaktivit\u00e4t ist es ideal<\/p>\n","protected":false},"featured_media":99277,"template":"","meta":{"_seopress_robots_primary_cat":"","_seopress_titles_title":"","_seopress_titles_desc":"","_seopress_robots_index":""},"product_brand":[3419],"product_cat":[21,189,200,190],"product_tag":[],"class_list":{"0":"post-477461","1":"product","2":"type-product","3":"status-publish","4":"has-post-thumbnail","6":"product_brand-la-sportiva","7":"product_cat-abbigliamento","8":"product_cat-abbigliamento-per-il-tempo-libero","9":"product_cat-abbigliamento-da-donna","10":"product_cat-abbigliamento-da-uomo","12":"first","13":"instock","14":"shipping-taxable","15":"purchasable","16":"product-type-simple"},"_links":{"self":[{"href":"https:\/\/lucacastelli.com\/de\/wp-json\/wp\/v2\/product\/477461","targetHints":{"allow":["GET"]}}],"collection":[{"href":"https:\/\/lucacastelli.com\/de\/wp-json\/wp\/v2\/product"}],"about":[{"href":"https:\/\/lucacastelli.com\/de\/wp-json\/wp\/v2\/types\/product"}],"wp:featuredmedia":[{"embeddable":true,"href":"https:\/\/lucacastelli.com\/de\/wp-json\/wp\/v2\/media\/99277"}],"wp:attachment":[{"href":"https:\/\/lucacastelli.com\/de\/wp-json\/wp\/v2\/media?parent=477461"}],"wp:term":[{"taxonomy":"product_brand","embeddable":true,"href":"https:\/\/lucacastelli.com\/de\/wp-json\/wp\/v2\/product_brand?post=477461"},{"taxonomy":"product_cat","embeddable":true,"href":"https:\/\/lucacastelli.com\/de\/wp-json\/wp\/v2\/product_cat?post=477461"},{"taxonomy":"product_tag","embeddable":true,"href":"https:\/\/lucacastelli.com\/de\/wp-json\/wp\/v2\/product_tag?post=477461"}],"curies":[{"name":"wp","href":"https:\/\/api.w.org\/{rel}","templated":true}]}}