{"id":477435,"date":"2024-08-29T16:20:35","date_gmt":"2024-08-29T14:20:35","guid":{"rendered":"https:\/\/lucacastelli.com\/prodotto\/la-sportiva-tx4-evo-frau-gtx\/"},"modified":"2024-08-29T16:20:35","modified_gmt":"2024-08-29T14:20:35","slug":"la-sportiva-tx4-evo-frau-gtx","status":"publish","type":"product","link":"https:\/\/lucacastelli.com\/de\/produkt\/la-sportiva-tx4-evo-frau-gtx\/","title":{"rendered":"LA Sportiva TX4 Evo Frau GTX"},"content":{"rendered":"<p>Der TX4 Evo Woman GTX ist ein Lederschuh mit einer wasserdichten GORE-TEX-Membran, der entwickelt wurde, um auch in unebenem Gel\u00e4nde maximale Stabilit\u00e4t und Halt zu gew\u00e4hrleisten. Ideal f\u00fcr technische Zustiege und leichte Kletterpassagen, bietet es dank der Obermaterialien und des gro\u00dfen Innenvolumens einen unvergleichlichen Komfort. Die GORE-TEX Extended Comfort Membran garantiert die Wasserdichtigkeit und Atmungsaktivit\u00e4t des Schuhs auch bei l\u00e4ngerem Gebrauch. Das Profil mit Vibram\u00ae MegaGrip Mischung und den patentierten Impact Brake System\u2122 Stollen erm\u00f6glicht maximale Stabilit\u00e4t bergab und perfekte Traktionskontrolle bergauf. Die gro\u00dfe Climbing Zone im Zehenbereich garantiert Pr\u00e4zision und guten Grip bergauf und in schwierigen Passagen, w\u00e4hrend die spezielle Zwischensohle mit patentierter Resole Platform-Einlage\u2122 eine Neubesohlung des TX4 Evo erm\u00f6glicht, ohne seine technischen und komfortablen Eigenschaften zu beeintr\u00e4chtigen. Die Wiederaufbereitung von Schuhen bedeutet, ihren Lebenszyklus zu verl\u00e4ngern und damit Abfall zu vermeiden.    <\/p>\n<p>Technische<br \/>\nDaten Patente:<br \/>\nResole Platform\u2122 &#8211; Impact Brake System<br \/>\n\u2122Sohle:<br \/>\nVibram\u00ae MegaGrip mit IBS<br \/>\nZwischensohle:<br \/>\nFormgepresstes<br \/>\nEVA Fu\u00dfbett:<br \/>\nOrtholite\u00ae Hybrid Approach 4 mm<br \/>\nFutter:<br \/>\nGORE-TEX Extended Comfort<br \/>\nObermaterial:<br \/>\nWildleder + sch\u00fctzendes Gummiband und Zehenkappe<\/p>\n","protected":false},"excerpt":{"rendered":"<p>Der TX4 Evo Woman GTX ist ein Lederschuh mit einer wasserdichten GORE-TEX-Membran, der entwickelt wurde, um auch in unebenem Gel\u00e4nde<\/p>\n","protected":false},"featured_media":102150,"template":"","meta":{"_seopress_robots_primary_cat":"","_seopress_titles_title":"","_seopress_titles_desc":"","_seopress_robots_index":""},"product_brand":[3649],"product_cat":[1430,1419,175],"product_tag":[],"class_list":{"0":"post-477435","1":"product","2":"type-product","3":"status-publish","4":"has-post-thumbnail","6":"product_brand-la-sportiva-de","7":"product_cat-damen-schuhe","8":"product_cat-freizeitschuhe","9":"product_cat-schuhe","10":"sws-gruppo-no-gruppo","11":"sws-categoria-sito","12":"sws-gruppo-iva-iva81","14":"first","15":"instock","16":"shipping-taxable","17":"purchasable","18":"product-type-variable"},"_links":{"self":[{"href":"https:\/\/lucacastelli.com\/de\/wp-json\/wp\/v2\/product\/477435","targetHints":{"allow":["GET"]}}],"collection":[{"href":"https:\/\/lucacastelli.com\/de\/wp-json\/wp\/v2\/product"}],"about":[{"href":"https:\/\/lucacastelli.com\/de\/wp-json\/wp\/v2\/types\/product"}],"wp:featuredmedia":[{"embeddable":true,"href":"https:\/\/lucacastelli.com\/de\/wp-json\/wp\/v2\/media\/102150"}],"wp:attachment":[{"href":"https:\/\/lucacastelli.com\/de\/wp-json\/wp\/v2\/media?parent=477435"}],"wp:term":[{"taxonomy":"product_brand","embeddable":true,"href":"https:\/\/lucacastelli.com\/de\/wp-json\/wp\/v2\/product_brand?post=477435"},{"taxonomy":"product_cat","embeddable":true,"href":"https:\/\/lucacastelli.com\/de\/wp-json\/wp\/v2\/product_cat?post=477435"},{"taxonomy":"product_tag","embeddable":true,"href":"https:\/\/lucacastelli.com\/de\/wp-json\/wp\/v2\/product_tag?post=477435"}],"curies":[{"name":"wp","href":"https:\/\/api.w.org\/{rel}","templated":true}]}}