{"id":477255,"date":"2024-08-12T16:47:25","date_gmt":"2024-08-12T14:47:25","guid":{"rendered":"https:\/\/lucacastelli.com\/?post_type=product&#038;p=477255"},"modified":"2026-04-14T03:12:49","modified_gmt":"2026-04-14T01:12:49","slug":"la-sportiva-akyra-gtx","status":"publish","type":"product","link":"https:\/\/lucacastelli.com\/de\/produkt\/la-sportiva-akyra-gtx\/","title":{"rendered":"LA SPORTIVA Akyra GTX"},"content":{"rendered":"<p>Akyra ist der strukturierte und sch\u00fctzende Mountainrunning-Schuh, der sich f\u00fcr Endurance-Strecken wie Ultra Trails und Ultra Marathons eignet. Er ist besonders umschlie\u00dfend, komfortabel und sch\u00fctzend \u2013 ein Trail-Schuh, der f\u00fcr den l\u00e4ngeren Einsatz in Offroad-Gel\u00e4nde konzipiert wurde. <\/p>\n<p>Er verf\u00fcgt \u00fcber ein sehr umschlie\u00dfendes, komfortables Obermaterial, das in drei Schichten aufgebaut ist, die von innen nach au\u00dfen Folgendes bieten: Komfort durch die nahtlose Konstruktion; Flexibilit\u00e4t und Struktur dank der innovativen MicroLite Skeleton\u2122-Applikation, die der Fu\u00dfbewegung beim Laufen dynamisch folgt; Schutz durch die strukturellen Flex-Guard\u2122-Eins\u00e4tze aus Mikrofaser, die den Schuh leicht halten und gleichzeitig eine Barriere gegen Abrieb durch Felsen und Wurzeln bilden. Die au\u00dfergew\u00f6hnliche Stabilit\u00e4t wird durch die TrailCage System\u2122-Technologie gew\u00e4hrleistet, die zwischen den beiden Schichten des Obermaterials platziert ist, Struktur sowie Halt gibt und in das Schn\u00fcrsystem integriert ist. Die von der Forschungs- und Entwicklungsabteilung von La Sportiva entwickelte Sohle ist mit dem neuen griffigen FriXion XT-Profil mit Impact Brake System und exklusivem Design mit Trail Rocker-Technologie ausgestattet, die das nat\u00fcrliche Abrollen des Fu\u00dfes von der \u201eAu\u00dfenferse zur Innenzehe\u201c beim Laufen unterst\u00fctzt. D\u00e4mpfung, Schutz und Komfort \u2013 drei Seiten einer perfekten Geometrie: das Origami, von dem das allgemeine Design des Schuhs inspiriert ist. Mit Akyra wird Laufen zur Kunst.   <\/p>\n<p>Futter:<br \/>\nRutschfestes Mesh<\/p>\n<p>Obermaterial:<br \/>\nInnenseite aus AirMesh Ultra-Comfort + thermoverklebte Mikrofaser-Applikation aus TPU MicroLite Skeleton\u2122 + atmungsaktives Engineered Mesh au\u00dfen mit Flex-Guard\u2122-Eins\u00e4tzen aus Mikrofaser<\/p>\n<p>Zwischensohle:<br \/>\nEingespritztes EVA<\/p>\n<p>Einlegesohle:<br \/>\nOrtholite Mountain Running<\/p>\n<p>Sohle:<br \/>\nGriffige FriXion XT-Gummimischung<\/p>\n<p>Sprengung:<br \/>\n9 mm<\/p>\n<p>Gr\u00f6\u00dfen:<br \/>\n38 \u2013 47,5 (inklusive halbe Gr\u00f6\u00dfen)<\/p>\n<p>Gewicht:<br \/>\n380 g (halbes Paar)<\/p>\n","protected":false},"excerpt":{"rendered":"<p>Akyra ist der strukturierte und sch\u00fctzende Mountainrunning-Schuh, der sich f\u00fcr Endurance-Strecken wie Ultra Trails und Ultra Marathons eignet. Er ist<\/p>\n","protected":false},"featured_media":102049,"template":"","meta":{"_seopress_robots_primary_cat":"none","_seopress_titles_title":"","_seopress_titles_desc":"","_seopress_robots_index":""},"product_brand":[3649],"product_cat":[175,1419,1431],"product_tag":[],"class_list":{"0":"post-477255","1":"product","2":"type-product","3":"status-publish","4":"has-post-thumbnail","6":"product_brand-la-sportiva-de","7":"product_cat-schuhe","8":"product_cat-freizeitschuhe","9":"product_cat-herrenschuhe","10":"sws-gruppo-abb-libero-de","11":"sws-conto-ricavi-merci-rivendita-abbigliamento-de","12":"sws-gruppo-iva-iva81-de","14":"first","15":"instock","16":"shipping-taxable","17":"purchasable","18":"product-type-variable"},"_links":{"self":[{"href":"https:\/\/lucacastelli.com\/de\/wp-json\/wp\/v2\/product\/477255","targetHints":{"allow":["GET"]}}],"collection":[{"href":"https:\/\/lucacastelli.com\/de\/wp-json\/wp\/v2\/product"}],"about":[{"href":"https:\/\/lucacastelli.com\/de\/wp-json\/wp\/v2\/types\/product"}],"wp:featuredmedia":[{"embeddable":true,"href":"https:\/\/lucacastelli.com\/de\/wp-json\/wp\/v2\/media\/102049"}],"wp:attachment":[{"href":"https:\/\/lucacastelli.com\/de\/wp-json\/wp\/v2\/media?parent=477255"}],"wp:term":[{"taxonomy":"product_brand","embeddable":true,"href":"https:\/\/lucacastelli.com\/de\/wp-json\/wp\/v2\/product_brand?post=477255"},{"taxonomy":"product_cat","embeddable":true,"href":"https:\/\/lucacastelli.com\/de\/wp-json\/wp\/v2\/product_cat?post=477255"},{"taxonomy":"product_tag","embeddable":true,"href":"https:\/\/lucacastelli.com\/de\/wp-json\/wp\/v2\/product_tag?post=477255"}],"curies":[{"name":"wp","href":"https:\/\/api.w.org\/{rel}","templated":true}]}}