{"id":477178,"date":"2024-08-12T16:44:19","date_gmt":"2024-08-12T14:44:19","guid":{"rendered":"https:\/\/lucacastelli.com\/?post_type=product&#038;p=477178"},"modified":"2025-07-29T09:08:24","modified_gmt":"2025-07-29T07:08:24","slug":"la-sportiva-akyra-damen-gtx","status":"publish","type":"product","link":"https:\/\/lucacastelli.com\/de\/produkt\/la-sportiva-akyra-damen-gtx\/","title":{"rendered":"LA SPORTIVA Akyra Damen GTX"},"content":{"rendered":"<p>Wasserdichte Schuhe mit Gore-Tex-Membran, die speziell f\u00fcr das Laufen im Winter geeignet sind. Strukturiert und sch\u00fctzend eignet es sich f\u00fcr Ultra Trails, Ultra Marathons und ausgedehnte Trainingseinheiten in den Wintermonaten. Akyra GTX ist besonders umh\u00fcllend, bequem und atmungsaktiv.  <\/p>\n<p>Akyra ist ein wasserdichter Schuh mit Gore-Tex-Membran, der speziell f\u00fcr das Trailrunning im Winter entwickelt wurde. Strukturiert und sch\u00fctzend eignet es sich f\u00fcr Ultra Trails, Ultra Marathons und ausgedehnte Trainingseinheiten in den Wintermonaten. Besonders umh\u00fcllend, bequem und sch\u00fctzend, ist es ein Trail-Schuh, der f\u00fcr den l\u00e4ngeren Einsatz im Gel\u00e4nde entwickelt wurde. Er verf\u00fcgt \u00fcber ein sehr umh\u00fcllendes, wasserabweisendes und Anti-Drag-Mesh-Obermaterial, das in 3 Schichten strukturiert ist, die von innen nach au\u00dfen nachgeben: Komfort dank der nahtlosen Konstruktion, Flexibilit\u00e4t und Struktur dank der innovativen MicroLite Skeleton-Anwendung\u2122, die der Bewegung des Fu\u00dfes w\u00e4hrend des Laufens dynamisch folgt, Schutz dank der Flex-Guard-Strukturanwendungen\u2122, die den Schuh leicht halten, aber gleichzeitig eine Barriere gegen Risse bieten. Absch\u00fcrfungen durch Laufen zwischen Steinen und Wurzeln m\u00f6glich. Die au\u00dfergew\u00f6hnliche Stabilit\u00e4t wird durch die TrailCage System-Technologie\u2122 gew\u00e4hrleistet, die zwischen den beiden Schichten des Obermaterials platziert ist und durch die Integration in das Schn\u00fcrsystem Struktur und Umh\u00fcllung verleiht. Die von der Forschungs- und Entwicklungsabteilung von La Sportiva entwickelte Sohle ist mit dem neuen griffigen FriXion XT-Profil mit Impact Brake System und exklusivem Design mit Trail Rocker-Technologie ausgestattet, das die nat\u00fcrliche Unterst\u00fctzung des Fu\u00dfes w\u00e4hrend des Laufs &#8220;\u00e4u\u00dfere Ferse-innere Spitze&#8221; beg\u00fcnstigt. D\u00e4mpfung, Schutz und Komfort, 3 Seiten einer perfekten Geometrie: Origami, das das Gesamtdesign des Schuhs inspiriert hat. Mit Akyra wird das Laufen im Winter zur Kunst.      <\/p>\n<p>Obermaterial:<br \/>\n AirMesh Ultra-Comfort-Innenseite + MicroLite Skeleton\u2122 TPU thermoklebende Mikrofaserapplikation + wasserabweisendes und abriebfestes Single-Mesh mit Flex-Guard-Transplantaten\u2122<\/p>\n<p>Futter:<br \/>\n Gore-Tex Extended Comfort<\/p>\n<p>Zwischensohle:<br \/>\n MEMlex EVA spritzgegossen<\/p>\n<p>Fu\u00dfbett:<br \/>\n Ortholite Mountain Running<\/p>\n<p>Au\u00dfensohle:<br \/>\n Griffige FriXion XT-Mischung<\/p>\n<p>Tropfen:<br \/>\n 9 mm<\/p>\n<p>Gr\u00f6\u00dfen:<br \/>\n36 &#8211; 43 (auch halbe Gr\u00f6\u00dfen)<\/p>\n<p>Gewicht:<br \/>\n 320 g halbes Paar<\/p>\n","protected":false},"excerpt":{"rendered":"<p>Wasserdichte Schuhe mit Gore-Tex-Membran, die speziell f\u00fcr das Laufen im Winter geeignet sind. Strukturiert und sch\u00fctzend eignet es sich f\u00fcr<\/p>\n","protected":false},"featured_media":102036,"template":"","meta":{"_seopress_robots_primary_cat":"","_seopress_titles_title":"","_seopress_titles_desc":"","_seopress_robots_index":""},"product_brand":[3649],"product_cat":[1430,1419,175],"product_tag":[],"class_list":{"0":"post-477178","1":"product","2":"type-product","3":"status-publish","4":"has-post-thumbnail","6":"product_brand-la-sportiva-de","7":"product_cat-damen-schuhe","8":"product_cat-freizeitschuhe","9":"product_cat-schuhe","10":"sws-gruppo-abb-libero-de","11":"sws-conto-ricavi-merci-rivendita-abbigliamento-de","12":"sws-gruppo-iva-iva81-de","14":"first","15":"instock","16":"shipping-taxable","17":"purchasable","18":"product-type-variable"},"_links":{"self":[{"href":"https:\/\/lucacastelli.com\/de\/wp-json\/wp\/v2\/product\/477178","targetHints":{"allow":["GET"]}}],"collection":[{"href":"https:\/\/lucacastelli.com\/de\/wp-json\/wp\/v2\/product"}],"about":[{"href":"https:\/\/lucacastelli.com\/de\/wp-json\/wp\/v2\/types\/product"}],"wp:featuredmedia":[{"embeddable":true,"href":"https:\/\/lucacastelli.com\/de\/wp-json\/wp\/v2\/media\/102036"}],"wp:attachment":[{"href":"https:\/\/lucacastelli.com\/de\/wp-json\/wp\/v2\/media?parent=477178"}],"wp:term":[{"taxonomy":"product_brand","embeddable":true,"href":"https:\/\/lucacastelli.com\/de\/wp-json\/wp\/v2\/product_brand?post=477178"},{"taxonomy":"product_cat","embeddable":true,"href":"https:\/\/lucacastelli.com\/de\/wp-json\/wp\/v2\/product_cat?post=477178"},{"taxonomy":"product_tag","embeddable":true,"href":"https:\/\/lucacastelli.com\/de\/wp-json\/wp\/v2\/product_tag?post=477178"}],"curies":[{"name":"wp","href":"https:\/\/api.w.org\/{rel}","templated":true}]}}