{"id":477139,"date":"2024-08-12T16:45:11","date_gmt":"2024-08-12T14:45:11","guid":{"rendered":"https:\/\/lucacastelli.com\/prodotto\/la-sportiva-akyra-damen\/"},"modified":"2024-08-12T16:45:11","modified_gmt":"2024-08-12T14:45:11","slug":"la-sportiva-akyra-damen","status":"publish","type":"product","link":"https:\/\/lucacastelli.com\/de\/produkt\/la-sportiva-akyra-damen\/","title":{"rendered":"LA SPORTIVA Akyra Damen"},"content":{"rendered":"<p>Strukturierter und sch\u00fctzender Berglaufschuh, der f\u00fcr Ausdauerstrecken wie Ultra Trails und Ultra Marathons geeignet ist. Akyra ist besonders umh\u00fcllend, komfortabel und flexibel und f\u00fcr den l\u00e4ngeren Einsatz auf dem Trail konzipiert. <\/p>\n<p>Er verf\u00fcgt \u00fcber ein sehr umh\u00fcllendes, komfortables Obermaterial, das auf 3 Schichten aufgebaut ist, die von innen nach au\u00dfen nachgeben: Komfort dank der nahtlosen Konstruktion, Flexibilit\u00e4t und Struktur dank der innovativen MicroLite Skeleton-Anwendung\u2122, die der Bewegung des Fu\u00dfes w\u00e4hrend des Laufens dynamisch folgt, Schutz dank der Flex-Guard-Strukturapplikationen\u2122 aus Mikrofaser, die den Schuh leicht halten, aber gleichzeitig eine Barriere gegen m\u00f6gliche Absch\u00fcrfungen bieten Laufen zwischen Felsen und Wurzeln. Die au\u00dfergew\u00f6hnliche Stabilit\u00e4t wird durch die TrailCage System-Technologie\u2122 gew\u00e4hrleistet, die zwischen den beiden Schichten des Obermaterials platziert ist und durch die Integration in das Schn\u00fcrsystem Struktur und Umh\u00fcllung verleiht. Die von der Forschungs- und Entwicklungsabteilung von La Sportiva entwickelte Sohle ist mit dem neuen griffigen FriXion XT-Profil mit Impact Brake System und exklusivem Design mit Trail Rocker-Technologie ausgestattet, das die nat\u00fcrliche Unterst\u00fctzung des Fu\u00dfes w\u00e4hrend des Laufs &#8220;\u00e4u\u00dfere Ferse-innere Spitze&#8221; beg\u00fcnstigt. D\u00e4mpfung, Schutz und Komfort, 3 Seiten einer perfekten Geometrie: Origami, das das Gesamtdesign des Schuhs inspiriert hat. Bei Akyra ist Laufen eine Kunst.    <\/p>\n<p>Technische Info<br \/>\nOberer:<br \/>\nUltra-Comfort AirMesh-Innenseite + MicroLite Skeleton\u2122 TPU thermoklebende Mikrofaser-Applikation + Technisches Mesh, atmungsaktives \u00c4u\u00dferes mit Flex-Guard-Mikrofasertransplantaten\u2122<br \/>\nAuskleidung:<br \/>\nRutschfestes Netz<br \/>\nZwischensohle:<br \/>\nInjektion EVA<br \/>\nPlantar:<br \/>\nOrtholite Berglauf<br \/>\nSeezunge:<br \/>\ndicht schlie\u00dfende Mischung FriXion XT<br \/>\nTropfen:<br \/>\nca. 10 mm<br \/>\nMa\u00dfnahmen:<br \/>\n36 &#8211; 43 (auch halbe Gr\u00f6\u00dfen)<br \/>\nGewicht:<br \/>\n310g halbes Paar<\/p>\n","protected":false},"excerpt":{"rendered":"<p>Strukturierter und sch\u00fctzender Berglaufschuh, der f\u00fcr Ausdauerstrecken wie Ultra Trails und Ultra Marathons geeignet ist. Akyra ist besonders umh\u00fcllend, komfortabel<\/p>\n","protected":false},"featured_media":102038,"template":"","meta":{"_seopress_robots_primary_cat":"","_seopress_titles_title":"","_seopress_titles_desc":"","_seopress_robots_index":""},"product_brand":[3649],"product_cat":[175,1419,1430],"product_tag":[],"class_list":{"0":"post-477139","1":"product","2":"type-product","3":"status-publish","4":"has-post-thumbnail","6":"product_brand-la-sportiva-de","7":"product_cat-schuhe","8":"product_cat-freizeitschuhe","9":"product_cat-damen-schuhe","10":"sws-gruppo-no-gruppo-de","11":"sws-categoria-sito-de","12":"sws-gruppo-iva-iva81-de","14":"first","15":"instock","16":"shipping-taxable","17":"purchasable","18":"product-type-variable"},"_links":{"self":[{"href":"https:\/\/lucacastelli.com\/de\/wp-json\/wp\/v2\/product\/477139","targetHints":{"allow":["GET"]}}],"collection":[{"href":"https:\/\/lucacastelli.com\/de\/wp-json\/wp\/v2\/product"}],"about":[{"href":"https:\/\/lucacastelli.com\/de\/wp-json\/wp\/v2\/types\/product"}],"wp:featuredmedia":[{"embeddable":true,"href":"https:\/\/lucacastelli.com\/de\/wp-json\/wp\/v2\/media\/102038"}],"wp:attachment":[{"href":"https:\/\/lucacastelli.com\/de\/wp-json\/wp\/v2\/media?parent=477139"}],"wp:term":[{"taxonomy":"product_brand","embeddable":true,"href":"https:\/\/lucacastelli.com\/de\/wp-json\/wp\/v2\/product_brand?post=477139"},{"taxonomy":"product_cat","embeddable":true,"href":"https:\/\/lucacastelli.com\/de\/wp-json\/wp\/v2\/product_cat?post=477139"},{"taxonomy":"product_tag","embeddable":true,"href":"https:\/\/lucacastelli.com\/de\/wp-json\/wp\/v2\/product_tag?post=477139"}],"curies":[{"name":"wp","href":"https:\/\/api.w.org\/{rel}","templated":true}]}}