{"id":476879,"date":"2024-08-10T12:17:32","date_gmt":"2024-08-10T10:17:32","guid":{"rendered":"https:\/\/lucacastelli.com\/?post_type=product&#038;p=476879"},"modified":"2026-04-14T03:13:09","modified_gmt":"2026-04-14T01:13:09","slug":"la-sportiva-trango-tower-gtx","status":"publish","type":"product","link":"https:\/\/lucacastelli.com\/de\/produkt\/la-sportiva-trango-tower-gtx\/","title":{"rendered":"LA SPORTIVA Trango Tower Gtx"},"content":{"rendered":"<p>Leichter und moderner Gore-Tex-Bergschuh mit der unverwechselbaren funktionalen \u00c4sthetik der Trango-Serie, konzipiert f\u00fcr alpines Wandern, Klettersteige und Backpacking, auch mit schwerem Gep\u00e4ck.<\/p>\n<p>BESCHREIBUNG:<br \/>\nDas Obermaterial besteht aus exklusivem, hochfestem Gewebe mit Mono-Bava-Verst\u00e4rkungen und der Honey-Comb Guard\u2122 Technologie mit differenzierten abriebfesten Zonen an den am st\u00e4rksten beanspruchten Stellen. Die charakteristische Trango-Linie mit minimierten N\u00e4hten dient der Gewichtsreduzierung, wozu auch die von Vibram gefertigte Laufsohle mit dem exklusiven La Sportiva Cube Design und optimierten St\u00e4rken beitr\u00e4gt. Die Gore-Tex Performance Comfort Membran garantiert Wasserdichtigkeit und Atmungsaktivit\u00e4t, w\u00e4hrend das 3D-Flex System am Kn\u00f6chel eine bessere Kontrolle beim Auftreten erm\u00f6glicht. Die differenzierte Schn\u00fcrung zwischen dem oberen und unteren Teil erlaubt eine perfekte Volumenregulierung f\u00fcr optimalen Tragekomfort. Die Trango-Serie wird laufend durch technisch-\u00e4sthetische Merkmale bereichert, die ihrer Zeit voraus sind.    <\/p>\n<p>Obermaterial:<br \/>\nWasserabweisendes, hochfestes Nylon 6.6 mit Honey-Comb Guard\u2122 Abriebschutzzonen und FlexTec 3<\/p>\n<p>Eins\u00e4tze:<br \/>\nMikrofaser + TPU THIN LAYER<\/p>\n<p>Futter:<br \/>\nGore-Tex Performance Comfort<\/p>\n<p>Brandsohle:<br \/>\n5 mm hochdichtes Nylon mit erh\u00f6hter Dicke im hinteren Anti-Torsions-Bereich<\/p>\n<p>Sohle:<br \/>\nLa Sportiva Cube by Vibram\u00ae mit Impact Brake System Stollen unterschiedlicher Dicke an der Ferse und Climbing-Zone an der Spitze<\/p>\n<p>Gr\u00f6\u00dfen:<br \/>\n38 \u2013 48 einschlie\u00dflich halber Gr\u00f6\u00dfen<\/p>\n<p>Patent:<br \/>\neingetragenes Design<\/p>\n<p>Gewicht:<br \/>\n745 g (halbes Paar, Gr\u00f6\u00dfe 42)<\/p>\n","protected":false},"excerpt":{"rendered":"<p>Leichter und moderner Gore-Tex-Bergschuh mit der unverwechselbaren funktionalen \u00c4sthetik der Trango-Serie, konzipiert f\u00fcr alpines Wandern, Klettersteige und Backpacking, auch mit<\/p>\n","protected":false},"featured_media":101991,"template":"","meta":{"_seopress_robots_primary_cat":"none","_seopress_titles_title":"","_seopress_titles_desc":"","_seopress_robots_index":""},"product_brand":[3649],"product_cat":[175,1419,1431],"product_tag":[],"class_list":{"0":"post-476879","1":"product","2":"type-product","3":"status-publish","4":"has-post-thumbnail","6":"product_brand-la-sportiva-de","7":"product_cat-schuhe","8":"product_cat-freizeitschuhe","9":"product_cat-herrenschuhe","10":"sws-gruppo-abb-libero-de","11":"sws-conto-ricavi-merci-rivendita-abbigliamento-de","12":"sws-gruppo-iva-iva81-de","14":"first","15":"instock","16":"shipping-taxable","17":"purchasable","18":"product-type-variable","19":"has-default-attributes"},"_links":{"self":[{"href":"https:\/\/lucacastelli.com\/de\/wp-json\/wp\/v2\/product\/476879","targetHints":{"allow":["GET"]}}],"collection":[{"href":"https:\/\/lucacastelli.com\/de\/wp-json\/wp\/v2\/product"}],"about":[{"href":"https:\/\/lucacastelli.com\/de\/wp-json\/wp\/v2\/types\/product"}],"wp:featuredmedia":[{"embeddable":true,"href":"https:\/\/lucacastelli.com\/de\/wp-json\/wp\/v2\/media\/101991"}],"wp:attachment":[{"href":"https:\/\/lucacastelli.com\/de\/wp-json\/wp\/v2\/media?parent=476879"}],"wp:term":[{"taxonomy":"product_brand","embeddable":true,"href":"https:\/\/lucacastelli.com\/de\/wp-json\/wp\/v2\/product_brand?post=476879"},{"taxonomy":"product_cat","embeddable":true,"href":"https:\/\/lucacastelli.com\/de\/wp-json\/wp\/v2\/product_cat?post=476879"},{"taxonomy":"product_tag","embeddable":true,"href":"https:\/\/lucacastelli.com\/de\/wp-json\/wp\/v2\/product_tag?post=476879"}],"curies":[{"name":"wp","href":"https:\/\/api.w.org\/{rel}","templated":true}]}}