{"id":476816,"date":"2024-08-09T19:34:21","date_gmt":"2024-08-09T17:34:21","guid":{"rendered":"https:\/\/lucacastelli.com\/prodotto\/la-sportiva-jackal-ii-boa-frau\/"},"modified":"2025-08-21T22:42:26","modified_gmt":"2025-08-21T20:42:26","slug":"la-sportiva-jackal-ii-boa-frau","status":"publish","type":"product","link":"https:\/\/lucacastelli.com\/de\/produkt\/la-sportiva-jackal-ii-boa-frau\/","title":{"rendered":"La Sportiva Jackal II Boa Frau"},"content":{"rendered":"<p>Mountain Running Schuh\u00ae, der auf Leistung \u00fcber ULTRALANGE Distanzen ausgerichtet ist. Sohlenpaket, das mit Jackal II geteilt wird, d\u00e4mpfend und mit Infinitoo-Technologie\u00ae f\u00fcr weniger Energieaufwand ausgestattet. Sch\u00fctzendes Obermaterial mit pr\u00e4ziser und umh\u00fcllender Passform, das auch auf den technischsten Abschnitten eines Ultra-Marathons Stabilit\u00e4t gew\u00e4hrleistet. Doppeltes BOA-Rad\u00ae f\u00fcr eine schnelle und perfekte Lautst\u00e4rkeanpassung auch w\u00e4hrend des Laufens.   <\/p>\n<p>Der La Sportiva Jackal II BOA ist ein Hochleistungs-Berglaufschuh f\u00fcr ultralange Strecken. Es verf\u00fcgt \u00fcber den wissenschaftlich getesteten und bew\u00e4hrten PerformFit\u2122 Wrap und das BOA\u00ae Fit System f\u00fcr eine schnelle und m\u00fchelose Pr\u00e4zisionspassform. Zwei BOA-Drehverschl\u00fcsse\u00ae am sch\u00fctzenden Obermaterial sorgen in Kombination mit einer doppelten 3-lagigen Mikrofaser-Verschlusslasche f\u00fcr eine perfekte Anpassung an jedem Bereich des Fu\u00dfes f\u00fcr maximalen Fersenhalt. Dies erh\u00f6ht die Stabilit\u00e4t und reduziert die Auswirkungen auf den Kontakt auf den technischsten Teilen einer Ultramarathonstrecke.   <\/p>\n<p>Technische Info<br \/>\nAUSKLEIDUNG:<br \/>\nAbriebfestes Mesh aus recyceltem Material<br \/>\nEINLEGESOHLE:<br \/>\nOrtholite\u00ae Hybrid Mountain Running Ergonomisch\u00ae 4 mm<br \/>\nSEEZUNGE:<br \/>\nHervorragender Grip dank der FriXion\u00ae White-Mischung mit seitlichen IBS-Noppen<br \/>\nOBERER:<br \/>\nSandwich-Mesh aus recyceltem Material + thermoklebende TPU-Verst\u00e4rkungen + mehrlagige Mikrofaserklappe + Zunge und Kragen aus Ariaprene<br \/>\nZWISCHENSOHLE:<br \/>\nAus EVA mit Infinitoo\u2122 Technology-Eins\u00e4tzen + hochdichtem EVA-Rock-Shield + zus\u00e4tzlicher interner D\u00e4mpfungsplattformschicht<br \/>\nGEWICHT:<br \/>\n300 gr (1\/2 Paar)<br \/>\nTROPFEN:<br \/>\n7 mm<br \/>\nFERSE:<br \/>\nca. 29 mm<br \/>\nPUNKT:<br \/>\nca. 22 mm<br \/>\nH\u00d6HE DER LUGH:<br \/>\n3,5 mm<\/p>\n","protected":false},"excerpt":{"rendered":"<p>Mountain Running Schuh\u00ae, der auf Leistung \u00fcber ULTRALANGE Distanzen ausgerichtet ist. Sohlenpaket, das mit Jackal II geteilt wird, d\u00e4mpfend und<\/p>\n","protected":false},"featured_media":101972,"template":"","meta":{"_seopress_robots_primary_cat":"","_seopress_titles_title":"","_seopress_titles_desc":"","_seopress_robots_index":""},"product_brand":[3649],"product_cat":[1430,1419,175],"product_tag":[],"class_list":{"0":"post-476816","1":"product","2":"type-product","3":"status-publish","4":"has-post-thumbnail","6":"product_brand-la-sportiva-de","7":"product_cat-damen-schuhe","8":"product_cat-freizeitschuhe","9":"product_cat-schuhe","10":"sws-gruppo-no-gruppo-de","11":"sws-categoria-sito-de","12":"sws-gruppo-iva-iva81-de","14":"first","15":"instock","16":"shipping-taxable","17":"purchasable","18":"product-type-variable"},"_links":{"self":[{"href":"https:\/\/lucacastelli.com\/de\/wp-json\/wp\/v2\/product\/476816","targetHints":{"allow":["GET"]}}],"collection":[{"href":"https:\/\/lucacastelli.com\/de\/wp-json\/wp\/v2\/product"}],"about":[{"href":"https:\/\/lucacastelli.com\/de\/wp-json\/wp\/v2\/types\/product"}],"wp:featuredmedia":[{"embeddable":true,"href":"https:\/\/lucacastelli.com\/de\/wp-json\/wp\/v2\/media\/101972"}],"wp:attachment":[{"href":"https:\/\/lucacastelli.com\/de\/wp-json\/wp\/v2\/media?parent=476816"}],"wp:term":[{"taxonomy":"product_brand","embeddable":true,"href":"https:\/\/lucacastelli.com\/de\/wp-json\/wp\/v2\/product_brand?post=476816"},{"taxonomy":"product_cat","embeddable":true,"href":"https:\/\/lucacastelli.com\/de\/wp-json\/wp\/v2\/product_cat?post=476816"},{"taxonomy":"product_tag","embeddable":true,"href":"https:\/\/lucacastelli.com\/de\/wp-json\/wp\/v2\/product_tag?post=476816"}],"curies":[{"name":"wp","href":"https:\/\/api.w.org\/{rel}","templated":true}]}}